{"id":1643,"date":"2024-02-03T09:29:11","date_gmt":"2024-02-03T09:29:11","guid":{"rendered":"https:\/\/polysmarts.com\/?post_type=product&#038;p=1643"},"modified":"2024-02-03T10:11:41","modified_gmt":"2024-02-03T10:11:41","slug":"schwarzer-strukturierter-gepragter-vakuumbeutel-fur-lebensmittel","status":"publish","type":"product","link":"https:\/\/polysmarts.com\/de\/product\/black-textured-embossed-food-vacuum-bag\/","title":{"rendered":"Schwarzer strukturierter gepr\u00e4gter Vakuumbeutel f\u00fcr Lebensmittel"},"content":{"rendered":"<p>Wir stellen Ihnen unsere erstklassigen strukturierten und gepr\u00e4gten Vakuumierbeutel f\u00fcr Lebensmittel vor, die f\u00fcr eine optimale Frischhaltung und vielseitige Verpackung konzipiert sind. Diese Vakuumierbeutel sind auf Ihre speziellen Anforderungen zugeschnitten und in verschiedenen Gr\u00f6\u00dfen erh\u00e4ltlich, um verschiedene Inhalte unterzubringen und f\u00fcr jeden Einsatzzweck die perfekte Passform zu gew\u00e4hrleisten.<\/p>\n<p>Diese Vakuumbeutel werden mit h\u00f6chster Pr\u00e4zision gefertigt und haben eine Dicke von 60 bis 200 Mikrometern. Sie bieten eine hervorragende Barriere gegen Feuchtigkeit, Sauerstoff und Licht. Die fortschrittliche Konstruktion umfasst eine Au\u00dfenschicht mit Optionen wie BOPP, Matt+OPP, Matt+PET, PET, VMPET und PA, eine Mittelschicht aus PET, VMPET, AL, VMCPP, PA, Papier oder perlmuttfarbenem BOPP und eine Innenschicht aus CPP, VMCPP, RCPP, PE oder milchwei\u00dfem PE.<\/p>\n<p>Unsere Vakuumbeutel sind in verschiedenen Strukturen erh\u00e4ltlich, um unterschiedlichen Verpackungsanforderungen gerecht zu werden, wie z. B. MOPP\/VMPET\/PE, PET\/VMPET\/PE, MOPP\/VMPET\/NY\/PE, PET\/PE, PET\/PA\/PE, PET\/VMPET\/PE, MOPP\/PET\/PE und mehr. Dies gew\u00e4hrleistet die perfekte Kombination f\u00fcr Ihr spezifisches Produkt und garantiert Bruch-, Leck- und Delaminationsfreiheit.<\/p>\n<p>Hauptmerkmale:<\/p>\n<ul>\n<li>Hervorragende Feuchtigkeitsbarriere f\u00fcr anhaltende Frische.<\/li>\n<li>Hohe Sauerstoff- und Lichtbarriere f\u00fcr optimalen Produktschutz.<\/li>\n<li>Gute K\u00e4ltebest\u00e4ndigkeit.<\/li>\n<li>Starke Versiegelungs- und Klebkraft sowie beeindruckende Druckfestigkeit.<\/li>\n<li>Bruch-, Leck- und Delaminationssicherheit f\u00fcr zuverl\u00e4ssige Leistung.<\/li>\n<li>Scharfer und lebendiger Druckeffekt f\u00fcr eine erstklassige Regalpr\u00e4sentation.<\/li>\n<\/ul>\n<p>Diese Vakuumbeutel eignen sich perfekt f\u00fcr eine Vielzahl von Verpackungsanwendungen und verl\u00e4ngern die Haltbarkeit Ihres Produkts, w\u00e4hrend gleichzeitig sein optisches Erscheinungsbild erhalten bleibt. Bei einer Mindestbestellmenge von 1000 St\u00fcck werden unsere Beutel in Standard-Exportkartonverpackung geliefert oder k\u00f6nnen individuell an Ihre spezifischen Verpackungsanforderungen angepasst werden.<\/p>\n<p>Entscheiden Sie sich f\u00fcr Qualit\u00e4t, entscheiden Sie sich f\u00fcr Zuverl\u00e4ssigkeit \u2013 entscheiden Sie sich f\u00fcr unsere strukturierten und gepr\u00e4gten Food Saver-Vakuumbeutel f\u00fcr Verpackungsqualit\u00e4t, die alle Erwartungen \u00fcbertrifft.<\/p>","protected":false},"excerpt":{"rendered":"<table style=\"height: 360px; width: 99.8505%; border-collapse: collapse;\" border=\"2\">\n<tbody>\n<tr style=\"height: 40px;\">\n<td style=\"width: 22.6796%; height: 30px; background-color: #99ccff;\"><span style=\"font-family: arial, helvetica, sans-serif; font-size: 12pt;\"><strong>Dimension &amp; Stil<\/strong><\/span><\/td>\n<td style=\"width: 77.3204%; height: 30px; background-color: #99ccff;\"><span style=\"font-family: arial, helvetica, sans-serif; font-size: 12pt;\">Benutzerdefinierte Formen und Gr\u00f6\u00dfen<\/span><\/td>\n<\/tr>\n<tr style=\"height: 40px;\">\n<td style=\"width: 22.6796%; height: 34px; background-color: #ebebeb;\"><span style=\"font-size: 12pt;\"><strong><span style=\"font-family: arial, helvetica, sans-serif;\">Mindestbestellmenge<\/span><\/strong><\/span><\/td>\n<td style=\"width: 77.3204%; height: 34px; background-color: #ebebeb;\"><span style=\"font-family: arial, helvetica, sans-serif; font-size: 12pt;\">1000 St\u00fcck ohne Anpassung, 10000 St\u00fcck zur Anpassung<\/span><\/td>\n<\/tr>\n<tr style=\"height: 40px; background-color: #99ccff;\">\n<td style=\"width: 22.6796%; height: 24px;\"><span style=\"font-size: 12pt;\"><strong><span style=\"font-family: arial, helvetica, sans-serif;\">Verpackungsart<\/span><\/strong><\/span><\/td>\n<td style=\"width: 77.3204%; height: 24px;\"><span style=\"font-family: arial, helvetica, sans-serif; font-size: 12pt;\">Vakuumbeutel aus Nylon f\u00fcr Lebensmittel\u00a0<\/span><\/td>\n<\/tr>\n<tr style=\"height: 40px; background-color: #ebebeb;\">\n<td style=\"width: 22.6796%; height: 24px;\"><span style=\"font-size: 12pt;\"><strong><span style=\"font-family: arial, helvetica, sans-serif;\">Material<\/span><\/strong><\/span><\/td>\n<td style=\"width: 77.3204%; height: 24px;\"><span style=\"font-family: arial, helvetica, sans-serif; font-size: 12pt;\">Au\u00dfenschicht: BOPP, Matt+OPP, Matt+PET, PET, VMPET, PA. Mittelschicht: PET, VMPET, AL, VMCPP, PA, Papier, perlmuttfarbenes BOPP innen<br \/>\nSchicht: CPP, VMCPP, RCPP, PE, milchwei\u00dfes PE<\/span><\/td>\n<\/tr>\n<tr style=\"height: 40px; background-color: #99ccff;\">\n<td style=\"width: 22.6796%; height: 24px;\"><span style=\"font-size: 12pt;\"><strong><span style=\"font-family: arial, helvetica, sans-serif;\">Fertigstellung<\/span><\/strong><\/span><\/td>\n<td style=\"width: 77.3204%; height: 24px;\"><span style=\"font-family: arial, helvetica, sans-serif; font-size: 12pt;\">Gepr\u00e4gt<\/span><\/td>\n<\/tr>\n<tr style=\"height: 40px; background-color: #ebebeb;\">\n<td style=\"width: 22.6796%; height: 24px;\"><span style=\"font-size: 12pt;\"><strong><span style=\"font-family: arial, helvetica, sans-serif;\">Temperaturbereich<\/span><\/strong><\/span><\/td>\n<td style=\"width: 77.3204%; height: 24px;\"><span style=\"font-family: arial, helvetica, sans-serif; font-size: 12pt;\">-40\u00baC bis 121\u00baC <span style=\"font-size: 12pt;\"><strong><span style=\"font-family: arial, helvetica, sans-serif;\">\u00a0<\/span><\/strong><\/span><\/span><\/td>\n<\/tr>\n<tr style=\"height: 40px; background-color: #99ccff;\">\n<td style=\"width: 22.6796%; height: 24px;\"><span style=\"font-size: 12pt;\"><strong><span style=\"font-family: arial, helvetica, sans-serif;\">Dicke<\/span><\/strong><\/span><\/td>\n<td style=\"width: 77.3204%; height: 24px;\"><span style=\"font-family: arial, helvetica, sans-serif; font-size: 12pt;\">20-300 Mikrometer<\/span><\/td>\n<\/tr>\n<tr style=\"height: 40px; background-color: #ebebeb;\">\n<td style=\"width: 22.6796%; height: 24px;\"><span style=\"font-size: 12pt;\"><strong><span style=\"font-family: arial, helvetica, sans-serif;\">Seitenwechsel<\/span><\/strong><\/span><\/td>\n<td style=\"width: 77.3204%; height: 24px;\"><span style=\"font-family: arial, helvetica, sans-serif; font-size: 12pt;\">7 \u2013 15 Werktage, Eilzustellung<\/span><\/td>\n<\/tr>\n<tr style=\"height: 40px; background-color: #99ccff;\">\n<td style=\"width: 22.6796%; height: 24px;\"><span style=\"font-size: 12pt;\"><strong><span style=\"font-family: arial, helvetica, sans-serif;\">Besonderheit<\/span><\/strong><\/span><\/td>\n<td style=\"width: 77.3204%; height: 24px;\"><span style=\"font-family: arial, helvetica, sans-serif; font-size: 12pt;\"><span style=\"font-family: arial, helvetica, sans-serif; font-size: 12pt;\"><span class=\"magic-21\" style=\"color: #000000;\" data-spm-anchor-id=\"a2700.details.0.i97.68762ee9C6INGa\">\u2022Hervorragende Feuchtigkeitsbarriere, hohe Sauerstoff- und Lichtbarriere, gute Niedertemperaturbest\u00e4ndigkeit.\u00a0<\/span><\/span><\/span><\/p>\n<p><span class=\"magic-21\" style=\"color: #000000;\">\u2022Starke Versiegelungsfestigkeit, Bindungsfestigkeit und ausgezeichnete Druckfestigkeit.<\/span><\/p>\n<div data-spm-anchor-id=\"a2700.pc-decorate.0.i48.6a1533339opQdV\"><span class=\"magic-21\" style=\"color: #000000;\">\u2022 Bruchsicher, leckagefrei, delaminationsfrei.\u00a0<\/span><\/div>\n<div data-spm-anchor-id=\"a2700.pc-decorate.0.i48.6a1533339opQdV\"><span class=\"magic-21\" style=\"color: #000000;\">\u2022 Scharfer und lebendiger Druckeffekt, erstklassige Regalpr\u00e4sentation.<\/span><\/div>\n<div data-spm-anchor-id=\"a2700.pc-decorate.0.i48.6a1533339opQdV\"><span class=\"magic-21\" style=\"color: #000000;\">\u2022Weit verbreitet in der Verpackung.<\/span><\/div>\n<\/td>\n<\/tr>\n<\/tbody>\n<\/table>\n<p>&nbsp;<\/p>","protected":false},"featured_media":1644,"comment_status":"open","ping_status":"closed","template":"","meta":[],"product_brand":[],"product_cat":[26,19],"product_tag":[],"class_list":{"0":"post-1643","1":"product","2":"type-product","3":"status-publish","4":"has-post-thumbnail","6":"product_cat-food-packaging","7":"product_cat-heat-sealing-bag","9":"first","10":"instock","11":"shipping-taxable","12":"product-type-simple"},"_links":{"self":[{"href":"https:\/\/polysmarts.com\/de\/wp-json\/wp\/v2\/product\/1643","targetHints":{"allow":["GET"]}}],"collection":[{"href":"https:\/\/polysmarts.com\/de\/wp-json\/wp\/v2\/product"}],"about":[{"href":"https:\/\/polysmarts.com\/de\/wp-json\/wp\/v2\/types\/product"}],"replies":[{"embeddable":true,"href":"https:\/\/polysmarts.com\/de\/wp-json\/wp\/v2\/comments?post=1643"}],"version-history":[{"count":3,"href":"https:\/\/polysmarts.com\/de\/wp-json\/wp\/v2\/product\/1643\/revisions"}],"predecessor-version":[{"id":1652,"href":"https:\/\/polysmarts.com\/de\/wp-json\/wp\/v2\/product\/1643\/revisions\/1652"}],"wp:featuredmedia":[{"embeddable":true,"href":"https:\/\/polysmarts.com\/de\/wp-json\/wp\/v2\/media\/1644"}],"wp:attachment":[{"href":"https:\/\/polysmarts.com\/de\/wp-json\/wp\/v2\/media?parent=1643"}],"wp:term":[{"taxonomy":"product_brand","embeddable":true,"href":"https:\/\/polysmarts.com\/de\/wp-json\/wp\/v2\/product_brand?post=1643"},{"taxonomy":"product_cat","embeddable":true,"href":"https:\/\/polysmarts.com\/de\/wp-json\/wp\/v2\/product_cat?post=1643"},{"taxonomy":"product_tag","embeddable":true,"href":"https:\/\/polysmarts.com\/de\/wp-json\/wp\/v2\/product_tag?post=1643"}],"curies":[{"name":"wp","href":"https:\/\/api.w.org\/{rel}","templated":true}]}}