{"id":1624,"date":"2024-02-01T09:04:34","date_gmt":"2024-02-01T09:04:34","guid":{"rendered":"https:\/\/polysmarts.com\/?post_type=product&#038;p=1624"},"modified":"2024-02-01T10:32:23","modified_gmt":"2024-02-01T10:32:23","slug":"beutel-mit-flachem-boden-fur-tiernahrung-fur-katzen-und-hunde","status":"publish","type":"product","link":"https:\/\/polysmarts.com\/de\/product\/cat-dog-pet-food-flat-bottom-pouches\/","title":{"rendered":"Beutel mit flachem Boden f\u00fcr Tierfutter f\u00fcr Katzen und Hunde"},"content":{"rendered":"<p class=\"whitespace-pre-wrap\">Tierbesitzer suchen wirksame, n\u00fctzliche Produkte f\u00fcr ihre geliebten pelzigen und gefiederten Freunde. Daher muss die Verpackung von Tierfutter Produktsicherheit, Wohlbefinden und emotionale Bindungen zwischen Haustieren und Besitzern widerspiegeln.<\/p>\n<p class=\"whitespace-pre-wrap\">Bei Polysmarts Packaging bieten wir spezielle Produktionslinien f\u00fcr die Verpackung von Tiernahrung, die f\u00fcr jeden Bedarf ausgestattet sind \u2013 von Probebeuteln bis hin zu 40-Pfund-S\u00e4cken. Unsere Verpackungsoptionen umfassen:<\/p>\n<ul class=\"list-disc pl-8 space-y-2\">\n<li class=\"whitespace-normal\">Beutel mit Quad-Seal-Verschluss \u2013 Unsere Beutel mit vier Eckverschl\u00fcssen halten das Futter ultrafrisch und erm\u00f6glichen den Haustieren gleichzeitig, auch den letzten Bissen davon zu bekommen.<\/li>\n<li class=\"whitespace-normal\">Wiederverschlie\u00dfbare Standbeutel \u2013 Wiederverschlie\u00dfbare Beutel mit Rei\u00dfverschluss stehen aufrecht und erm\u00f6glichen so eine einfache Entnahme und Aufbewahrung, w\u00e4hrend die Frische zwischen den Portionen erhalten bleibt.<\/li>\n<li class=\"whitespace-normal\">Beutel mit flachem Boden \u2013 Mit ihrem flachen Boden und der Vierfachversiegelung bieten diese Beutel maximalen Platz f\u00fcr Tierfutter und bilden gleichzeitig eine luftdichte Barriere, um N\u00e4hrstoffe und Geschmack zu bewahren. Durch den flachen Boden k\u00f6nnen sie leicht aufrecht gelagert werden.<\/li>\n<\/ul>\n<p class=\"whitespace-pre-wrap\">Dank unserer langj\u00e4hrigen Erfahrung im Bereich der Tiernahrungsverpackung verf\u00fcgen wir \u00fcber einzigartige Fachkenntnisse in den Bereichen:<\/p>\n<ul class=\"list-disc pl-8 space-y-2\">\n<li class=\"whitespace-normal\">Lebensmittel frisch halten mit Hochbarriere-Laminierungen<\/li>\n<li class=\"whitespace-normal\">Palettierungsl\u00f6sungen wie Anti-Rutsch-Schutz<\/li>\n<li class=\"whitespace-normal\">Anpassung an einzigartige Produktgr\u00f6\u00dfen und -formate<\/li>\n<\/ul>\n<p class=\"whitespace-pre-wrap\">Als Tierbesitzer wissen wir, dass die Wahl des richtigen Futters f\u00fcr die Gesundheit und das Wohlbefinden Ihres Haustiers entscheidend ist. Unsere Quad-Seal-Beutel mit flachem Boden halten die N\u00e4hrstoffe eingeschlossen und halten die Luft fern \u2013 so wird sichergestellt, dass Ihr pelziger Freund jeden Bissen genauso genie\u00dft wie am ersten Tag. Kontaktieren Sie uns, um Muster zu bestellen oder Ihren Bedarf an Tierfutterverpackungen zu besprechen!<\/p>","protected":false},"excerpt":{"rendered":"<table style=\"height: 360px; width: 99.8505%; border-collapse: collapse;\" border=\"2\">\n<tbody>\n<tr style=\"height: 40px;\">\n<td style=\"width: 22.6796%; height: 30px; background-color: #99ccff;\"><span style=\"font-family: arial, helvetica, sans-serif; font-size: 12pt;\"><strong>Dimension &amp; Stil<\/strong><\/span><\/td>\n<td style=\"width: 77.3204%; height: 30px; background-color: #99ccff;\"><span style=\"font-family: arial, helvetica, sans-serif; font-size: 12pt;\">Benutzerdefinierte Formen und Gr\u00f6\u00dfen<\/span><\/td>\n<\/tr>\n<tr style=\"height: 40px;\">\n<td style=\"width: 22.6796%; height: 34px; background-color: #ebebeb;\"><span style=\"font-size: 12pt;\"><strong><span style=\"font-family: arial, helvetica, sans-serif;\">Mindestbestellmenge<\/span><\/strong><\/span><\/td>\n<td style=\"width: 77.3204%; height: 34px; background-color: #ebebeb;\"><span style=\"font-family: arial, helvetica, sans-serif; font-size: 12pt;\">1000 St\u00fcck ohne Anpassung, 10000 St\u00fcck zur Anpassung<\/span><\/td>\n<\/tr>\n<tr style=\"height: 40px; background-color: #99ccff;\">\n<td style=\"width: 22.6796%; height: 24px;\"><span style=\"font-size: 12pt;\"><strong><span style=\"font-family: arial, helvetica, sans-serif;\">Verpackungsart<\/span><\/strong><\/span><\/td>\n<td style=\"width: 77.3204%; height: 24px;\"><span style=\"font-family: arial, helvetica, sans-serif; font-size: 12pt;\">Beutel mit flachem Boden (Beutel mit flachem Boden f\u00fcr Tiernahrung)<\/span><\/td>\n<\/tr>\n<tr style=\"height: 40px; background-color: #ebebeb;\">\n<td style=\"width: 22.6796%; height: 24px;\"><span style=\"font-size: 12pt;\"><strong><span style=\"font-family: arial, helvetica, sans-serif;\">Drucken<\/span><\/strong><\/span><\/td>\n<td style=\"width: 77.3204%; height: 24px;\"><span style=\"font-family: arial, helvetica, sans-serif; font-size: 12pt;\">Tiefdruck (1 \u2013 10 Farben), Kein Druck (Normal)<\/span><\/td>\n<\/tr>\n<tr style=\"height: 40px; background-color: #99ccff;\">\n<td style=\"width: 22.6796%; height: 24px;\"><span style=\"font-size: 12pt;\"><strong><span style=\"font-family: arial, helvetica, sans-serif;\">Fertigstellung<\/span><\/strong><\/span><\/td>\n<td style=\"width: 77.3204%; height: 24px;\"><span style=\"font-family: arial, helvetica, sans-serif; font-size: 12pt;\">Glanz-\/Matt-Laminierung<\/span><\/td>\n<\/tr>\n<tr style=\"height: 40px; background-color: #ebebeb;\">\n<td style=\"width: 22.6796%; height: 24px;\"><span style=\"font-size: 12pt;\"><strong><span style=\"font-family: arial, helvetica, sans-serif;\">Enthaltene Optionen<\/span><\/strong><\/span><\/td>\n<td style=\"width: 77.3204%; height: 24px;\"><span style=\"font-family: arial, helvetica, sans-serif; font-size: 12pt;\">Stanzen<\/span><\/td>\n<\/tr>\n<tr style=\"height: 40px; background-color: #99ccff;\">\n<td style=\"width: 22.6796%; height: 24px;\"><span style=\"font-size: 12pt;\"><strong><span style=\"font-family: arial, helvetica, sans-serif;\">Nachweisen<\/span><\/strong><\/span><\/td>\n<td style=\"width: 77.3204%; height: 24px;\"><span style=\"font-family: arial, helvetica, sans-serif; font-size: 12pt;\">Geruchsbeweise<\/span><\/td>\n<\/tr>\n<tr style=\"height: 40px; background-color: #ebebeb;\">\n<td style=\"width: 22.6796%; height: 24px;\"><span style=\"font-size: 12pt;\"><strong><span style=\"font-family: arial, helvetica, sans-serif;\">Seitenwechsel<\/span><\/strong><\/span><\/td>\n<td style=\"width: 77.3204%; height: 24px;\"><span style=\"font-family: arial, helvetica, sans-serif; font-size: 12pt;\">7 \u2013 15 Werktage, Eilzustellung<\/span><\/td>\n<\/tr>\n<tr style=\"height: 40px; background-color: #99ccff;\">\n<td style=\"width: 22.6796%; height: 24px;\"><span style=\"font-size: 12pt;\"><strong><span style=\"font-family: arial, helvetica, sans-serif;\">Versand<\/span><\/strong><\/span><\/td>\n<td style=\"width: 77.3204%; height: 24px;\"><span style=\"font-family: arial, helvetica, sans-serif; font-size: 12pt;\">Luft, See, Express<\/span><\/td>\n<\/tr>\n<\/tbody>\n<\/table>\n<p>&nbsp;<\/p>","protected":false},"featured_media":1637,"comment_status":"open","ping_status":"closed","template":"","meta":[],"product_brand":[],"product_cat":[26,18],"product_tag":[],"class_list":{"0":"post-1624","1":"product","2":"type-product","3":"status-publish","4":"has-post-thumbnail","6":"product_cat-food-packaging","7":"product_cat-zipper-bags","9":"first","10":"instock","11":"shipping-taxable","12":"product-type-simple"},"_links":{"self":[{"href":"https:\/\/polysmarts.com\/de\/wp-json\/wp\/v2\/product\/1624","targetHints":{"allow":["GET"]}}],"collection":[{"href":"https:\/\/polysmarts.com\/de\/wp-json\/wp\/v2\/product"}],"about":[{"href":"https:\/\/polysmarts.com\/de\/wp-json\/wp\/v2\/types\/product"}],"replies":[{"embeddable":true,"href":"https:\/\/polysmarts.com\/de\/wp-json\/wp\/v2\/comments?post=1624"}],"version-history":[{"count":1,"href":"https:\/\/polysmarts.com\/de\/wp-json\/wp\/v2\/product\/1624\/revisions"}],"predecessor-version":[{"id":1642,"href":"https:\/\/polysmarts.com\/de\/wp-json\/wp\/v2\/product\/1624\/revisions\/1642"}],"wp:featuredmedia":[{"embeddable":true,"href":"https:\/\/polysmarts.com\/de\/wp-json\/wp\/v2\/media\/1637"}],"wp:attachment":[{"href":"https:\/\/polysmarts.com\/de\/wp-json\/wp\/v2\/media?parent=1624"}],"wp:term":[{"taxonomy":"product_brand","embeddable":true,"href":"https:\/\/polysmarts.com\/de\/wp-json\/wp\/v2\/product_brand?post=1624"},{"taxonomy":"product_cat","embeddable":true,"href":"https:\/\/polysmarts.com\/de\/wp-json\/wp\/v2\/product_cat?post=1624"},{"taxonomy":"product_tag","embeddable":true,"href":"https:\/\/polysmarts.com\/de\/wp-json\/wp\/v2\/product_tag?post=1624"}],"curies":[{"name":"wp","href":"https:\/\/api.w.org\/{rel}","templated":true}]}}