{"id":1596,"date":"2024-01-11T16:00:19","date_gmt":"2024-01-11T16:00:19","guid":{"rendered":"https:\/\/polysmarts.com\/?post_type=product&#038;p=1596"},"modified":"2024-01-11T16:15:58","modified_gmt":"2024-01-11T16:15:58","slug":"bester-lieferant-von-mattierten-reisverschlusstaschen-fur-kleidung","status":"publish","type":"product","link":"https:\/\/polysmarts.com\/de\/product\/best-supplier-frosted-zipper-bags-for-clothes\/","title":{"rendered":"Bester Lieferant von mattierten Rei\u00dfverschlusstaschen f\u00fcr Kleidung"},"content":{"rendered":"<p><strong>Mattierte Rei\u00dfverschlusstaschen f\u00fcr Kleidung \u2013 Hauptmerkmale:<\/strong><\/p>\n<p><strong>1. Pers\u00f6nliche Note:<\/strong> F\u00fcgen Sie Ihren eigenen Text oder Ihr Logo hinzu, um eine unverwechselbare und einpr\u00e4gsame Verpackung f\u00fcr Ihre Kleidungsst\u00fccke zu erstellen. Egal, ob Sie ein Modefan, ein kleines Unternehmen oder eine etablierte Marke sind, mit diesen Taschen hinterlassen Sie einen bleibenden Eindruck.<\/p>\n<p><strong>2. Verpackungsbeutel mit individuellem Logo:<\/strong> Steigern Sie die Pr\u00e4senz Ihrer Marke, indem Sie Ihr Logo auf der Oberfl\u00e4che der Tasche anbringen. Dies ist eine hervorragende M\u00f6glichkeit, den Wiedererkennungswert Ihrer Marke zu steigern und bei Ihren Kunden einen bleibenden Eindruck zu hinterlassen.<\/p>\n<p><strong>3. Langlebig und sicher:<\/strong> Diese aus hochwertigem PE-Material gefertigten Taschen sorgen f\u00fcr Haltbarkeit und Schutz Ihrer Kleidungsst\u00fccke. Die Zip-Lock-Funktion sorgt f\u00fcr zus\u00e4tzliche Sicherheit und sch\u00fctzt Ihre Kleidungsst\u00fccke vor Staub, Feuchtigkeit und anderen Umwelteinfl\u00fcssen.<\/p>\n<p><strong>4. Oberfl\u00e4chenbehandlung \u2013 Offsetdruck:<\/strong> Profitieren Sie von der \u00fcberragenden Qualit\u00e4t des Offsetdrucks und stellen Sie sicher, dass Ihr pers\u00f6nlicher Text, Ihr Logo oder Ihr Design lebendig und professionell auf der Oberfl\u00e4che der Tasche zur Geltung kommt. Das Ergebnis ist ein elegantes und auff\u00e4lliges Erscheinungsbild.<\/p>\n<p><strong>5. Farboptionen:<\/strong> W\u00e4hlen Sie f\u00fcr Ihren Taschen- oder Logodruck aus einer Palette von 10 leuchtenden Farben. Dank dieser Flexibilit\u00e4t k\u00f6nnen Sie Ihre Verpackung an das Farbschema Ihrer Marke anpassen oder optisch ansprechende Kombinationen erstellen, die auffallen.<\/p>\n<p><strong>6. Einstellbare Dicke:<\/strong> Passen Sie die Dicke der Beutel Ihren spezifischen Anforderungen an und w\u00e4hlen Sie einen Wert zwischen 50 und 200 Mikrometer. So stellen Sie sicher, dass Ihre Verpackung nicht nur gut aussieht, sondern auch den erforderlichen Schutz f\u00fcr Ihre Kleidungsst\u00fccke bietet.<\/p>\n<p>Verbessern Sie Ihre Verpackungsleistung mit unseren <strong>Mattierte Rei\u00dfverschlusstaschen f\u00fcr Kleidung<\/strong>. Machen Sie Eindruck, sorgen Sie f\u00fcr Markenbekanntheit und liefern Sie Ihre Kleidungsst\u00fccke mit Stil. Bestellen Sie jetzt und erleben Sie die perfekte Mischung aus Personalisierung, Haltbarkeit und optischer Attraktivit\u00e4t!<\/p>","protected":false},"excerpt":{"rendered":"<table style=\"height: 360px; width: 100.741%; border-collapse: collapse; background-color: #ebebeb;\" border=\"2\">\n<tbody>\n<tr style=\"height: 40px;\">\n<td style=\"width: 22.6796%; height: 30px; background-color: #99ccff;\"><span style=\"font-family: arial, helvetica, sans-serif; font-size: 12pt;\"><strong>Dimension &amp; Stil<\/strong><\/span><\/td>\n<td style=\"width: 78.2121%; height: 30px; background-color: #99ccff;\"><span style=\"font-family: arial, helvetica, sans-serif; font-size: 12pt;\">Benutzerdefinierte Formen und Gr\u00f6\u00dfen<\/span><\/td>\n<\/tr>\n<tr style=\"height: 40px;\">\n<td style=\"width: 22.6796%; height: 34px; background-color: #ebebeb;\"><span style=\"font-size: 12pt;\"><strong><span style=\"font-family: arial, helvetica, sans-serif;\">Mindestbestellmenge<\/span><\/strong><\/span><\/td>\n<td style=\"width: 78.2121%; height: 34px; background-color: #ebebeb;\"><span style=\"font-family: arial, helvetica, sans-serif; font-size: 12pt;\">1000 St\u00fcck ohne Anpassung, 10000 St\u00fcck zur Anpassung<\/span><\/td>\n<\/tr>\n<tr style=\"height: 40px; background-color: #99ccff;\">\n<td style=\"width: 22.6796%; height: 24px;\"><span style=\"font-size: 12pt;\"><strong><span style=\"font-family: arial, helvetica, sans-serif;\">Verpackungsart<\/span><\/strong><\/span><\/td>\n<td style=\"width: 78.2121%; height: 24px;\"><span style=\"font-family: arial, helvetica, sans-serif; font-size: 12pt;\">Mattierte PE-Rei\u00dfverschlussbeutel f\u00fcr Kleiderschieber<\/span><\/td>\n<\/tr>\n<tr style=\"height: 40px; background-color: #ebebeb;\">\n<td style=\"width: 22.6796%; height: 24px;\"><span style=\"font-size: 12pt;\"><strong><span style=\"font-family: arial, helvetica, sans-serif;\">Drucken<\/span><\/strong><\/span><\/td>\n<td style=\"width: 78.2121%; height: 24px;\"><span style=\"font-family: arial, helvetica, sans-serif; font-size: 12pt;\">CMYK (1 \u2013 10 Farben), kein Druck (Normal)<\/span><\/td>\n<\/tr>\n<tr style=\"height: 40px; background-color: #99ccff;\">\n<td style=\"width: 22.6796%; height: 24px;\"><span style=\"font-size: 12pt;\"><strong><span style=\"font-family: arial, helvetica, sans-serif;\">Oberfl\u00e4chenbehandlung<\/span><\/strong><\/span><\/td>\n<td style=\"width: 78.2121%; height: 24px;\"><span style=\"font-family: arial, helvetica, sans-serif; font-size: 12pt;\">Offsetdruck<\/span><\/td>\n<\/tr>\n<tr style=\"height: 40px; background-color: #ebebeb;\">\n<td style=\"width: 22.6796%; height: 24px;\"><span style=\"font-size: 12pt;\"><strong><span style=\"font-family: arial, helvetica, sans-serif;\">Material<\/span><\/strong><\/span><\/td>\n<td style=\"width: 78.2121%; height: 24px;\"><span style=\"font-family: arial, helvetica, sans-serif; font-size: 12pt;\">CPE, pers\u00f6nliche Schutzausr\u00fcstung<\/span><\/td>\n<\/tr>\n<tr style=\"height: 40px; background-color: #99ccff;\">\n<td style=\"width: 22.6796%; height: 24px;\"><span style=\"font-size: 12pt;\"><strong><span style=\"font-family: arial, helvetica, sans-serif;\">Gr\u00f6\u00dfe<\/span><\/strong><\/span><\/td>\n<td style=\"width: 78.2121%; height: 24px;\"><span style=\"font-family: arial, helvetica, sans-serif; font-size: 12pt;\">20*26cm, 24*34cm, 28*28cm, 30*40cm,36*46cm, 40*45cm, 45*55cm oder kundenspezifisch<\/span><\/td>\n<\/tr>\n<tr style=\"height: 40px; background-color: #ebebeb;\">\n<td style=\"width: 22.6796%; height: 24px;\"><span style=\"font-size: 12pt;\"><strong><span style=\"font-family: arial, helvetica, sans-serif;\">Dicke<\/span><\/strong><\/span><\/td>\n<td style=\"width: 78.2121%; height: 24px;\"><span style=\"font-family: arial, helvetica, sans-serif; font-size: 12pt;\">120 Mikrometer f\u00fcr Doppelseiten, Accpet-Sonderdicke<\/span><\/td>\n<\/tr>\n<tr style=\"height: 40px; background-color: #99ccff;\">\n<td style=\"width: 22.6796%; height: 24px;\"><span style=\"font-size: 12pt;\"><strong><span style=\"font-family: arial, helvetica, sans-serif;\">Versand<\/span><\/strong><\/span><\/td>\n<td style=\"width: 78.2121%; height: 24px;\"><span style=\"font-family: arial, helvetica, sans-serif; font-size: 12pt;\">Luft, See, Express<\/span><\/td>\n<\/tr>\n<tr style=\"height: 40px; background-color: #ebebeb;\">\n<td style=\"width: 22.6796%; height: 24px;\"><span style=\"font-size: 12pt;\"><strong><span style=\"font-family: arial, helvetica, sans-serif;\">Seitenwechsel<\/span><\/strong><\/span><\/td>\n<td style=\"width: 78.2121%; height: 24px;\"><span style=\"font-family: arial, helvetica, sans-serif; font-size: 12pt;\">7 \u2013 15 Werktage, Eilzustellung<\/span><\/td>\n<\/tr>\n<\/tbody>\n<\/table>\n<p>&nbsp;<\/p>","protected":false},"featured_media":1597,"comment_status":"open","ping_status":"closed","template":"","meta":[],"product_brand":[],"product_cat":[31,21,18],"product_tag":[],"class_list":{"0":"post-1596","1":"product","2":"type-product","3":"status-publish","4":"has-post-thumbnail","6":"product_cat-clothing-packaging","7":"product_cat-opp-cpp-pe-cpe-single-material-bag","8":"product_cat-zipper-bags","10":"first","11":"instock","12":"shipping-taxable","13":"product-type-simple"},"_links":{"self":[{"href":"https:\/\/polysmarts.com\/de\/wp-json\/wp\/v2\/product\/1596","targetHints":{"allow":["GET"]}}],"collection":[{"href":"https:\/\/polysmarts.com\/de\/wp-json\/wp\/v2\/product"}],"about":[{"href":"https:\/\/polysmarts.com\/de\/wp-json\/wp\/v2\/types\/product"}],"replies":[{"embeddable":true,"href":"https:\/\/polysmarts.com\/de\/wp-json\/wp\/v2\/comments?post=1596"}],"version-history":[{"count":2,"href":"https:\/\/polysmarts.com\/de\/wp-json\/wp\/v2\/product\/1596\/revisions"}],"predecessor-version":[{"id":1604,"href":"https:\/\/polysmarts.com\/de\/wp-json\/wp\/v2\/product\/1596\/revisions\/1604"}],"wp:featuredmedia":[{"embeddable":true,"href":"https:\/\/polysmarts.com\/de\/wp-json\/wp\/v2\/media\/1597"}],"wp:attachment":[{"href":"https:\/\/polysmarts.com\/de\/wp-json\/wp\/v2\/media?parent=1596"}],"wp:term":[{"taxonomy":"product_brand","embeddable":true,"href":"https:\/\/polysmarts.com\/de\/wp-json\/wp\/v2\/product_brand?post=1596"},{"taxonomy":"product_cat","embeddable":true,"href":"https:\/\/polysmarts.com\/de\/wp-json\/wp\/v2\/product_cat?post=1596"},{"taxonomy":"product_tag","embeddable":true,"href":"https:\/\/polysmarts.com\/de\/wp-json\/wp\/v2\/product_tag?post=1596"}],"curies":[{"name":"wp","href":"https:\/\/api.w.org\/{rel}","templated":true}]}}