{"id":1587,"date":"2024-01-08T09:52:06","date_gmt":"2024-01-08T09:52:06","guid":{"rendered":"https:\/\/polysmarts.com\/?post_type=product&#038;p=1587"},"modified":"2024-01-08T09:59:25","modified_gmt":"2024-01-08T09:59:25","slug":"doypack-kraftpapiertute-in-sonderfarbe-mit-fenster","status":"publish","type":"product","link":"https:\/\/polysmarts.com\/de\/product\/custom-color-doypack-kraft-paper-bag-with-window\/","title":{"rendered":"Doypack-Kraftpapiert\u00fcte in Sonderfarbe mit Fenster"},"content":{"rendered":"<p>Farbige Doypack-Kraftpapiert\u00fcte \u2013 eine nahtlose Kombination aus Stil und Funktionalit\u00e4t. Diese aus einer Kombination aus Papier, PET und PE gefertigten T\u00fcten sind vollst\u00e4ndig anpassbar, um Ihren individuellen Anforderungen gerecht zu werden.<\/p>\n<p><strong>Hauptmerkmale:<\/strong><\/p>\n<ul>\n<li><strong>Materialoptionen:<\/strong>\n<ul>\n<li>Papier+PET+PE (Angepasst an Ihre speziellen Bed\u00fcrfnisse)<\/li>\n<\/ul>\n<\/li>\n<li><strong>Druckfarben:<\/strong>\n<ul>\n<li>Pr\u00e4gen Sie Ihre Marke detailreich und lebendig mit bis zu 10 Farben auf.<\/li>\n<\/ul>\n<\/li>\n<li><strong>Abmessung oder Gr\u00f6\u00dfe:<\/strong>\n<ul>\n<li>F\u00fcr detaillierte, auf Ihre Anforderungen abgestimmte Ma\u00dfe senden Sie uns eine Anfrage.<\/li>\n<\/ul>\n<\/li>\n<li><strong>Druckart:<\/strong>\n<ul>\n<li>Tiefdruck f\u00fcr h\u00f6chste Druckqualit\u00e4t.<\/li>\n<\/ul>\n<\/li>\n<li><strong>Anwendung:<\/strong>\n<ul>\n<li>Ideal f\u00fcr Molkenprotein, Tiernahrung, Tee, Kaffee, Kekse, Snacks, S\u00fc\u00dfigkeiten, Pulver, Trockenfutter und mehr.<\/li>\n<\/ul>\n<\/li>\n<li><strong>Oberfl\u00e4chenveredelung:<\/strong>\n<ul>\n<li>W\u00e4hlen Sie zwischen einem gl\u00e4nzenden oder matten Finish, mit der Option f\u00fcr Spot-UV zur optischen Aufwertung.<\/li>\n<\/ul>\n<\/li>\n<li><strong>MOQ (Mindestbestellmenge):<\/strong>\n<ul>\n<li>Ungef\u00e4hr 10.000 St\u00fcck (je nach Beutelgr\u00f6\u00dfe).<\/li>\n<\/ul>\n<\/li>\n<\/ul>\n<p>Erleben Sie den Komfort wiederverschlie\u00dfbarer Verpackungen, die diese Beutel perfekt zum Frischhalten von Lebensmitteln machen. Das transparente Fenster verleiht dem Ganzen einen Hauch von Eleganz und erm\u00f6glicht den Kunden gleichzeitig einen Blick auf den Inhalt. Egal, ob Sie Molkenprotein, Tiernahrung oder Gourmet-Snacks verpacken, diese Beutel sind so konzipiert, dass sie Ihren hohen Anspr\u00fcchen gerecht werden.<\/p>\n<p>Unsere farbigen Kraftpapiert\u00fcten mit Ziplock-Verschluss sind nicht nur Beh\u00e4lter; sie sind ein Zeichen Ihres Engagements f\u00fcr Qualit\u00e4t und Stil. Werten Sie Ihre Produktpr\u00e4sentation mit einer Verpackung auf, die auff\u00e4llt und Ihre Artikel frisch und sicher h\u00e4lt.<\/p>","protected":false},"excerpt":{"rendered":"<table style=\"height: 360px; width: 99.8505%; border-collapse: collapse;\" border=\"2\">\n<tbody>\n<tr style=\"height: 40px;\">\n<td style=\"width: 22.6796%; height: 30px; background-color: #99ccff;\"><span style=\"font-family: arial, helvetica, sans-serif; font-size: 12pt;\"><strong>Dimension &amp; Stil<\/strong><\/span><\/td>\n<td style=\"width: 77.3204%; height: 30px; background-color: #99ccff;\"><span style=\"font-family: arial, helvetica, sans-serif; font-size: 12pt;\">Benutzerdefinierte Formen und Gr\u00f6\u00dfen<\/span><\/td>\n<\/tr>\n<tr style=\"height: 40px;\">\n<td style=\"width: 22.6796%; height: 34px; background-color: #ebebeb;\"><span style=\"font-size: 12pt;\"><strong><span style=\"font-family: arial, helvetica, sans-serif;\">Mindestbestellmenge<\/span><\/strong><\/span><\/td>\n<td style=\"width: 77.3204%; height: 34px; background-color: #ebebeb;\"><span style=\"font-family: arial, helvetica, sans-serif; font-size: 12pt;\">1000 St\u00fcck ohne Anpassung, 10000 St\u00fcck zur Anpassung<\/span><\/td>\n<\/tr>\n<tr style=\"height: 40px; background-color: #99ccff;\">\n<td style=\"width: 22.6796%; height: 24px;\"><span style=\"font-size: 12pt;\"><strong><span style=\"font-family: arial, helvetica, sans-serif;\">Verpackungsart<\/span><\/strong><\/span><\/td>\n<td style=\"width: 77.3204%; height: 24px;\"><span style=\"font-family: arial, helvetica, sans-serif; font-size: 12pt;\">Standbeutel aus Kraftpapier<\/span><\/td>\n<\/tr>\n<tr style=\"height: 40px; background-color: #ebebeb;\">\n<td style=\"width: 22.6796%; height: 24px;\"><span style=\"font-size: 12pt;\"><strong><span style=\"font-family: arial, helvetica, sans-serif;\">Drucken<\/span><\/strong><\/span><\/td>\n<td style=\"width: 77.3204%; height: 24px;\"><span style=\"font-family: arial, helvetica, sans-serif; font-size: 12pt;\">CMYK (1 \u2013 10 Farben), kein Druck (Normal)<\/span><\/td>\n<\/tr>\n<tr style=\"height: 40px; background-color: #99ccff;\">\n<td style=\"width: 22.6796%; height: 24px;\"><span style=\"font-size: 12pt;\"><strong><span style=\"font-family: arial, helvetica, sans-serif;\">Fertigstellung<\/span><\/strong><\/span><\/td>\n<td style=\"width: 77.3204%; height: 24px;\"><span style=\"font-family: arial, helvetica, sans-serif; font-size: 12pt;\">Glanz-\/Matt-Laminierung, Wasserlackierung, Spotlackierung, UV-Lackierung, Pr\u00e4gung, Tiefpr\u00e4gung, Foliendruck<\/span><\/td>\n<\/tr>\n<tr style=\"height: 40px; background-color: #ebebeb;\">\n<td style=\"width: 22.6796%; height: 24px;\"><span style=\"font-size: 12pt;\"><strong><span style=\"font-family: arial, helvetica, sans-serif;\">Enthaltene Optionen<\/span><\/strong><\/span><\/td>\n<td style=\"width: 77.3204%; height: 24px;\"><span style=\"font-family: arial, helvetica, sans-serif; font-size: 12pt;\">Stanzen<\/span><\/td>\n<\/tr>\n<tr style=\"height: 40px; background-color: #99ccff;\">\n<td style=\"width: 22.6796%; height: 24px;\"><span style=\"font-size: 12pt;\"><strong><span style=\"font-family: arial, helvetica, sans-serif;\">Nachweisen<\/span><\/strong><\/span><\/td>\n<td style=\"width: 77.3204%; height: 24px;\"><span style=\"font-family: arial, helvetica, sans-serif; font-size: 12pt;\">Elektronische Proofs (Flat View\/3D-Modell), Digital gedruckte Proofs (ohne gr\u00f6\u00dfere Nachbearbeitungseffekte), Physische Muster (auf Anfrage)<\/span><\/td>\n<\/tr>\n<tr style=\"height: 40px; background-color: #ebebeb;\">\n<td style=\"width: 22.6796%; height: 24px;\"><span style=\"font-size: 12pt;\"><strong><span style=\"font-family: arial, helvetica, sans-serif;\">Seitenwechsel<\/span><\/strong><\/span><\/td>\n<td style=\"width: 77.3204%; height: 24px;\"><span style=\"font-family: arial, helvetica, sans-serif; font-size: 12pt;\">7 \u2013 15 Werktage, Eilzustellung<\/span><\/td>\n<\/tr>\n<tr style=\"height: 40px; background-color: #99ccff;\">\n<td style=\"width: 22.6796%; height: 24px;\"><span style=\"font-size: 12pt;\"><strong><span style=\"font-family: arial, helvetica, sans-serif;\">Versand<\/span><\/strong><\/span><\/td>\n<td style=\"width: 77.3204%; height: 24px;\"><span style=\"font-family: arial, helvetica, sans-serif; font-size: 12pt;\">Luft, See, Express<\/span><\/td>\n<\/tr>\n<\/tbody>\n<\/table>\n<p>&nbsp;<\/p>","protected":false},"featured_media":1588,"comment_status":"open","ping_status":"closed","template":"","meta":[],"product_brand":[],"product_cat":[26,20],"product_tag":[],"class_list":{"0":"post-1587","1":"product","2":"type-product","3":"status-publish","4":"has-post-thumbnail","6":"product_cat-food-packaging","7":"product_cat-kraft-paper-bag","9":"first","10":"instock","11":"shipping-taxable","12":"product-type-simple"},"_links":{"self":[{"href":"https:\/\/polysmarts.com\/de\/wp-json\/wp\/v2\/product\/1587","targetHints":{"allow":["GET"]}}],"collection":[{"href":"https:\/\/polysmarts.com\/de\/wp-json\/wp\/v2\/product"}],"about":[{"href":"https:\/\/polysmarts.com\/de\/wp-json\/wp\/v2\/types\/product"}],"replies":[{"embeddable":true,"href":"https:\/\/polysmarts.com\/de\/wp-json\/wp\/v2\/comments?post=1587"}],"version-history":[{"count":2,"href":"https:\/\/polysmarts.com\/de\/wp-json\/wp\/v2\/product\/1587\/revisions"}],"predecessor-version":[{"id":1594,"href":"https:\/\/polysmarts.com\/de\/wp-json\/wp\/v2\/product\/1587\/revisions\/1594"}],"wp:featuredmedia":[{"embeddable":true,"href":"https:\/\/polysmarts.com\/de\/wp-json\/wp\/v2\/media\/1588"}],"wp:attachment":[{"href":"https:\/\/polysmarts.com\/de\/wp-json\/wp\/v2\/media?parent=1587"}],"wp:term":[{"taxonomy":"product_brand","embeddable":true,"href":"https:\/\/polysmarts.com\/de\/wp-json\/wp\/v2\/product_brand?post=1587"},{"taxonomy":"product_cat","embeddable":true,"href":"https:\/\/polysmarts.com\/de\/wp-json\/wp\/v2\/product_cat?post=1587"},{"taxonomy":"product_tag","embeddable":true,"href":"https:\/\/polysmarts.com\/de\/wp-json\/wp\/v2\/product_tag?post=1587"}],"curies":[{"name":"wp","href":"https:\/\/api.w.org\/{rel}","templated":true}]}}