{"id":1577,"date":"2024-01-08T09:39:06","date_gmt":"2024-01-08T09:39:06","guid":{"rendered":"https:\/\/polysmarts.com\/?post_type=product&#038;p=1577"},"modified":"2024-01-08T09:48:06","modified_gmt":"2024-01-08T09:48:06","slug":"benutzerdefinierte-braune-kraft-standbeutel-verpackung","status":"publish","type":"product","link":"https:\/\/polysmarts.com\/de\/product\/custom-brown-kraft-stand-up-pouch-bag-packaging\/","title":{"rendered":"Kundenspezifische Verpackung von Standbeuteln aus braunem Kraftpapier"},"content":{"rendered":"<p>Begeben Sie sich auf eine Reise individuell anpassbarer Verpackungsl\u00f6sungen mit unseren kundenspezifischen braunen Standbeuteln aus Kraftpapier. Ob Sie 1000 oder 500.000 St\u00fcck ben\u00f6tigen, unsere Beutel werden auf Ihre Gr\u00f6\u00dfenvorgaben zugeschnitten und bieten eine perfekte Passform f\u00fcr Ihre individuellen Anforderungen.<\/p>\n<p><strong>Hauptmerkmale:<\/strong><\/p>\n<ul>\n<li><strong>Materialschichten:<\/strong>\n<ul>\n<li>Erste Schicht: PA, PET, BOPP, MATT OPP<\/li>\n<li>Zwischenschicht: PET, PA, VMPET, AL, KRAFTPAPIER<\/li>\n<li>Letzte Schicht: PE, CPP, RCPP<\/li>\n<\/ul>\n<\/li>\n<li><strong>Drucken:<\/strong> Pr\u00e4gen Sie Ihre Marke mit bis zu 10 Farben auf und sorgen Sie so f\u00fcr eine lebendige und auff\u00e4llige Pr\u00e4sentation.<\/li>\n<li><strong>Stiloptionen:<\/strong>\n<ul>\n<li>Flacher Boden<\/li>\n<li>Aufstehen<\/li>\n<li>Seitenzwickel<\/li>\n<li>Rei\u00dfverschluss oben<\/li>\n<li>Mit\/Ohne Fenster<\/li>\n<li>Euroloch usw.<\/li>\n<\/ul>\n<\/li>\n<\/ul>\n<p><strong>Anwendung:<\/strong> Ideal f\u00fcr eine breite Produktpalette, darunter Lebensmittel, Kaffee, Tiernahrung, Tee, Snacks, N\u00fcsse, Molkenprotein, Samen und mehr. Perfekt f\u00fcr den industriellen Einsatz zum Verpacken von Kaffee, Tee, Molkenproteinpulver, Hundefutter, Angelk\u00f6dern, K\u00f6dern, Chiasamen, Gew\u00fcrzen, Badesalzen, Cashewn\u00fcssen, Trockenfr\u00fcchten, Kartoffelchips, Popcorn, M\u00fcsli, S\u00fc\u00dfigkeiten, Eiscreme, Eis am Stiel, Saft, Energydrinks, Beef Jerky und allen Arten von Snacks sowie Socken, Kleidung und anderen Massenprodukten.<\/p>\n<p><strong>Zusatzfunktionen:<\/strong><\/p>\n<ul>\n<li>Stand Up Design<\/li>\n<li>Zip-Lock f\u00fcr Wiederverschlie\u00dfbarkeit<\/li>\n<li>Feuchtigkeitsbest\u00e4ndig<\/li>\n<li>Starke Versiegelung<\/li>\n<li>Klares Fenster f\u00fcr Sichtbarkeit<\/li>\n<li>Sicheres, lebensmittelechtes Material und Tinte<\/li>\n<li>Umweltfreundliche Verpackung<\/li>\n<li>Neues Material und stabile Qualit\u00e4t<\/li>\n<li>Lichtdicht und feuchtigkeitsbest\u00e4ndig<\/li>\n<li>Einfaches Wiederverschlie\u00dfen und \u00d6ffnen<\/li>\n<li>Attraktives Design<\/li>\n<\/ul>\n<p>W\u00e4hlen Sie unsere kundenspezifischen braunen Standbeutel aus Kraftpapier f\u00fcr eine Verpackung, die Ihre Produkte nicht nur sch\u00fctzt, sondern auch umweltfreundlich und optisch ansprechend pr\u00e4sentiert. Erleben Sie die Flexibilit\u00e4t der Personalisierung mit Beuteln, die nicht nur funktional sind, sondern auch das Qualit\u00e4tsversprechen Ihrer Marke widerspiegeln.<\/p>","protected":false},"excerpt":{"rendered":"<table style=\"height: 360px; width: 99.8505%; border-collapse: collapse;\" border=\"2\">\n<tbody>\n<tr style=\"height: 40px;\">\n<td style=\"width: 22.6796%; height: 30px; background-color: #99ccff;\"><span style=\"font-family: arial, helvetica, sans-serif; font-size: 12pt;\"><strong>Dimension &amp; Stil<\/strong><\/span><\/td>\n<td style=\"width: 77.3204%; height: 30px; background-color: #99ccff;\"><span style=\"font-family: arial, helvetica, sans-serif; font-size: 12pt;\">Benutzerdefinierte Formen und Gr\u00f6\u00dfen<\/span><\/td>\n<\/tr>\n<tr style=\"height: 40px;\">\n<td style=\"width: 22.6796%; height: 34px; background-color: #ebebeb;\"><span style=\"font-size: 12pt;\"><strong><span style=\"font-family: arial, helvetica, sans-serif;\">Mindestbestellmenge<\/span><\/strong><\/span><\/td>\n<td style=\"width: 77.3204%; height: 34px; background-color: #ebebeb;\"><span style=\"font-family: arial, helvetica, sans-serif; font-size: 12pt;\">1000 St\u00fcck ohne Anpassung, 10000 St\u00fcck zur Anpassung<\/span><\/td>\n<\/tr>\n<tr style=\"height: 40px; background-color: #99ccff;\">\n<td style=\"width: 22.6796%; height: 24px;\"><span style=\"font-size: 12pt;\"><strong><span style=\"font-family: arial, helvetica, sans-serif;\">Verpackungsart<\/span><\/strong><\/span><\/td>\n<td style=\"width: 77.3204%; height: 24px;\"><span style=\"font-family: arial, helvetica, sans-serif; font-size: 12pt;\">Standbeutel aus Kraftpapier<\/span><\/td>\n<\/tr>\n<tr style=\"height: 40px; background-color: #ebebeb;\">\n<td style=\"width: 22.6796%; height: 24px;\"><span style=\"font-size: 12pt;\"><strong><span style=\"font-family: arial, helvetica, sans-serif;\">Drucken<\/span><\/strong><\/span><\/td>\n<td style=\"width: 77.3204%; height: 24px;\"><span style=\"font-family: arial, helvetica, sans-serif; font-size: 12pt;\">CMYK (1 \u2013 8 Farben), kein Druck (Normal)<\/span><\/td>\n<\/tr>\n<tr style=\"height: 40px; background-color: #99ccff;\">\n<td style=\"width: 22.6796%; height: 24px;\"><span style=\"font-size: 12pt;\"><strong><span style=\"font-family: arial, helvetica, sans-serif;\">Fertigstellung<\/span><\/strong><\/span><\/td>\n<td style=\"width: 77.3204%; height: 24px;\"><span style=\"font-family: arial, helvetica, sans-serif; font-size: 12pt;\">Glanz-\/Matt-Laminierung, Wasserlackierung, Spotlackierung, UV-Lackierung, Pr\u00e4gung, Tiefpr\u00e4gung, Foliendruck<\/span><\/td>\n<\/tr>\n<tr style=\"height: 40px; background-color: #ebebeb;\">\n<td style=\"width: 22.6796%; height: 24px;\"><span style=\"font-size: 12pt;\"><strong><span style=\"font-family: arial, helvetica, sans-serif;\">Enthaltene Optionen<\/span><\/strong><\/span><\/td>\n<td style=\"width: 77.3204%; height: 24px;\"><span style=\"font-family: arial, helvetica, sans-serif; font-size: 12pt;\">Stanzen<\/span><\/td>\n<\/tr>\n<tr style=\"height: 40px; background-color: #99ccff;\">\n<td style=\"width: 22.6796%; height: 24px;\"><span style=\"font-size: 12pt;\"><strong><span style=\"font-family: arial, helvetica, sans-serif;\">Nachweisen<\/span><\/strong><\/span><\/td>\n<td style=\"width: 77.3204%; height: 24px;\"><span style=\"font-family: arial, helvetica, sans-serif; font-size: 12pt;\">Elektronische Proofs (Flat View\/3D-Modell), Digital gedruckte Proofs (ohne gr\u00f6\u00dfere Nachbearbeitungseffekte), Physische Muster (auf Anfrage)<\/span><\/td>\n<\/tr>\n<tr style=\"height: 40px; background-color: #ebebeb;\">\n<td style=\"width: 22.6796%; height: 24px;\"><span style=\"font-size: 12pt;\"><strong><span style=\"font-family: arial, helvetica, sans-serif;\">Seitenwechsel<\/span><\/strong><\/span><\/td>\n<td style=\"width: 77.3204%; height: 24px;\"><span style=\"font-family: arial, helvetica, sans-serif; font-size: 12pt;\">7 \u2013 15 Werktage, Eilzustellung<\/span><\/td>\n<\/tr>\n<tr style=\"height: 40px; background-color: #99ccff;\">\n<td style=\"width: 22.6796%; height: 24px;\"><span style=\"font-size: 12pt;\"><strong><span style=\"font-family: arial, helvetica, sans-serif;\">Versand<\/span><\/strong><\/span><\/td>\n<td style=\"width: 77.3204%; height: 24px;\"><span style=\"font-family: arial, helvetica, sans-serif; font-size: 12pt;\">Luft, See, Express<\/span><\/td>\n<\/tr>\n<\/tbody>\n<\/table>\n<p>&nbsp;<\/p>","protected":false},"featured_media":1578,"comment_status":"open","ping_status":"closed","template":"","meta":[],"product_brand":[],"product_cat":[26,20],"product_tag":[],"class_list":{"0":"post-1577","1":"product","2":"type-product","3":"status-publish","4":"has-post-thumbnail","6":"product_cat-food-packaging","7":"product_cat-kraft-paper-bag","9":"first","10":"instock","11":"shipping-taxable","12":"product-type-simple"},"_links":{"self":[{"href":"https:\/\/polysmarts.com\/de\/wp-json\/wp\/v2\/product\/1577","targetHints":{"allow":["GET"]}}],"collection":[{"href":"https:\/\/polysmarts.com\/de\/wp-json\/wp\/v2\/product"}],"about":[{"href":"https:\/\/polysmarts.com\/de\/wp-json\/wp\/v2\/types\/product"}],"replies":[{"embeddable":true,"href":"https:\/\/polysmarts.com\/de\/wp-json\/wp\/v2\/comments?post=1577"}],"version-history":[{"count":3,"href":"https:\/\/polysmarts.com\/de\/wp-json\/wp\/v2\/product\/1577\/revisions"}],"predecessor-version":[{"id":1586,"href":"https:\/\/polysmarts.com\/de\/wp-json\/wp\/v2\/product\/1577\/revisions\/1586"}],"wp:featuredmedia":[{"embeddable":true,"href":"https:\/\/polysmarts.com\/de\/wp-json\/wp\/v2\/media\/1578"}],"wp:attachment":[{"href":"https:\/\/polysmarts.com\/de\/wp-json\/wp\/v2\/media?parent=1577"}],"wp:term":[{"taxonomy":"product_brand","embeddable":true,"href":"https:\/\/polysmarts.com\/de\/wp-json\/wp\/v2\/product_brand?post=1577"},{"taxonomy":"product_cat","embeddable":true,"href":"https:\/\/polysmarts.com\/de\/wp-json\/wp\/v2\/product_cat?post=1577"},{"taxonomy":"product_tag","embeddable":true,"href":"https:\/\/polysmarts.com\/de\/wp-json\/wp\/v2\/product_tag?post=1577"}],"curies":[{"name":"wp","href":"https:\/\/api.w.org\/{rel}","templated":true}]}}