{"id":1567,"date":"2024-01-08T08:55:03","date_gmt":"2024-01-08T08:55:03","guid":{"rendered":"https:\/\/polysmarts.com\/?post_type=product&#038;p=1567"},"modified":"2024-01-08T09:33:23","modified_gmt":"2024-01-08T09:33:23","slug":"individuell-bedruckte-einkaufstasche-kunst-geschenkpapiertuten","status":"publish","type":"product","link":"https:\/\/polysmarts.com\/de\/product\/custom-printed-shopping-tote-art-gift-paper-bags\/","title":{"rendered":"Individuell bedruckte Einkaufstaschen aus Papier mit Kunstmotiven"},"content":{"rendered":"<p>Entdecken Sie den Inbegriff von Raffinesse mit unseren individuell bedruckten Einkaufstaschen aus Kunstpapier. Diese aus hochwertigen Materialien wie Kunstdruckpapier, Kraftpapier, Elfenbeinkarton, Duplexkarton und Spezialpapier gefertigten Taschen sind die perfekte Leinwand f\u00fcr den Ausdruck Ihrer Marke.<\/p>\n<p><strong>Hauptmerkmale:<\/strong><\/p>\n<ul>\n<li><strong>Gr\u00f6\u00dfe:<\/strong> Vollst\u00e4ndig angepasst basierend auf Ihren individuellen Anforderungen.<\/li>\n<li><strong>Dicke:<\/strong> W\u00e4hlen Sie aus einer Reihe von Optionen, einschlie\u00dflich 100 g\/m\u00b2 bis 450 g\/m\u00b2, oder passen Sie es Ihren Anforderungen entsprechend an.<\/li>\n<li><strong>Farbe:<\/strong> Personalisieren Sie Ihre Taschen pr\u00e4zise mit CMYK-\/Pantone-Farboptionen.<\/li>\n<li><strong>Umweltfreundlich:<\/strong> Unsere Taschen sind recycelbar und umweltfreundlich und entsprechen Ihrem Engagement f\u00fcr Nachhaltigkeit.<\/li>\n<li><strong>Griffarten:<\/strong> W\u00e4hlen Sie aus einer Reihe von Griffoptionen, darunter Bandgriff, PP-Seilgriff, Baumwollgriff, Ripsbandgriff, Nylongriff, gedrehter Griff, flacher Papiergriff, gestanzter Griff oder ein individueller Griff f\u00fcr eine pers\u00f6nliche Note.<\/li>\n<li><strong>Oberfl\u00e4chenfinish:<\/strong> Verleihen Sie einen Hauch von Luxus mit Hochglanz-\/Matt-Laminierung, Gold-\/Silber-Hei\u00dfpr\u00e4gung, Pr\u00e4gung, UV-Beschichtung, Folienpr\u00e4gung, Hologrammeffekt und mehr.<\/li>\n<li><strong>Qualit\u00e4tskontrolle:<\/strong> Seien Sie versichert, dass unsere moderne Ausr\u00fcstung und unser erfahrenes Qualit\u00e4tskontrollteam Materialien, Halbfertig- und Fertigprodukte bei jedem Schritt sorgf\u00e4ltig pr\u00fcfen und vor dem Versand die h\u00f6chsten Standards sicherstellen.<\/li>\n<\/ul>\n<p>Diese Taschen strahlen nicht nur Eleganz aus, sondern sind auch praktisch und langlebig. Verbessern Sie Ihr Markenimage mit unseren robusten, pr\u00e4zisen und wundersch\u00f6n bedruckten Einkaufstaschen. Hinterlassen Sie mit jedem Tragen einen bleibenden Eindruck und zeigen Sie Ihr Engagement f\u00fcr Qualit\u00e4t und Stil.<\/p>","protected":false},"excerpt":{"rendered":"<table style=\"height: 360px; width: 99.8505%; border-collapse: collapse;\" border=\"2\">\n<tbody>\n<tr style=\"height: 40px;\">\n<td style=\"width: 22.6796%; height: 30px; background-color: #99ccff;\"><span style=\"font-family: arial, helvetica, sans-serif; font-size: 12pt;\"><strong>Dicke<\/strong><\/span><\/td>\n<td style=\"width: 77.3204%; height: 30px; background-color: #99ccff;\"><span style=\"font-family: arial, helvetica, sans-serif; font-size: 12pt;\">100 g\/m\u00b2, 128 g\/m\u00b2, 157 g\/m\u00b2, 175 g\/m\u00b2, 190 g\/m\u00b2, 200 g\/m\u00b2, 210 g\/m\u00b2, 230 g\/m\u00b2, 250 g\/m\u00b2, 300 g\/m\u00b2, 350 g\/m\u00b2, 450 g\/m\u00b2 oder benutzerdefiniert<\/span><\/td>\n<\/tr>\n<tr style=\"height: 40px;\">\n<td style=\"width: 22.6796%; height: 34px; background-color: #ebebeb;\"><span style=\"font-size: 12pt;\"><strong><span style=\"font-family: arial, helvetica, sans-serif;\">Mindestbestellmenge<\/span><\/strong><\/span><\/td>\n<td style=\"width: 77.3204%; height: 34px; background-color: #ebebeb;\"><span style=\"font-family: arial, helvetica, sans-serif; font-size: 12pt;\">1000 St\u00fcck ohne Anpassung, 5000 St\u00fcck zur Anpassung<\/span><\/td>\n<\/tr>\n<tr style=\"height: 40px; background-color: #99ccff;\">\n<td style=\"width: 22.6796%; height: 24px;\"><span style=\"font-size: 12pt;\"><strong><span style=\"font-family: arial, helvetica, sans-serif;\">Verpackungsart<\/span><\/strong><\/span><\/td>\n<td style=\"width: 77.3204%; height: 24px;\"><span style=\"font-family: arial, helvetica, sans-serif; font-size: 12pt;\">Einkaufst\u00fcten aus Papier<\/span><\/td>\n<\/tr>\n<tr style=\"height: 40px; background-color: #ebebeb;\">\n<td style=\"width: 22.6796%; height: 24px;\"><span style=\"font-size: 12pt;\"><strong><span style=\"font-family: arial, helvetica, sans-serif;\">Material<\/span><\/strong><\/span><\/td>\n<td style=\"width: 77.3204%; height: 24px;\"><span style=\"font-family: arial, helvetica, sans-serif; font-size: 12pt;\">Kunstdruckpapier, Kraftpapier, Elfenbeinkarton, Duplexkarton, Spezialpapier usw.<\/span><\/td>\n<\/tr>\n<tr style=\"height: 40px; background-color: #99ccff;\">\n<td style=\"width: 22.6796%; height: 24px;\"><span style=\"font-size: 12pt;\"><strong><span style=\"font-family: arial, helvetica, sans-serif;\">Drucken<\/span><\/strong><\/span><\/td>\n<td style=\"width: 77.3204%; height: 24px;\"><span style=\"font-family: arial, helvetica, sans-serif; font-size: 12pt;\">Tiefdruck\/Siebdruck\/Pr\u00e4gung<\/span><\/td>\n<\/tr>\n<tr style=\"height: 40px; background-color: #ebebeb;\">\n<td style=\"width: 22.6796%; height: 24px;\"><span style=\"font-size: 12pt;\"><strong><span style=\"font-family: arial, helvetica, sans-serif;\">Besonderheit<\/span><\/strong><\/span><\/td>\n<td style=\"width: 77.3204%; height: 24px;\"><span style=\"font-family: arial, helvetica, sans-serif; font-size: 12pt;\">Recycelbar, umweltfreundlich, strapazierf\u00e4hig und pr\u00e4ziser, sch\u00f6ner Druck<\/span><\/td>\n<\/tr>\n<tr style=\"height: 40px; background-color: #99ccff;\">\n<td style=\"width: 22.6796%; height: 24px;\"><span style=\"font-size: 12pt;\"><strong><span style=\"font-family: arial, helvetica, sans-serif;\">Farbe<\/span><\/strong><\/span><\/td>\n<td style=\"width: 77.3204%; height: 24px;\"><span style=\"font-family: arial, helvetica, sans-serif; font-size: 12pt;\">Basierend auf CMYK\/Pantone-Farbe<\/span><\/td>\n<\/tr>\n<tr style=\"height: 40px; background-color: #ebebeb;\">\n<td style=\"width: 22.6796%; height: 24px;\"><span style=\"font-size: 12pt;\"><strong><span style=\"font-family: arial, helvetica, sans-serif;\">Seitenwechsel<\/span><\/strong><\/span><\/td>\n<td style=\"width: 77.3204%; height: 24px;\"><span style=\"font-family: arial, helvetica, sans-serif; font-size: 12pt;\">7 \u2013 15 Werktage, Eilzustellung<\/span><\/td>\n<\/tr>\n<tr style=\"height: 40px; background-color: #99ccff;\">\n<td style=\"width: 22.6796%; height: 24px;\"><span style=\"font-size: 12pt;\"><strong><span style=\"font-family: arial, helvetica, sans-serif;\">Fertigstellung<\/span><\/strong><\/span><\/td>\n<td style=\"width: 77.3204%; height: 24px;\"><span style=\"font-family: arial, helvetica, sans-serif; font-size: 12pt;\">Gl\u00e4nzende\/matte Laminierung, Hei\u00dfpr\u00e4gung in Gold\/Silber, Pr\u00e4gung, UV-Beschichtung, Folienpr\u00e4gung, Hologrammeffekt usw.<\/span><\/td>\n<\/tr>\n<\/tbody>\n<\/table>\n<p>&nbsp;<\/p>","protected":false},"featured_media":1568,"comment_status":"open","ping_status":"closed","template":"","meta":[],"product_brand":[],"product_cat":[34],"product_tag":[],"class_list":{"0":"post-1567","1":"product","2":"type-product","3":"status-publish","4":"has-post-thumbnail","6":"product_cat-paper-packing","8":"first","9":"instock","10":"shipping-taxable","11":"product-type-simple"},"_links":{"self":[{"href":"https:\/\/polysmarts.com\/de\/wp-json\/wp\/v2\/product\/1567","targetHints":{"allow":["GET"]}}],"collection":[{"href":"https:\/\/polysmarts.com\/de\/wp-json\/wp\/v2\/product"}],"about":[{"href":"https:\/\/polysmarts.com\/de\/wp-json\/wp\/v2\/types\/product"}],"replies":[{"embeddable":true,"href":"https:\/\/polysmarts.com\/de\/wp-json\/wp\/v2\/comments?post=1567"}],"version-history":[{"count":3,"href":"https:\/\/polysmarts.com\/de\/wp-json\/wp\/v2\/product\/1567\/revisions"}],"predecessor-version":[{"id":1576,"href":"https:\/\/polysmarts.com\/de\/wp-json\/wp\/v2\/product\/1567\/revisions\/1576"}],"wp:featuredmedia":[{"embeddable":true,"href":"https:\/\/polysmarts.com\/de\/wp-json\/wp\/v2\/media\/1568"}],"wp:attachment":[{"href":"https:\/\/polysmarts.com\/de\/wp-json\/wp\/v2\/media?parent=1567"}],"wp:term":[{"taxonomy":"product_brand","embeddable":true,"href":"https:\/\/polysmarts.com\/de\/wp-json\/wp\/v2\/product_brand?post=1567"},{"taxonomy":"product_cat","embeddable":true,"href":"https:\/\/polysmarts.com\/de\/wp-json\/wp\/v2\/product_cat?post=1567"},{"taxonomy":"product_tag","embeddable":true,"href":"https:\/\/polysmarts.com\/de\/wp-json\/wp\/v2\/product_tag?post=1567"}],"curies":[{"name":"wp","href":"https:\/\/api.w.org\/{rel}","templated":true}]}}