{"id":1555,"date":"2024-01-08T08:23:00","date_gmt":"2024-01-08T08:23:00","guid":{"rendered":"https:\/\/polysmarts.com\/?post_type=product&#038;p=1555"},"modified":"2024-01-08T08:43:47","modified_gmt":"2024-01-08T08:43:47","slug":"benutzerdefinierte-schwarze-kartonpapieranhanger-kleidungsstuck-hangeetikett","status":"publish","type":"product","link":"https:\/\/polysmarts.com\/de\/product\/custom-black-cardboard-paper-tags-garment-hang-tag\/","title":{"rendered":"Benutzerdefinierte schwarze Kartonpapieranh\u00e4nger Kleidungsst\u00fcck H\u00e4ngeetikett"},"content":{"rendered":"<p>Werten Sie Ihre Markenpr\u00e4sentation mit unserem kundenspezifischen schwarzen Kleideranh\u00e4nger aus Kartonpapier auf \u2013 der perfekte letzte Schliff f\u00fcr Ihre Produktverpackung, der Ihre Markenidentit\u00e4t unterstreicht. Unsere Online-Konfiguratoren machen das Entwerfen von Kleideranh\u00e4ngern zum Kinderspiel und bieten Anpassungsoptionen f\u00fcr Farben, Schriftarten, Symbole und Text.<\/p>\n<p>W\u00e4hlen Sie aus einer Vielzahl von Druckoptionen, einschlie\u00dflich Vollfarbdruck auf verschiedenen Papiersorten. Passen Sie Ihre H\u00e4ngeetiketten mit Optionen f\u00fcr Formen, Gr\u00f6\u00dfen und auff\u00e4llige Oberfl\u00e4chen an Ihre individuellen Vorlieben an. Die Materialien f\u00fcr unsere benutzerdefinierten H\u00e4ngeetiketten werden sorgf\u00e4ltig f\u00fcr Kleidungsetiketten ausgew\u00e4hlt und tragen zur Gesamt\u00e4sthetik Ihrer Produkte bei.<\/p>\n<p>Bei Polysmarts legen wir gr\u00f6\u00dften Wert auf Umweltaspekte. Entscheiden Sie sich f\u00fcr unsere umweltfreundlichen Optionen, darunter recycelbare und zu Hause kompostierbare H\u00e4ngeetiketten 100% aus FSC-zertifiziertem Recyclingkarton. Machen Sie einen nachhaltigen Schritt nach vorne und bewahren Sie sich gleichzeitig ein schickes und professionelles Image.<\/p>\n<p>Die Anwendungsm\u00f6glichkeiten sind unbegrenzt \u2013 unsere individuellen H\u00e4ngeetiketten eignen sich f\u00fcr Kleidung, Lebensmittel und Getr\u00e4nke. Geben Sie Ihrem Unternehmen die M\u00f6glichkeit, wichtige Details und Informationen mit Stil und Raffinesse zu teilen.<\/p>\n<p>Diese \u00fcberarbeitete Version soll das Produkt durch Betonung der Premiumqualit\u00e4t, der einfachen Anpassbarkeit und des Umweltbewusstseins attraktiver machen und gleichzeitig die Vielseitigkeit des Produkts in verschiedenen Branchen hervorheben.<\/p>","protected":false},"excerpt":{"rendered":"<table style=\"height: 360px; width: 99.8505%; border-collapse: collapse;\" border=\"2\">\n<tbody>\n<tr style=\"height: 40px;\">\n<td style=\"width: 22.6796%; height: 30px; background-color: #99ccff;\"><span style=\"font-family: arial, helvetica, sans-serif; font-size: 12pt;\"><strong>Dicke<\/strong><\/span><\/td>\n<td style=\"width: 77.3204%; height: 30px; background-color: #99ccff;\"><span style=\"font-family: arial, helvetica, sans-serif; font-size: 12pt;\">350 g\/m\u00b2, 900 g\/m\u00b2 oder individuell<\/span><\/td>\n<\/tr>\n<tr style=\"height: 40px;\">\n<td style=\"width: 22.6796%; height: 34px; background-color: #ebebeb;\"><strong><span style=\"font-family: arial, helvetica, sans-serif;\">Gr\u00f6\u00dfe<\/span><\/strong><\/td>\n<td style=\"width: 77.3204%; height: 34px; background-color: #ebebeb;\"><span style=\"font-family: arial, helvetica, sans-serif;\"><span style=\"font-family: arial, helvetica, sans-serif; font-size: 12pt;\">Benutzerdefiniertes Format<\/span><\/span><\/td>\n<\/tr>\n<tr style=\"height: 40px; background-color: #99ccff;\">\n<td style=\"width: 22.6796%; height: 24px;\"><span style=\"font-size: 12pt;\"><strong><span style=\"font-family: arial, helvetica, sans-serif;\">Mindestbestellmenge<\/span><\/strong><\/span><\/td>\n<td style=\"width: 77.3204%; height: 24px;\"><span style=\"font-family: arial, helvetica, sans-serif; font-size: 12pt;\">100 St\u00fcck<\/span><\/td>\n<\/tr>\n<tr style=\"height: 40px; background-color: #ebebeb;\">\n<td style=\"width: 22.6796%; height: 24px;\"><span style=\"font-size: 12pt;\"><strong><span style=\"font-family: arial, helvetica, sans-serif;\">Drucken<\/span><\/strong><\/span><\/td>\n<td style=\"width: 77.3204%; height: 24px;\"><span style=\"font-family: arial, helvetica, sans-serif; font-size: 12pt;\">Mattes Finish<\/span><\/td>\n<\/tr>\n<tr style=\"height: 40px; background-color: #99ccff;\">\n<td style=\"width: 22.6796%; height: 24px;\"><span style=\"font-size: 12pt;\"><strong><span style=\"font-family: arial, helvetica, sans-serif;\">Material<\/span><\/strong><\/span><\/td>\n<td style=\"width: 77.3204%; height: 24px;\"><span style=\"font-family: arial, helvetica, sans-serif; font-size: 12pt;\">Velvet Touch-Papier<\/span><\/td>\n<\/tr>\n<tr style=\"height: 40px; background-color: #ebebeb;\">\n<td style=\"width: 22.6796%; height: 24px;\"><span style=\"font-size: 12pt;\"><strong><span style=\"font-family: arial, helvetica, sans-serif;\">Industrielle Nutzung<\/span><\/strong><\/span><\/td>\n<td style=\"width: 77.3204%; height: 24px;\"><span style=\"font-family: arial, helvetica, sans-serif; font-size: 12pt;\">Schuhe &amp; Kleidung<\/span><\/td>\n<\/tr>\n<tr style=\"height: 40px; background-color: #99ccff;\">\n<td style=\"width: 22.6796%; height: 24px;\"><span style=\"font-size: 12pt;\"><strong><span style=\"font-family: arial, helvetica, sans-serif;\">Besonderheit<\/span><\/strong><\/span><\/td>\n<td style=\"width: 77.3204%; height: 24px;\"><span style=\"font-family: arial, helvetica, sans-serif; font-size: 12pt;\">Umweltfreundlich<\/span><\/td>\n<\/tr>\n<tr style=\"height: 40px; background-color: #ebebeb;\">\n<td style=\"width: 22.6796%; height: 24px;\"><span style=\"font-size: 12pt;\"><strong><span style=\"font-family: arial, helvetica, sans-serif;\">Seitenwechsel<\/span><\/strong><\/span><\/td>\n<td style=\"width: 77.3204%; height: 24px;\"><span style=\"font-family: arial, helvetica, sans-serif; font-size: 12pt;\">3 \u2013 7 Werktage, Eilzustellung<\/span><\/td>\n<\/tr>\n<tr style=\"height: 40px; background-color: #99ccff;\">\n<td style=\"width: 22.6796%; height: 24px;\"><span style=\"font-size: 12pt;\"><strong><span style=\"font-family: arial, helvetica, sans-serif;\">Versand<\/span><\/strong><\/span><\/td>\n<td style=\"width: 77.3204%; height: 24px;\"><span style=\"font-family: arial, helvetica, sans-serif; font-size: 12pt;\">Luft, See, Express<\/span><\/td>\n<\/tr>\n<\/tbody>\n<\/table>\n<p>&nbsp;<\/p>","protected":false},"featured_media":1556,"comment_status":"open","ping_status":"closed","template":"","meta":[],"product_brand":[],"product_cat":[25],"product_tag":[],"class_list":{"0":"post-1555","1":"product","2":"type-product","3":"status-publish","4":"has-post-thumbnail","6":"product_cat-packaging-auxiliary-material","8":"first","9":"instock","10":"shipping-taxable","11":"product-type-simple"},"_links":{"self":[{"href":"https:\/\/polysmarts.com\/de\/wp-json\/wp\/v2\/product\/1555","targetHints":{"allow":["GET"]}}],"collection":[{"href":"https:\/\/polysmarts.com\/de\/wp-json\/wp\/v2\/product"}],"about":[{"href":"https:\/\/polysmarts.com\/de\/wp-json\/wp\/v2\/types\/product"}],"replies":[{"embeddable":true,"href":"https:\/\/polysmarts.com\/de\/wp-json\/wp\/v2\/comments?post=1555"}],"version-history":[{"count":5,"href":"https:\/\/polysmarts.com\/de\/wp-json\/wp\/v2\/product\/1555\/revisions"}],"predecessor-version":[{"id":1566,"href":"https:\/\/polysmarts.com\/de\/wp-json\/wp\/v2\/product\/1555\/revisions\/1566"}],"wp:featuredmedia":[{"embeddable":true,"href":"https:\/\/polysmarts.com\/de\/wp-json\/wp\/v2\/media\/1556"}],"wp:attachment":[{"href":"https:\/\/polysmarts.com\/de\/wp-json\/wp\/v2\/media?parent=1555"}],"wp:term":[{"taxonomy":"product_brand","embeddable":true,"href":"https:\/\/polysmarts.com\/de\/wp-json\/wp\/v2\/product_brand?post=1555"},{"taxonomy":"product_cat","embeddable":true,"href":"https:\/\/polysmarts.com\/de\/wp-json\/wp\/v2\/product_cat?post=1555"},{"taxonomy":"product_tag","embeddable":true,"href":"https:\/\/polysmarts.com\/de\/wp-json\/wp\/v2\/product_tag?post=1555"}],"curies":[{"name":"wp","href":"https:\/\/api.w.org\/{rel}","templated":true}]}}