{"id":1515,"date":"2024-01-05T05:58:31","date_gmt":"2024-01-05T05:58:31","guid":{"rendered":"https:\/\/polysmarts.com\/?post_type=product&#038;p=1515"},"modified":"2024-01-05T06:15:16","modified_gmt":"2024-01-05T06:15:16","slug":"individuelle-einkaufstuten-aus-papier-mit-griffen","status":"publish","type":"product","link":"https:\/\/polysmarts.com\/de\/product\/custom-paper-shopping-bags-with-handles\/","title":{"rendered":"Individuelle Einkaufst\u00fcten aus Papier mit Griffen"},"content":{"rendered":"<p>Entdecken Sie die perfekte Kombination aus Haltbarkeit, Stil und Umweltverantwortung mit unseren individuellen Einkaufst\u00fcten aus Papier mit Griffen. Diese mit viel Liebe zum Detail gefertigten Taschen definieren das Einkaufserlebnis neu.<\/p>\n<p><strong>Au\u00dfergew\u00f6hnliche Haltbarkeit:<\/strong> Die Griffe werden fachm\u00e4nnisch mit professionellem Klebstoff verklebt, was eine robuste Verbindung gew\u00e4hrleistet. Der glatte und robuste Boden der Tasche sorgt f\u00fcr zus\u00e4tzliche Haltbarkeit und bietet eine zuverl\u00e4ssige und langlebige L\u00f6sung f\u00fcr Ihre Einkaufsbed\u00fcrfnisse. Unsere Taschen bestehen aus 100 g dickem Papier, sodass Sie sich keine Sorgen um Risse machen m\u00fcssen. Sie bieten eine sichere und zuverl\u00e4ssige Option f\u00fcr Ihre Eink\u00e4ufe.<\/p>\n<p><strong>Umweltbewusste Wahl:<\/strong> Setzen Sie auf Umweltschutz, ohne Kompromisse bei der Qualit\u00e4t einzugehen. Unser Engagement f\u00fcr Nachhaltigkeit spiegelt sich in jedem Aspekt unserer Papiert\u00fcten wider. Diese mit Fokus auf umweltfreundliche Verfahren hergestellten T\u00fcten sind biologisch abbaubar und recycelbar, wodurch ihre Auswirkungen auf die Umwelt minimiert werden. Machen Sie sich keine Sorgen mehr um die Umweltverschmutzung \u2013 unsere T\u00fcten haben Zertifizierungen von Berufsverb\u00e4nden wie FSC, BV und FDA erhalten, die ihre Umweltfreundlichkeit best\u00e4tigen.<\/p>\n<p><strong>Gesund und zertifiziert:<\/strong> Unsere Papiert\u00fcten wurden strengen Tests durch professionelle Beh\u00f6rden unterzogen und erhielten Zertifikate, die ihre Qualit\u00e4t und Sicherheit best\u00e4tigen. FSC-, BV- und FDA-Zertifizierungen stellen sicher, dass unsere T\u00fcten den h\u00f6chsten Standards entsprechen und sie somit eine gesunde und zuverl\u00e4ssige Wahl f\u00fcr Ihre Kunden sind.<\/p>\n<p><strong>Anpassbare Gr\u00f6\u00dfen:<\/strong> Sie k\u00f6nnen Ihr Einkaufserlebnis personalisieren, indem Sie eine Bestellung mit Ihren eigenen Gr\u00f6\u00dfen aufgeben. Passen Sie die Abmessungen Ihren spezifischen Anforderungen an und erstellen Sie eine einzigartige Verpackungsl\u00f6sung, die zu Ihrer Markenidentit\u00e4t passt.<\/p>\n<p>Treffen Sie eine bewusste Entscheidung f\u00fcr Ihre Marke und die Umwelt mit unseren umweltfreundlichen, individuell gestalteten Einkaufst\u00fcten aus Papier mit Griffen. Verbessern Sie das Einkaufserlebnis Ihrer Kunden und tragen Sie gleichzeitig zu einem gr\u00fcneren, ges\u00fcnderen Planeten bei. Bestellen Sie noch heute und leisten Sie gemeinsam mit uns einen positiven Beitrag.<\/p>","protected":false},"excerpt":{"rendered":"<table style=\"height: 360px; width: 99.8505%; border-collapse: collapse;\" border=\"2\">\n<tbody>\n<tr style=\"height: 40px;\">\n<td style=\"width: 22.6796%; height: 30px; background-color: #99ccff;\"><span style=\"font-family: arial, helvetica, sans-serif; font-size: 12pt;\"><strong>Dimension &amp; Stil<\/strong><\/span><\/td>\n<td style=\"width: 77.3204%; height: 30px; background-color: #99ccff;\"><span style=\"font-family: arial, helvetica, sans-serif; font-size: 12pt;\">Benutzerdefinierte Formen und Gr\u00f6\u00dfen<\/span><\/td>\n<\/tr>\n<tr style=\"height: 40px;\">\n<td style=\"width: 22.6796%; height: 34px; background-color: #ebebeb;\"><span style=\"font-size: 12pt;\"><strong><span style=\"font-family: arial, helvetica, sans-serif;\">Mindestbestellmenge<\/span><\/strong><\/span><\/td>\n<td style=\"width: 77.3204%; height: 34px; background-color: #ebebeb;\"><span style=\"font-family: arial, helvetica, sans-serif; font-size: 12pt;\">1000 St\u00fcck ohne Anpassung, 5000 St\u00fcck zur Anpassung<\/span><\/td>\n<\/tr>\n<tr style=\"height: 40px; background-color: #99ccff;\">\n<td style=\"width: 22.6796%; height: 24px;\"><span style=\"font-size: 12pt;\"><strong><span style=\"font-family: arial, helvetica, sans-serif;\">Verpackungsart<\/span><\/strong><\/span><\/td>\n<td style=\"width: 77.3204%; height: 24px;\"><span style=\"font-family: arial, helvetica, sans-serif; font-size: 12pt;\">Einkaufst\u00fcten aus Papier<\/span><\/td>\n<\/tr>\n<tr style=\"height: 40px; background-color: #ebebeb;\">\n<td style=\"width: 22.6796%; height: 24px;\"><span style=\"font-size: 12pt;\"><strong><span style=\"font-family: arial, helvetica, sans-serif;\">Material<\/span><\/strong><\/span><\/td>\n<td style=\"width: 77.3204%; height: 24px;\"><span style=\"font-family: arial, helvetica, sans-serif; font-size: 12pt;\">Kraftpapier<\/span><\/td>\n<\/tr>\n<tr style=\"height: 40px; background-color: #99ccff;\">\n<td style=\"width: 22.6796%; height: 24px;\"><span style=\"font-size: 12pt;\"><strong><span style=\"font-family: arial, helvetica, sans-serif;\">Fertigstellung<\/span><\/strong><\/span><\/td>\n<td style=\"width: 77.3204%; height: 24px;\"><span style=\"font-family: arial, helvetica, sans-serif; font-size: 12pt;\">Offsetdruck<\/span><\/td>\n<\/tr>\n<tr style=\"height: 40px; background-color: #ebebeb;\">\n<td style=\"width: 22.6796%; height: 24px;\"><span style=\"font-size: 12pt;\"><strong><span style=\"font-family: arial, helvetica, sans-serif;\">Gewichtsbeschr\u00e4nkung<\/span><\/strong><\/span><\/td>\n<td style=\"width: 77.3204%; height: 24px;\"><span style=\"font-family: arial, helvetica, sans-serif; font-size: 12pt;\">2-3kg<\/span><\/td>\n<\/tr>\n<tr style=\"height: 40px; background-color: #99ccff;\">\n<td style=\"width: 22.6796%; height: 24px;\"><span style=\"font-size: 12pt;\"><strong><span style=\"font-family: arial, helvetica, sans-serif;\">Papiert\u00fctentyp<\/span><\/strong><\/span><\/td>\n<td style=\"width: 77.3204%; height: 24px;\"><span style=\"font-family: arial, helvetica, sans-serif; font-size: 12pt;\">Einkaufst\u00fcten aus Papier<\/span><\/td>\n<\/tr>\n<tr style=\"height: 40px; background-color: #ebebeb;\">\n<td style=\"width: 22.6796%; height: 24px;\"><span style=\"font-size: 12pt;\"><strong><span style=\"font-family: arial, helvetica, sans-serif;\">Seitenwechsel<\/span><\/strong><\/span><\/td>\n<td style=\"width: 77.3204%; height: 24px;\"><span style=\"font-family: arial, helvetica, sans-serif; font-size: 12pt;\">7 \u2013 15 Werktage, Eilzustellung<\/span><\/td>\n<\/tr>\n<tr style=\"height: 40px; background-color: #99ccff;\">\n<td style=\"width: 22.6796%; height: 24px;\"><span style=\"font-size: 12pt;\"><strong><span style=\"font-family: arial, helvetica, sans-serif;\">Versand<\/span><\/strong><\/span><\/td>\n<td style=\"width: 77.3204%; height: 24px;\"><span style=\"font-family: arial, helvetica, sans-serif; font-size: 12pt;\">Luft, See, Express<\/span><\/td>\n<\/tr>\n<\/tbody>\n<\/table>\n<p>&nbsp;<\/p>","protected":false},"featured_media":1516,"comment_status":"open","ping_status":"closed","template":"","meta":[],"product_brand":[],"product_cat":[34],"product_tag":[],"class_list":{"0":"post-1515","1":"product","2":"type-product","3":"status-publish","4":"has-post-thumbnail","6":"product_cat-paper-packing","8":"first","9":"instock","10":"shipping-taxable","11":"product-type-simple"},"_links":{"self":[{"href":"https:\/\/polysmarts.com\/de\/wp-json\/wp\/v2\/product\/1515","targetHints":{"allow":["GET"]}}],"collection":[{"href":"https:\/\/polysmarts.com\/de\/wp-json\/wp\/v2\/product"}],"about":[{"href":"https:\/\/polysmarts.com\/de\/wp-json\/wp\/v2\/types\/product"}],"replies":[{"embeddable":true,"href":"https:\/\/polysmarts.com\/de\/wp-json\/wp\/v2\/comments?post=1515"}],"version-history":[{"count":2,"href":"https:\/\/polysmarts.com\/de\/wp-json\/wp\/v2\/product\/1515\/revisions"}],"predecessor-version":[{"id":1523,"href":"https:\/\/polysmarts.com\/de\/wp-json\/wp\/v2\/product\/1515\/revisions\/1523"}],"wp:featuredmedia":[{"embeddable":true,"href":"https:\/\/polysmarts.com\/de\/wp-json\/wp\/v2\/media\/1516"}],"wp:attachment":[{"href":"https:\/\/polysmarts.com\/de\/wp-json\/wp\/v2\/media?parent=1515"}],"wp:term":[{"taxonomy":"product_brand","embeddable":true,"href":"https:\/\/polysmarts.com\/de\/wp-json\/wp\/v2\/product_brand?post=1515"},{"taxonomy":"product_cat","embeddable":true,"href":"https:\/\/polysmarts.com\/de\/wp-json\/wp\/v2\/product_cat?post=1515"},{"taxonomy":"product_tag","embeddable":true,"href":"https:\/\/polysmarts.com\/de\/wp-json\/wp\/v2\/product_tag?post=1515"}],"curies":[{"name":"wp","href":"https:\/\/api.w.org\/{rel}","templated":true}]}}