{"id":1500,"date":"2024-01-04T09:10:07","date_gmt":"2024-01-04T09:10:07","guid":{"rendered":"https:\/\/polysmarts.com\/?post_type=product&#038;p=1500"},"modified":"2024-01-04T09:23:17","modified_gmt":"2024-01-04T09:23:17","slug":"individuelle-kaffeebeutel-aus-kraftpapier-mit-ventil","status":"publish","type":"product","link":"https:\/\/polysmarts.com\/de\/product\/custom-kraft-paper-coffee-bags-with-valve\/","title":{"rendered":"Kundenspezifische Kaffeebeutel aus Kraftpapier mit Ventil"},"content":{"rendered":"<p>Halten Sie Ihre Kaffeebohnen oder Ihren Kaffeesatz l\u00e4nger frisch dank des integrierten Entgasungsventils, das das Eindringen von Gasen und Feuchtigkeit wirksam verhindert. Der seitliche Rei\u00dfverschluss verf\u00fcgt \u00fcber ein manipulationssicheres Siegel, das die Unversehrtheit Ihres Produkts gew\u00e4hrleistet.<\/p>\n<p>Unsere Beutel werden aus lebensmittelsicheren Materialien hergestellt und bestehen aus nat\u00fcrlichem Kraftpapier, einer sch\u00fctzenden Innenauskleidung aus Aluminiumfolie und einer Au\u00dfenschicht aus LLDPE f\u00fcr verbesserte Haltbarkeit. Mit einer robusten Dicke von 6 Millimetern bieten diese Beutel eine hervorragende Feuchtigkeitsbarriere und eine hohe Widerstandsf\u00e4higkeit gegen Einstiche und Risse und garantieren so die Konservierung Ihres Premiumkaffees.<\/p>\n<p>Hauptmerkmale:<\/p>\n<ul>\n<li><strong>Kapazit\u00e4t:<\/strong> Unsere Beutel sind speziell f\u00fcr 16 oz\/1lb Kaffeebohnen oder Kaffeepulver konzipiert und bieten ausreichend Platz f\u00fcr Ihr Produkt. F\u00fcr Ihre individuellen Verpackungsbed\u00fcrfnisse sind auch Sondergr\u00f6\u00dfen erh\u00e4ltlich.<\/li>\n<li><strong>Flexible Gr\u00f6\u00dfe:<\/strong> Das Kraft-Design mit flachem Boden und Seitenfalten sorgt f\u00fcr Stabilit\u00e4t und ein elegantes Erscheinungsbild. Die Abmessungen von 5,5 x 3,4 x 9,2 Zoll (140 x 85 x 235 mm) bieten eine vielseitige L\u00f6sung, und wir freuen uns \u00fcber individuelle Gr\u00f6\u00dfenanfragen (L\u00e4nge x Breite x H\u00f6he), um Ihren Anforderungen perfekt gerecht zu werden.<\/li>\n<li><strong>Druckbares Stand-Up-Design:<\/strong> Das attraktive Stand-Up-Design unserer Taschen steigert nicht nur die \u00c4sthetik, sondern bietet auch eine einzelhandelsfreundliche Plattform f\u00fcr Ihre Marke. Beide Seiten sind bedruckbar, sodass Sie sie individuell beschriften und branden k\u00f6nnen, um Ihre einzigartige Identit\u00e4t auszudr\u00fccken.<\/li>\n<li><strong>Hinweis zur Versiegelung:<\/strong> Um die Frische und Sicherheit Ihres Produkts zu gew\u00e4hrleisten, ist ein Hei\u00dfsiegelger\u00e4t (nicht im Lieferumfang enthalten) erforderlich, um die Klappen der Papiert\u00fcte sicher zu verschlie\u00dfen.<\/li>\n<\/ul>\n<p>W\u00e4hlen Sie unsere Premium-Kaffeebeutel aus Kraftpapier mit Ventil f\u00fcr die perfekte Kombination aus Funktionalit\u00e4t, Haltbarkeit und Individualisierung. Steigern Sie die Pr\u00e4senz Ihrer Marke mit einer Verpackungsl\u00f6sung, die nicht nur Ihren Kaffee frisch h\u00e4lt, sondern auch die Qualit\u00e4t und Einzigartigkeit Ihres Produkts widerspiegelt.<\/p>","protected":false},"excerpt":{"rendered":"<table style=\"height: 360px; width: 99.8505%; border-collapse: collapse;\" border=\"2\">\n<tbody>\n<tr style=\"height: 40px;\">\n<td style=\"width: 22.6796%; height: 30px; background-color: #99ccff;\"><span style=\"font-family: arial, helvetica, sans-serif; font-size: 12pt;\"><strong>Dimension &amp; Stil<\/strong><\/span><\/td>\n<td style=\"width: 77.3204%; height: 30px; background-color: #99ccff;\"><span style=\"font-family: arial, helvetica, sans-serif; font-size: 12pt;\">Benutzerdefinierte Formen und Gr\u00f6\u00dfen<\/span><\/td>\n<\/tr>\n<tr style=\"height: 40px;\">\n<td style=\"width: 22.6796%; height: 34px; background-color: #ebebeb;\"><span style=\"font-size: 12pt;\"><strong><span style=\"font-family: arial, helvetica, sans-serif;\">Mindestbestellmenge<\/span><\/strong><\/span><\/td>\n<td style=\"width: 77.3204%; height: 34px; background-color: #ebebeb;\"><span style=\"font-family: arial, helvetica, sans-serif; font-size: 12pt;\">1000 St\u00fcck ohne Anpassung, 10000 St\u00fcck zur Anpassung<\/span><\/td>\n<\/tr>\n<tr style=\"height: 40px; background-color: #99ccff;\">\n<td style=\"width: 22.6796%; height: 24px;\"><span style=\"font-size: 12pt;\"><strong><span style=\"font-family: arial, helvetica, sans-serif;\">Verpackungsart<\/span><\/strong><\/span><\/td>\n<td style=\"width: 77.3204%; height: 24px;\"><span style=\"font-family: arial, helvetica, sans-serif; font-size: 12pt;\">Standbeutel aus Kraftpapier<\/span><\/td>\n<\/tr>\n<tr style=\"height: 40px; background-color: #ebebeb;\">\n<td style=\"width: 22.6796%; height: 24px;\"><span style=\"font-size: 12pt;\"><strong><span style=\"font-family: arial, helvetica, sans-serif;\">Drucken<\/span><\/strong><\/span><\/td>\n<td style=\"width: 77.3204%; height: 24px;\"><span style=\"font-family: arial, helvetica, sans-serif; font-size: 12pt;\">Tiefdruck (1 \u2013 10 Farben), Kein Druck (Normal)<\/span><\/td>\n<\/tr>\n<tr style=\"height: 40px; background-color: #99ccff;\">\n<td style=\"width: 22.6796%; height: 24px;\"><span style=\"font-size: 12pt;\"><strong><span style=\"font-family: arial, helvetica, sans-serif;\">Fertigstellung<\/span><\/strong><\/span><\/td>\n<td style=\"width: 77.3204%; height: 24px;\"><span style=\"font-family: arial, helvetica, sans-serif; font-size: 12pt;\">Glanz-\/Matt-Laminierung<\/span><\/td>\n<\/tr>\n<tr style=\"height: 40px; background-color: #ebebeb;\">\n<td style=\"width: 22.6796%; height: 24px;\"><span style=\"font-size: 12pt;\"><strong><span style=\"font-family: arial, helvetica, sans-serif;\">Enthaltene Optionen<\/span><\/strong><\/span><\/td>\n<td style=\"width: 77.3204%; height: 24px;\"><span style=\"font-family: arial, helvetica, sans-serif; font-size: 12pt;\">Stanzen<\/span><\/td>\n<\/tr>\n<tr style=\"height: 40px; background-color: #99ccff;\">\n<td style=\"width: 22.6796%; height: 24px;\"><span style=\"font-size: 12pt;\"><strong><span style=\"font-family: arial, helvetica, sans-serif;\">Nachweisen<\/span><\/strong><\/span><\/td>\n<td style=\"width: 77.3204%; height: 24px;\"><span style=\"font-family: arial, helvetica, sans-serif; font-size: 12pt;\">Geruchsbeweise<\/span><\/td>\n<\/tr>\n<tr style=\"height: 40px; background-color: #ebebeb;\">\n<td style=\"width: 22.6796%; height: 24px;\"><span style=\"font-size: 12pt;\"><strong><span style=\"font-family: arial, helvetica, sans-serif;\">Seitenwechsel<\/span><\/strong><\/span><\/td>\n<td style=\"width: 77.3204%; height: 24px;\"><span style=\"font-family: arial, helvetica, sans-serif; font-size: 12pt;\">7 \u2013 15 Werktage, Eilzustellung<\/span><\/td>\n<\/tr>\n<tr style=\"height: 40px; background-color: #99ccff;\">\n<td style=\"width: 22.6796%; height: 24px;\"><span style=\"font-size: 12pt;\"><strong><span style=\"font-family: arial, helvetica, sans-serif;\">Versand<\/span><\/strong><\/span><\/td>\n<td style=\"width: 77.3204%; height: 24px;\"><span style=\"font-family: arial, helvetica, sans-serif; font-size: 12pt;\">Luft, See, Express<\/span><\/td>\n<\/tr>\n<\/tbody>\n<\/table>\n<p>&nbsp;<\/p>","protected":false},"featured_media":1506,"comment_status":"open","ping_status":"closed","template":"","meta":[],"product_brand":[],"product_cat":[20,27],"product_tag":[],"class_list":{"0":"post-1500","1":"product","2":"type-product","3":"status-publish","4":"has-post-thumbnail","6":"product_cat-kraft-paper-bag","7":"product_cat-coffee-and-tea-packaging","9":"first","10":"instock","11":"shipping-taxable","12":"product-type-simple"},"_links":{"self":[{"href":"https:\/\/polysmarts.com\/de\/wp-json\/wp\/v2\/product\/1500","targetHints":{"allow":["GET"]}}],"collection":[{"href":"https:\/\/polysmarts.com\/de\/wp-json\/wp\/v2\/product"}],"about":[{"href":"https:\/\/polysmarts.com\/de\/wp-json\/wp\/v2\/types\/product"}],"replies":[{"embeddable":true,"href":"https:\/\/polysmarts.com\/de\/wp-json\/wp\/v2\/comments?post=1500"}],"version-history":[{"count":2,"href":"https:\/\/polysmarts.com\/de\/wp-json\/wp\/v2\/product\/1500\/revisions"}],"predecessor-version":[{"id":1508,"href":"https:\/\/polysmarts.com\/de\/wp-json\/wp\/v2\/product\/1500\/revisions\/1508"}],"wp:featuredmedia":[{"embeddable":true,"href":"https:\/\/polysmarts.com\/de\/wp-json\/wp\/v2\/media\/1506"}],"wp:attachment":[{"href":"https:\/\/polysmarts.com\/de\/wp-json\/wp\/v2\/media?parent=1500"}],"wp:term":[{"taxonomy":"product_brand","embeddable":true,"href":"https:\/\/polysmarts.com\/de\/wp-json\/wp\/v2\/product_brand?post=1500"},{"taxonomy":"product_cat","embeddable":true,"href":"https:\/\/polysmarts.com\/de\/wp-json\/wp\/v2\/product_cat?post=1500"},{"taxonomy":"product_tag","embeddable":true,"href":"https:\/\/polysmarts.com\/de\/wp-json\/wp\/v2\/product_tag?post=1500"}],"curies":[{"name":"wp","href":"https:\/\/api.w.org\/{rel}","templated":true}]}}