{"id":1491,"date":"2024-01-04T08:51:15","date_gmt":"2024-01-04T08:51:15","guid":{"rendered":"https:\/\/polysmarts.com\/?post_type=product&#038;p=1491"},"modified":"2024-01-04T09:04:36","modified_gmt":"2024-01-04T09:04:36","slug":"klarer-standbeutel-mit-druckverschluss-fur-obst-und-gemuse","status":"publish","type":"product","link":"https:\/\/polysmarts.com\/de\/product\/stand-up-clear-ziplock-bag-for-fruit-and-vegetable\/","title":{"rendered":"Transparenter Standbeutel mit Druckverschluss f\u00fcr Obst und Gem\u00fcse"},"content":{"rendered":"<p>Die Gr\u00f6\u00dfe des Beutels kann vollst\u00e4ndig an Ihre spezifischen Anforderungen angepasst werden, sodass er perfekt zu Ihren Produkten passt. Dieser Beutel besteht aus hochwertigem PET\/NY\/PE-Material mit einer Dicke von 140 Mikrometern und garantiert hervorragende Barriereeigenschaften, Feuchtigkeitsbest\u00e4ndigkeit, aseptische Lagerung und zuverl\u00e4ssige Wiederverschlie\u00dfbarkeit, um ein Auslaufen zu verhindern.<\/p>\n<p>Individualisierung steht bei unserem Angebot im Mittelpunkt \u2013 Sie k\u00f6nnen nicht nur die Gr\u00f6\u00dfe w\u00e4hlen, die am besten zu Ihnen passt, sondern wir bieten auch Optionen f\u00fcr personalisierten Druck. Unsere Taschen sind in bis zu 10 Farben erh\u00e4ltlich, sodass Sie ein optisch ansprechendes und informatives Design erstellen k\u00f6nnen, das Ihre Produkte von der Masse abhebt.<\/p>\n<p>Der Rei\u00dfverschluss oben macht die Verpackung praktischer, sodass Ihre Kunden leicht auf den Inhalt zugreifen k\u00f6nnen und die Frische der Produkte erhalten bleibt. Mit einer Mindestbestellmenge (MOQ) von 1000 St\u00fcck k\u00f6nnen Sie die Vorteile dieser hochwertigen Beutel genie\u00dfen, ohne Kompromisse bei der Menge eingehen zu m\u00fcssen.<\/p>\n<p>Vorteile:<\/p>\n<ol>\n<li><strong>Hervorragende Barriere und Feuchtigkeitsbest\u00e4ndigkeit:<\/strong> Unsere Beutel bieten eine hervorragende Barriere gegen \u00e4u\u00dfere Einfl\u00fcsse und gew\u00e4hrleisten so die Frische und Qualit\u00e4t Ihres Obstes und Gem\u00fcses. Das feuchtigkeitsdichte Design sch\u00fctzt den Inhalt vor Feuchtigkeit.<\/li>\n<li><strong>Aseptisch und wiederverschlie\u00dfbar:<\/strong> Die aseptische Beschaffenheit unserer Beutel gew\u00e4hrleistet eine saubere und hygienische Lagerung Ihrer Produkte. Die Wiederverschlie\u00dfbarkeit erh\u00f6ht den Benutzerkomfort, da sie ein einfaches \u00d6ffnen und Schlie\u00dfen erm\u00f6glicht und gleichzeitig das Produkt konserviert.<\/li>\n<li><strong>Lebensmittelechtes Standardmaterial:<\/strong> Unsere Beutel entsprechen den Lebensmittelstandards und werden aus erstklassigen Materialien hergestellt, um die Sicherheit und Qualit\u00e4t Ihrer Produkte zu gew\u00e4hrleisten. Sie k\u00f6nnen sicher sein, dass Ihre Kunden Produkte in einwandfreiem Zustand erhalten.<\/li>\n<li><strong>Professioneller Service und wettbewerbsf\u00e4higer Preis:<\/strong> Wir sind stolz darauf, qualitativ hochwertige Produkte und professionellen Service zu einem wettbewerbsf\u00e4higen Preis anzubieten. Unser Ziel ist es, Ihnen Verpackungsl\u00f6sungen zu bieten, die Ihr Markenimage verbessern und Ihren Budgetanforderungen entsprechen.<\/li>\n<li><strong>Schnelle Lieferung:<\/strong> Zeit ist ein entscheidender Faktor und wir wissen, wie dringend Ihr Verpackungsbedarf ist. Profitieren Sie von unserem schnellen Lieferservice, der sicherstellt, dass Ihre Bestellung Sie umgehend erreicht.<\/li>\n<\/ol>\n<p>W\u00e4hlen Sie unseren Premium-Standbeutel mit transparentem Ziplock-Verschluss \u2013 die ideale Verpackungsl\u00f6sung, um die Frische und Optik Ihres Obstes und Gem\u00fcses zu bewahren. Erleben Sie die perfekte Kombination aus Funktionalit\u00e4t, Anpassung und Erschwinglichkeit in einem innovativen Paket.<\/p>","protected":false},"excerpt":{"rendered":"<table style=\"height: 360px; width: 99.8505%; border-collapse: collapse;\" border=\"2\">\n<tbody>\n<tr style=\"height: 40px;\">\n<td style=\"width: 22.6796%; height: 30px; background-color: #99ccff;\"><span style=\"font-family: arial, helvetica, sans-serif; font-size: 12pt;\"><strong>Dimension &amp; Stil<\/strong><\/span><\/td>\n<td style=\"width: 77.3204%; height: 30px; background-color: #99ccff;\"><span style=\"font-family: arial, helvetica, sans-serif; font-size: 12pt;\">Benutzerdefinierte Formen und Gr\u00f6\u00dfen<\/span><\/td>\n<\/tr>\n<tr style=\"height: 40px;\">\n<td style=\"width: 22.6796%; height: 34px; background-color: #ebebeb;\"><span style=\"font-size: 12pt;\"><strong><span style=\"font-family: arial, helvetica, sans-serif;\">Mindestbestellmenge<\/span><\/strong><\/span><\/td>\n<td style=\"width: 77.3204%; height: 34px; background-color: #ebebeb;\"><span style=\"font-family: arial, helvetica, sans-serif; font-size: 12pt;\">1000 St\u00fcck ohne Anpassung, 10000 St\u00fcck zur Anpassung<\/span><\/td>\n<\/tr>\n<tr style=\"height: 40px; background-color: #99ccff;\">\n<td style=\"width: 22.6796%; height: 24px;\"><span style=\"font-size: 12pt;\"><strong><span style=\"font-family: arial, helvetica, sans-serif;\">Verpackungsart<\/span><\/strong><\/span><\/td>\n<td style=\"width: 77.3204%; height: 24px;\"><span style=\"font-family: arial, helvetica, sans-serif; font-size: 12pt;\">Standbodenbeutel<\/span><\/td>\n<\/tr>\n<tr style=\"height: 40px; background-color: #ebebeb;\">\n<td style=\"width: 22.6796%; height: 24px;\"><span style=\"font-size: 12pt;\"><strong><span style=\"font-family: arial, helvetica, sans-serif;\">Drucken<\/span><\/strong><\/span><\/td>\n<td style=\"width: 77.3204%; height: 24px;\"><span style=\"font-family: arial, helvetica, sans-serif; font-size: 12pt;\">CMYK (1 \u2013 10 Farben), kein Druck (Normal)<\/span><\/td>\n<\/tr>\n<tr style=\"height: 40px; background-color: #99ccff;\">\n<td style=\"width: 22.6796%; height: 24px;\"><span style=\"font-size: 12pt;\"><strong><span style=\"font-family: arial, helvetica, sans-serif;\">Fertigstellung<\/span><\/strong><\/span><\/td>\n<td style=\"width: 77.3204%; height: 24px;\"><span style=\"font-family: arial, helvetica, sans-serif; font-size: 12pt;\">Glanz-\/Matt-Laminierung, Offsetdruck<\/span><\/td>\n<\/tr>\n<tr style=\"height: 40px; background-color: #ebebeb;\">\n<td style=\"width: 22.6796%; height: 24px;\"><span style=\"font-size: 12pt;\"><strong><span style=\"font-family: arial, helvetica, sans-serif;\">Enthaltene Optionen<\/span><\/strong><\/span><\/td>\n<td style=\"width: 77.3204%; height: 24px;\"><span style=\"font-family: arial, helvetica, sans-serif; font-size: 12pt;\">Stanzen, Hei\u00dfsiegeln<\/span><\/td>\n<\/tr>\n<tr style=\"height: 40px; background-color: #99ccff;\">\n<td style=\"width: 22.6796%; height: 24px;\"><span style=\"font-size: 12pt;\"><strong><span style=\"font-family: arial, helvetica, sans-serif;\">Nachweisen<\/span><\/strong><\/span><\/td>\n<td style=\"width: 77.3204%; height: 24px;\"><span style=\"font-family: arial, helvetica, sans-serif; font-size: 12pt;\">Feuchtigkeitsbest\u00e4ndig\u00a0<\/span><\/td>\n<\/tr>\n<tr style=\"height: 40px; background-color: #ebebeb;\">\n<td style=\"width: 22.6796%; height: 24px;\"><span style=\"font-size: 12pt;\"><strong><span style=\"font-family: arial, helvetica, sans-serif;\">Seitenwechsel<\/span><\/strong><\/span><\/td>\n<td style=\"width: 77.3204%; height: 24px;\"><span style=\"font-family: arial, helvetica, sans-serif; font-size: 12pt;\">7 \u2013 15 Werktage, Eilzustellung<\/span><\/td>\n<\/tr>\n<tr style=\"height: 40px; background-color: #99ccff;\">\n<td style=\"width: 22.6796%; height: 24px;\"><span style=\"font-size: 12pt;\"><strong><span style=\"font-family: arial, helvetica, sans-serif;\">Versand<\/span><\/strong><\/span><\/td>\n<td style=\"width: 77.3204%; height: 24px;\"><span style=\"font-family: arial, helvetica, sans-serif; font-size: 12pt;\">Luft, See, Express<\/span><\/td>\n<\/tr>\n<tr style=\"height: 40px; background-color: #ebebeb;\">\n<td style=\"width: 22.6796%; height: 24px;\"><span style=\"font-size: 12pt;\"><strong><span style=\"font-family: arial, helvetica, sans-serif;\">Material<\/span><\/strong><\/span><\/td>\n<td style=\"width: 77.3204%; height: 24px;\"><span style=\"font-family: arial, helvetica, sans-serif; font-size: 12pt;\">PET\/NY\/PE<\/span><\/td>\n<\/tr>\n<\/tbody>\n<\/table>\n<p>&nbsp;<\/p>","protected":false},"featured_media":1492,"comment_status":"open","ping_status":"closed","template":"","meta":[],"product_brand":[],"product_cat":[26,18],"product_tag":[],"class_list":{"0":"post-1491","1":"product","2":"type-product","3":"status-publish","4":"has-post-thumbnail","6":"product_cat-food-packaging","7":"product_cat-zipper-bags","9":"first","10":"instock","11":"shipping-taxable","12":"product-type-simple"},"_links":{"self":[{"href":"https:\/\/polysmarts.com\/de\/wp-json\/wp\/v2\/product\/1491","targetHints":{"allow":["GET"]}}],"collection":[{"href":"https:\/\/polysmarts.com\/de\/wp-json\/wp\/v2\/product"}],"about":[{"href":"https:\/\/polysmarts.com\/de\/wp-json\/wp\/v2\/types\/product"}],"replies":[{"embeddable":true,"href":"https:\/\/polysmarts.com\/de\/wp-json\/wp\/v2\/comments?post=1491"}],"version-history":[{"count":2,"href":"https:\/\/polysmarts.com\/de\/wp-json\/wp\/v2\/product\/1491\/revisions"}],"predecessor-version":[{"id":1499,"href":"https:\/\/polysmarts.com\/de\/wp-json\/wp\/v2\/product\/1491\/revisions\/1499"}],"wp:featuredmedia":[{"embeddable":true,"href":"https:\/\/polysmarts.com\/de\/wp-json\/wp\/v2\/media\/1492"}],"wp:attachment":[{"href":"https:\/\/polysmarts.com\/de\/wp-json\/wp\/v2\/media?parent=1491"}],"wp:term":[{"taxonomy":"product_brand","embeddable":true,"href":"https:\/\/polysmarts.com\/de\/wp-json\/wp\/v2\/product_brand?post=1491"},{"taxonomy":"product_cat","embeddable":true,"href":"https:\/\/polysmarts.com\/de\/wp-json\/wp\/v2\/product_cat?post=1491"},{"taxonomy":"product_tag","embeddable":true,"href":"https:\/\/polysmarts.com\/de\/wp-json\/wp\/v2\/product_tag?post=1491"}],"curies":[{"name":"wp","href":"https:\/\/api.w.org\/{rel}","templated":true}]}}