{"id":1478,"date":"2024-01-03T07:25:34","date_gmt":"2024-01-03T07:25:34","guid":{"rendered":"https:\/\/polysmarts.com\/?post_type=product&#038;p=1478"},"modified":"2024-01-03T07:31:35","modified_gmt":"2024-01-03T07:31:35","slug":"weise-kraftpapiertuten-groshandel-mit-aluminiumfolie-innen","status":"publish","type":"product","link":"https:\/\/polysmarts.com\/de\/product\/white-kraft-paper-bags-wholesale-with-aluminum-foil-inside\/","title":{"rendered":"Gro\u00dfhandel mit wei\u00dfen Kraftpapiert\u00fcten mit Aluminiumfolie innen"},"content":{"rendered":"<p>Entdecken Sie die vielseitigen Eigenschaften unserer wei\u00dfen Kraftpapiert\u00fcten f\u00fcr den Gro\u00dfhandel mit einer zuverl\u00e4ssigen Innenbeschichtung aus Aluminiumfolie. Diese T\u00fcten werden mit gr\u00f6\u00dfter Sorgfalt hergestellt, um sicherzustellen, dass sie praktisch und praktisch sind und so vielen verschiedenen Anforderungen gerecht werden.<\/p>\n<p>Hauptmerkmale:<\/p>\n<ol>\n<li><strong>Multifunktionale Exzellenz:<\/strong> Diese Beutel sind lebensmittelecht und eignen sich daher nicht nur zum Verpacken von Lebensmitteln, sondern auch von Kosmetika und Alltagsgegenst\u00e4nden. Organisieren Sie Ihre Sachen m\u00fchelos und sorgen Sie f\u00fcr einen sauberen, aufger\u00e4umten Raum.<\/li>\n<li><strong>Vielseitig einsetzbar:<\/strong> Ausgestattet mit einem benutzerfreundlichen Ziplock und Aufrei\u00dfkerben eignen sich unsere Beutel perfekt zum Frischhalten. Sie sind ideal zum Aufbewahren von Lebensmitteln, kleinen Gegenst\u00e4nden und Geschenken und k\u00f6nnen mit einem Impulsschwei\u00dfger\u00e4t hei\u00dfversiegelt werden, um die Haltbarkeit der Produkte zu verl\u00e4ngern.<\/li>\n<li><strong>Benutzerfreundlichkeit:<\/strong> Genie\u00dfen Sie m\u00fcheloses Aufbewahren und Verpacken mit unseren benutzerfreundlichen Beuteln. Einfach \u00f6ffnen und verschlie\u00dfen \u2013 verschlie\u00dfen Sie den Rei\u00dfverschluss manuell oder versiegeln Sie den offenen oberen Teil \u00fcber dem Rei\u00dfverschluss mit Hei\u00dfsiegelung f\u00fcr eine effektive Aufbewahrung.<\/li>\n<li><strong>Breites Anwendungsspektrum:<\/strong> Diese Beutel sind auf unterschiedliche Aufbewahrungsbed\u00fcrfnisse zugeschnitten und eignen sich f\u00fcr Kaffee, Bohnen, S\u00fc\u00dfigkeiten, Zucker, Reis, Backzutaten, Kekse, Tee, N\u00fcsse, Trockenfr\u00fcchte, Trockenblumen, Pulver, Snacks und mehr. Perfekt f\u00fcr Lebensmittel- und Kosmetikproben und bieten langfristige Aufbewahrungsl\u00f6sungen.<\/li>\n<li><strong>Wiederverwendbares Design:<\/strong> Der Rei\u00dfverschluss erleichtert das m\u00fchelose Einlegen und Entnehmen von Produkten und macht die Beutel wiederverwendbar. Sie sind aus lebensmittelechten Materialien gefertigt und haben ein geschmacksneutrales Design, um die Sicherheit und Frische Ihrer gelagerten Artikel zu gew\u00e4hrleisten. Die Beutel sind robust und dehnbar und garantieren Langlebigkeit.<\/li>\n<\/ol>\n<p>\u00dcberzeugen Sie sich von der Zweckm\u00e4\u00dfigkeit und Vielseitigkeit unserer wei\u00dfen Kraftpapiert\u00fcten mit Aluminiumfolie \u2013 eine zuverl\u00e4ssige L\u00f6sung f\u00fcr Ihre Lager- und Verpackungsbed\u00fcrfnisse. Kaufen Sie jetzt und genie\u00dfen Sie ein nahtloses Erlebnis beim Bewahren der Frische und Aufrechterhalten von Ordnung in Ihren R\u00e4umen.<\/p>","protected":false},"excerpt":{"rendered":"<table style=\"height: 360px; width: 99.8505%; border-collapse: collapse;\" border=\"2\">\n<tbody>\n<tr style=\"height: 40px;\">\n<td style=\"width: 22.6796%; height: 30px; background-color: #99ccff;\"><span style=\"font-family: arial, helvetica, sans-serif; font-size: 12pt;\"><strong>Dimension &amp; Stil<\/strong><\/span><\/td>\n<td style=\"width: 77.3204%; height: 30px; background-color: #99ccff;\"><span style=\"font-family: arial, helvetica, sans-serif; font-size: 12pt;\">Benutzerdefinierte Formen und Gr\u00f6\u00dfen<\/span><\/td>\n<\/tr>\n<tr style=\"height: 40px;\">\n<td style=\"width: 22.6796%; height: 34px; background-color: #ebebeb;\"><span style=\"font-size: 12pt;\"><strong><span style=\"font-family: arial, helvetica, sans-serif;\">Mindestbestellmenge<\/span><\/strong><\/span><\/td>\n<td style=\"width: 77.3204%; height: 34px; background-color: #ebebeb;\"><span style=\"font-family: arial, helvetica, sans-serif; font-size: 12pt;\">1000 St\u00fcck ohne Anpassung, 10000 St\u00fcck zur Anpassung<\/span><\/td>\n<\/tr>\n<tr style=\"height: 40px; background-color: #99ccff;\">\n<td style=\"width: 22.6796%; height: 24px;\"><span style=\"font-size: 12pt;\"><strong><span style=\"font-family: arial, helvetica, sans-serif;\">Verpackungsart<\/span><\/strong><\/span><\/td>\n<td style=\"width: 77.3204%; height: 24px;\"><span style=\"font-family: arial, helvetica, sans-serif; font-size: 12pt;\">Standbeutel aus Kraftpapier<\/span><\/td>\n<\/tr>\n<tr style=\"height: 40px; background-color: #ebebeb;\">\n<td style=\"width: 22.6796%; height: 24px;\"><span style=\"font-size: 12pt;\"><strong><span style=\"font-family: arial, helvetica, sans-serif;\">Drucken<\/span><\/strong><\/span><\/td>\n<td style=\"width: 77.3204%; height: 24px;\"><span style=\"font-family: arial, helvetica, sans-serif; font-size: 12pt;\">CMYK (1 \u2013 8 Farben), kein Druck (Normal)<\/span><\/td>\n<\/tr>\n<tr style=\"height: 40px; background-color: #99ccff;\">\n<td style=\"width: 22.6796%; height: 24px;\"><span style=\"font-size: 12pt;\"><strong><span style=\"font-family: arial, helvetica, sans-serif;\">Fertigstellung<\/span><\/strong><\/span><\/td>\n<td style=\"width: 77.3204%; height: 24px;\"><span style=\"font-family: arial, helvetica, sans-serif; font-size: 12pt;\">Glanz-\/Matt-Laminierung<\/span><\/td>\n<\/tr>\n<tr style=\"height: 40px; background-color: #ebebeb;\">\n<td style=\"width: 22.6796%; height: 24px;\"><span style=\"font-size: 12pt;\"><strong><span style=\"font-family: arial, helvetica, sans-serif;\">Enthaltene Optionen<\/span><\/strong><\/span><\/td>\n<td style=\"width: 77.3204%; height: 24px;\"><span style=\"font-family: arial, helvetica, sans-serif; font-size: 12pt;\">Stanzen<\/span><\/td>\n<\/tr>\n<tr style=\"height: 40px; background-color: #99ccff;\">\n<td style=\"width: 22.6796%; height: 24px;\"><span style=\"font-size: 12pt;\"><strong><span style=\"font-family: arial, helvetica, sans-serif;\">Nachweisen<\/span><\/strong><\/span><\/td>\n<td style=\"width: 77.3204%; height: 24px;\"><span style=\"font-family: arial, helvetica, sans-serif; font-size: 12pt;\">Geruchsbeweise<\/span><\/td>\n<\/tr>\n<tr style=\"height: 40px; background-color: #ebebeb;\">\n<td style=\"width: 22.6796%; height: 24px;\"><span style=\"font-size: 12pt;\"><strong><span style=\"font-family: arial, helvetica, sans-serif;\">Seitenwechsel<\/span><\/strong><\/span><\/td>\n<td style=\"width: 77.3204%; height: 24px;\"><span style=\"font-family: arial, helvetica, sans-serif; font-size: 12pt;\">7 \u2013 15 Werktage, Eilzustellung<\/span><\/td>\n<\/tr>\n<tr style=\"height: 40px; background-color: #99ccff;\">\n<td style=\"width: 22.6796%; height: 24px;\"><span style=\"font-size: 12pt;\"><strong><span style=\"font-family: arial, helvetica, sans-serif;\">Versand<\/span><\/strong><\/span><\/td>\n<td style=\"width: 77.3204%; height: 24px;\"><span style=\"font-family: arial, helvetica, sans-serif; font-size: 12pt;\">Luft, See, Express<\/span><\/td>\n<\/tr>\n<\/tbody>\n<\/table>\n<p>&nbsp;<\/p>","protected":false},"featured_media":1479,"comment_status":"open","ping_status":"closed","template":"","meta":[],"product_brand":[],"product_cat":[26,20,18],"product_tag":[],"class_list":{"0":"post-1478","1":"product","2":"type-product","3":"status-publish","4":"has-post-thumbnail","6":"product_cat-food-packaging","7":"product_cat-kraft-paper-bag","8":"product_cat-zipper-bags","10":"first","11":"instock","12":"shipping-taxable","13":"product-type-simple"},"_links":{"self":[{"href":"https:\/\/polysmarts.com\/de\/wp-json\/wp\/v2\/product\/1478","targetHints":{"allow":["GET"]}}],"collection":[{"href":"https:\/\/polysmarts.com\/de\/wp-json\/wp\/v2\/product"}],"about":[{"href":"https:\/\/polysmarts.com\/de\/wp-json\/wp\/v2\/types\/product"}],"replies":[{"embeddable":true,"href":"https:\/\/polysmarts.com\/de\/wp-json\/wp\/v2\/comments?post=1478"}],"version-history":[{"count":1,"href":"https:\/\/polysmarts.com\/de\/wp-json\/wp\/v2\/product\/1478\/revisions"}],"predecessor-version":[{"id":1486,"href":"https:\/\/polysmarts.com\/de\/wp-json\/wp\/v2\/product\/1478\/revisions\/1486"}],"wp:featuredmedia":[{"embeddable":true,"href":"https:\/\/polysmarts.com\/de\/wp-json\/wp\/v2\/media\/1479"}],"wp:attachment":[{"href":"https:\/\/polysmarts.com\/de\/wp-json\/wp\/v2\/media?parent=1478"}],"wp:term":[{"taxonomy":"product_brand","embeddable":true,"href":"https:\/\/polysmarts.com\/de\/wp-json\/wp\/v2\/product_brand?post=1478"},{"taxonomy":"product_cat","embeddable":true,"href":"https:\/\/polysmarts.com\/de\/wp-json\/wp\/v2\/product_cat?post=1478"},{"taxonomy":"product_tag","embeddable":true,"href":"https:\/\/polysmarts.com\/de\/wp-json\/wp\/v2\/product_tag?post=1478"}],"curies":[{"name":"wp","href":"https:\/\/api.w.org\/{rel}","templated":true}]}}