{"id":1470,"date":"2024-01-03T06:48:16","date_gmt":"2024-01-03T06:48:16","guid":{"rendered":"https:\/\/polysmarts.com\/?post_type=product&#038;p=1470"},"modified":"2024-01-03T07:01:16","modified_gmt":"2024-01-03T07:01:16","slug":"standbeutel-aus-kraftpapier-mit-aluminiumfolie-innen","status":"publish","type":"product","link":"https:\/\/polysmarts.com\/de\/product\/kraft-paper-stand-up-pouch-with-aluminium-foil-inside\/","title":{"rendered":"Standbeutel aus Kraftpapier mit Aluminiumfolie innen"},"content":{"rendered":"<p>Erh\u00f6hen Sie Ihr Aufbewahrungs- und Geschenkerlebnis mit unserem hochwertigen Standbeutel aus Kraftpapier mit Rei\u00dfverschluss. Dieser vielseitige Beutel ist nicht nur f\u00fcr unz\u00e4hlige Gelegenheiten geeignet, sondern verleiht Ihren Aufbewahrungsbed\u00fcrfnissen auch einen Hauch von Raffinesse.<\/p>\n<p>Vielseitige Verwendung: Dieser Beutel ist mehr als nur eine Aufbewahrungstasche; er ist eine stilvolle und praktische L\u00f6sung, um Lebensmittel, Snacks und verschiedene andere Gegenst\u00e4nde organisiert aufzubewahren. Egal, ob Sie Vorratsvorr\u00e4te, selbstgemachte Leckereien oder Snacks f\u00fcr unterwegs aufbewahren m\u00f6chten, dieser Beutel ist genau das Richtige f\u00fcr Sie. Dar\u00fcber hinaus ist er aufgrund seines eleganten Designs die perfekte Wahl als Geschenk f\u00fcr Ihre Familie oder Freunde und verleiht jedem Anlass eine nette Note.<\/p>\n<p>Hervorragende Aufbewahrungsl\u00f6sung: Unsere Papierpulverbeutel wurden mit Blick auf die Funktionalit\u00e4t durchdacht und sind ideal f\u00fcr die effiziente Aufbewahrung und den Transport kleiner Gegenst\u00e4nde. Von Lebensmitteln und Bohnen bis hin zu Snacks und vielem mehr bieten diese Beutel eine zuverl\u00e4ssige und geordnete L\u00f6sung f\u00fcr Ihre Aufbewahrungsbed\u00fcrfnisse.<\/p>\n<p>Langlebig und wiederverwendbar: Qualit\u00e4t ist wichtig, und deshalb werden unsere braunen Papiert\u00fcten aus hochwertiger Aluminiumfolie hergestellt. Dies gew\u00e4hrleistet nicht nur Haltbarkeit, sondern macht sie auch f\u00fcr mehrere Anwendungen wiederverwendbar. Verabschieden Sie sich von Einwegverpackungen und profitieren Sie von der Nachhaltigkeit eines Beutels, der den Test der Zeit besteht und Ihren Aufbewahrungsanforderungen bei jedem Gebrauch gerecht wird.<\/p>\n<p>Setzen Sie ein Statement mit unserem Standbeutel aus hochwertigem Kraftpapier mit Rei\u00dfverschluss \u2013 hier trifft Stil auf Funktionalit\u00e4t und Qualit\u00e4t auf Nachhaltigkeit.<\/p>","protected":false},"excerpt":{"rendered":"<table style=\"height: 360px; width: 99.8505%; border-collapse: collapse;\" border=\"2\">\n<tbody>\n<tr style=\"height: 40px;\">\n<td style=\"width: 22.6796%; height: 30px; background-color: #99ccff;\"><span style=\"font-family: arial, helvetica, sans-serif; font-size: 12pt;\"><strong>Dimension &amp; Stil<\/strong><\/span><\/td>\n<td style=\"width: 77.3204%; height: 30px; background-color: #99ccff;\"><span style=\"font-family: arial, helvetica, sans-serif; font-size: 12pt;\">Benutzerdefinierte Formen und Gr\u00f6\u00dfen<\/span><\/td>\n<\/tr>\n<tr style=\"height: 40px;\">\n<td style=\"width: 22.6796%; height: 34px; background-color: #ebebeb;\"><span style=\"font-size: 12pt;\"><strong><span style=\"font-family: arial, helvetica, sans-serif;\">Mindestbestellmenge<\/span><\/strong><\/span><\/td>\n<td style=\"width: 77.3204%; height: 34px; background-color: #ebebeb;\"><span style=\"font-family: arial, helvetica, sans-serif; font-size: 12pt;\">1000 St\u00fcck ohne Anpassung, 10000 St\u00fcck zur Anpassung<\/span><\/td>\n<\/tr>\n<tr style=\"height: 40px; background-color: #99ccff;\">\n<td style=\"width: 22.6796%; height: 24px;\"><span style=\"font-size: 12pt;\"><strong><span style=\"font-family: arial, helvetica, sans-serif;\">Verpackungsart<\/span><\/strong><\/span><\/td>\n<td style=\"width: 77.3204%; height: 24px;\"><span style=\"font-family: arial, helvetica, sans-serif; font-size: 12pt;\">Standbeutel aus Kraftpapier<\/span><\/td>\n<\/tr>\n<tr style=\"height: 40px; background-color: #ebebeb;\">\n<td style=\"width: 22.6796%; height: 24px;\"><span style=\"font-size: 12pt;\"><strong><span style=\"font-family: arial, helvetica, sans-serif;\">Drucken<\/span><\/strong><\/span><\/td>\n<td style=\"width: 77.3204%; height: 24px;\"><span style=\"font-family: arial, helvetica, sans-serif; font-size: 12pt;\">CMYK (1 \u2013 8 Farben), kein Druck (Normal)<\/span><\/td>\n<\/tr>\n<tr style=\"height: 40px; background-color: #99ccff;\">\n<td style=\"width: 22.6796%; height: 24px;\"><span style=\"font-size: 12pt;\"><strong><span style=\"font-family: arial, helvetica, sans-serif;\">Fertigstellung<\/span><\/strong><\/span><\/td>\n<td style=\"width: 77.3204%; height: 24px;\"><span style=\"font-family: arial, helvetica, sans-serif; font-size: 12pt;\">Glanz-\/Matt-Laminierung<\/span><\/td>\n<\/tr>\n<tr style=\"height: 40px; background-color: #ebebeb;\">\n<td style=\"width: 22.6796%; height: 24px;\"><span style=\"font-size: 12pt;\"><strong><span style=\"font-family: arial, helvetica, sans-serif;\">Enthaltene Optionen<\/span><\/strong><\/span><\/td>\n<td style=\"width: 77.3204%; height: 24px;\"><span style=\"font-family: arial, helvetica, sans-serif; font-size: 12pt;\">Stanzen<\/span><\/td>\n<\/tr>\n<tr style=\"height: 40px; background-color: #99ccff;\">\n<td style=\"width: 22.6796%; height: 24px;\"><span style=\"font-size: 12pt;\"><strong><span style=\"font-family: arial, helvetica, sans-serif;\">Nachweisen<\/span><\/strong><\/span><\/td>\n<td style=\"width: 77.3204%; height: 24px;\"><span style=\"font-family: arial, helvetica, sans-serif; font-size: 12pt;\">Geruchsbeweise<\/span><\/td>\n<\/tr>\n<tr style=\"height: 40px; background-color: #ebebeb;\">\n<td style=\"width: 22.6796%; height: 24px;\"><span style=\"font-size: 12pt;\"><strong><span style=\"font-family: arial, helvetica, sans-serif;\">Seitenwechsel<\/span><\/strong><\/span><\/td>\n<td style=\"width: 77.3204%; height: 24px;\"><span style=\"font-family: arial, helvetica, sans-serif; font-size: 12pt;\">7 \u2013 15 Werktage, Eilzustellung<\/span><\/td>\n<\/tr>\n<tr style=\"height: 40px; background-color: #99ccff;\">\n<td style=\"width: 22.6796%; height: 24px;\"><span style=\"font-size: 12pt;\"><strong><span style=\"font-family: arial, helvetica, sans-serif;\">Versand<\/span><\/strong><\/span><\/td>\n<td style=\"width: 77.3204%; height: 24px;\"><span style=\"font-family: arial, helvetica, sans-serif; font-size: 12pt;\">Luft, See, Express<\/span><\/td>\n<\/tr>\n<\/tbody>\n<\/table>\n<p>&nbsp;<\/p>","protected":false},"featured_media":1471,"comment_status":"open","ping_status":"closed","template":"","meta":[],"product_brand":[],"product_cat":[26,20,18],"product_tag":[],"class_list":{"0":"post-1470","1":"product","2":"type-product","3":"status-publish","4":"has-post-thumbnail","6":"product_cat-food-packaging","7":"product_cat-kraft-paper-bag","8":"product_cat-zipper-bags","10":"first","11":"instock","12":"shipping-taxable","13":"product-type-simple"},"_links":{"self":[{"href":"https:\/\/polysmarts.com\/de\/wp-json\/wp\/v2\/product\/1470","targetHints":{"allow":["GET"]}}],"collection":[{"href":"https:\/\/polysmarts.com\/de\/wp-json\/wp\/v2\/product"}],"about":[{"href":"https:\/\/polysmarts.com\/de\/wp-json\/wp\/v2\/types\/product"}],"replies":[{"embeddable":true,"href":"https:\/\/polysmarts.com\/de\/wp-json\/wp\/v2\/comments?post=1470"}],"version-history":[{"count":1,"href":"https:\/\/polysmarts.com\/de\/wp-json\/wp\/v2\/product\/1470\/revisions"}],"predecessor-version":[{"id":1477,"href":"https:\/\/polysmarts.com\/de\/wp-json\/wp\/v2\/product\/1470\/revisions\/1477"}],"wp:featuredmedia":[{"embeddable":true,"href":"https:\/\/polysmarts.com\/de\/wp-json\/wp\/v2\/media\/1471"}],"wp:attachment":[{"href":"https:\/\/polysmarts.com\/de\/wp-json\/wp\/v2\/media?parent=1470"}],"wp:term":[{"taxonomy":"product_brand","embeddable":true,"href":"https:\/\/polysmarts.com\/de\/wp-json\/wp\/v2\/product_brand?post=1470"},{"taxonomy":"product_cat","embeddable":true,"href":"https:\/\/polysmarts.com\/de\/wp-json\/wp\/v2\/product_cat?post=1470"},{"taxonomy":"product_tag","embeddable":true,"href":"https:\/\/polysmarts.com\/de\/wp-json\/wp\/v2\/product_tag?post=1470"}],"curies":[{"name":"wp","href":"https:\/\/api.w.org\/{rel}","templated":true}]}}