{"id":1455,"date":"2024-01-02T11:27:27","date_gmt":"2024-01-02T11:27:27","guid":{"rendered":"https:\/\/polysmarts.com\/?post_type=product&#038;p=1455"},"modified":"2024-01-02T11:37:01","modified_gmt":"2024-01-02T11:37:01","slug":"individuell-bedruckte-verpackungsbeutel-fur-gruntee-mit-logo","status":"publish","type":"product","link":"https:\/\/polysmarts.com\/de\/product\/custom-printed-green-tea-packaging-bags-with-logo\/","title":{"rendered":"Individuell bedruckte Verpackungsbeutel f\u00fcr Gr\u00fcntee mit Logo"},"content":{"rendered":"<p>\u3010Breites Anwendungsspektrum\u3011: Unsere Druckverschlussbeutel sind f\u00fcr verschiedene Zwecke konzipiert und bieten wasserdichten Schutz, wenn sie sicher verschlossen sind. Perfekt f\u00fcr S\u00fc\u00dfigkeiten, Schmuck, Kekse, T\u00fcten, geruchsdichte Beh\u00e4lter, Sandwichaufbewahrung, Apothekenartikel, Snacks, frische Produkte, Probenaufbewahrung und mehr.<\/p>\n<p>\u3010Geruchsdichte Beutel in Premiumqualit\u00e4t\u3011: Das Innenfutter des Beutels ist aus hochwertiger Aluminiumfolie gefertigt und sorgt f\u00fcr au\u00dfergew\u00f6hnliche Festigkeit und Robustheit. Er beh\u00e4lt seine Form auch nach wiederholtem Gebrauch und garantiert eine langfristige Lagerung. Diese kleinen Verpackungsbeutel weisen eine hervorragende Rei\u00dffestigkeit, Durchsto\u00dffestigkeit, Wasserbest\u00e4ndigkeit und allgemeine Stabilit\u00e4t auf.<\/p>\n<p>\u3010Benutzerfreundlich und recycelbar\u3011: Unsere geruchsdichten Beutel sind recycelbar und k\u00f6nnen wiederholt verwendet werden. Der dichte Verschluss sorgt f\u00fcr Langlebigkeit und verhindert Auslaufen. \u00d6ffnen und verschlie\u00dfen Sie den Rei\u00dfverschluss ganz einfach. Durch das matte Sichtfenster in der Mitte k\u00f6nnen Sie den Inhalt erkennen, ohne den Verschluss zu besch\u00e4digen. Denken Sie immer daran, den Rei\u00dfverschluss fest zu verschlie\u00dfen, um die Frische zu bewahren und Auslaufen zu verhindern.<\/p>\n<p>\u3010Wiederverschlie\u00dfbare Beutel mit Zip-Verschluss\u3011: Ausgestattet mit einem Verschlussstreifen erm\u00f6glichen unsere wiederverschlie\u00dfbaren Beutel ein problemloses \u00d6ffnen und Schlie\u00dfen. Ideal zum Schutz h\u00e4ufig verwendeter Gegenst\u00e4nde vor Insekten, Ger\u00fcchen, Feuchtigkeit und mehr. Perfekt zur Aufbewahrung von Gew\u00fcrzen, Badesalzen, N\u00fcssen, Hafer, Keksen, S\u00fc\u00dfigkeiten, M\u00fcsli, Granola, Kaffeebohnen, Wachsschmelzen, K\u00f6rnern, Leckereien f\u00fcr Haustiere, Samen, Leckereien und Badebomben.<\/p>\n<p>\u3010Durchdachtes Design\u3011: Die abgerundeten Ecken der Snackbeutel verhindern Hautkratzer w\u00e4hrend des Gebrauchs. Das U-f\u00f6rmige Kerbendesign erleichtert den Kunden das Aufrei\u00dfen. Der dichte Rei\u00dfverschluss oben sorgt f\u00fcr Wiederverschlie\u00dfbarkeit und m\u00fcheloses \u00d6ffnen und Schlie\u00dfen. Das matte Sichtfenster in der Mitte erm\u00f6glicht eine einfache Identifizierung der gelagerten Produkte. Dar\u00fcber hinaus l\u00e4sst sich der Boden des luftdichten Beutels aufklappen, sodass er zur bequemen Lagerung aufrecht stehen kann. W\u00e4hlen Sie unsere benutzerfreundlichen Zip-Lock-Beutel mit benutzerfreundlichem Design f\u00fcr Ihre Aufbewahrungsbed\u00fcrfnisse.<\/p>","protected":false},"excerpt":{"rendered":"<table style=\"height: 360px; width: 99.8505%; border-collapse: collapse;\" border=\"2\">\n<tbody>\n<tr style=\"height: 40px;\">\n<td style=\"width: 22.6796%; height: 30px; background-color: #99ccff;\"><span style=\"font-family: arial, helvetica, sans-serif; font-size: 12pt;\"><strong>Dimension &amp; Stil<\/strong><\/span><\/td>\n<td style=\"width: 77.3204%; height: 30px; background-color: #99ccff;\"><span style=\"font-family: arial, helvetica, sans-serif; font-size: 12pt;\">Benutzerdefinierte Formen und Gr\u00f6\u00dfen<\/span><\/td>\n<\/tr>\n<tr style=\"height: 40px;\">\n<td style=\"width: 22.6796%; height: 34px; background-color: #ebebeb;\"><span style=\"font-size: 12pt;\"><strong><span style=\"font-family: arial, helvetica, sans-serif;\">Mindestbestellmenge<\/span><\/strong><\/span><\/td>\n<td style=\"width: 77.3204%; height: 34px; background-color: #ebebeb;\"><span style=\"font-family: arial, helvetica, sans-serif; font-size: 12pt;\">1000 St\u00fcck ohne Anpassung, 10000 St\u00fcck zur Anpassung<\/span><\/td>\n<\/tr>\n<tr style=\"height: 40px; background-color: #99ccff;\">\n<td style=\"width: 22.6796%; height: 24px;\"><span style=\"font-size: 12pt;\"><strong><span style=\"font-family: arial, helvetica, sans-serif;\">Verpackungsart<\/span><\/strong><\/span><\/td>\n<td style=\"width: 77.3204%; height: 24px;\"><span style=\"font-family: arial, helvetica, sans-serif; font-size: 12pt;\">Standbodenbeutel<\/span><\/td>\n<\/tr>\n<tr style=\"height: 40px; background-color: #ebebeb;\">\n<td style=\"width: 22.6796%; height: 24px;\"><span style=\"font-size: 12pt;\"><strong><span style=\"font-family: arial, helvetica, sans-serif;\">Drucken<\/span><\/strong><\/span><\/td>\n<td style=\"width: 77.3204%; height: 24px;\"><span style=\"font-family: arial, helvetica, sans-serif; font-size: 12pt;\">CMYK (1 \u2013 10 Farben), kein Druck (Normal)<\/span><\/td>\n<\/tr>\n<tr style=\"height: 40px; background-color: #99ccff;\">\n<td style=\"width: 22.6796%; height: 24px;\"><span style=\"font-size: 12pt;\"><strong><span style=\"font-family: arial, helvetica, sans-serif;\">Fertigstellung<\/span><\/strong><\/span><\/td>\n<td style=\"width: 77.3204%; height: 24px;\"><span style=\"font-family: arial, helvetica, sans-serif; font-size: 12pt;\">Glanz-\/Matt-Laminierung, Offsetdruck<\/span><\/td>\n<\/tr>\n<tr style=\"height: 40px; background-color: #ebebeb;\">\n<td style=\"width: 22.6796%; height: 24px;\"><span style=\"font-size: 12pt;\"><strong><span style=\"font-family: arial, helvetica, sans-serif;\">Enthaltene Optionen<\/span><\/strong><\/span><\/td>\n<td style=\"width: 77.3204%; height: 24px;\"><span style=\"font-family: arial, helvetica, sans-serif; font-size: 12pt;\">Stanzen, Hei\u00dfsiegeln<\/span><\/td>\n<\/tr>\n<tr style=\"height: 40px; background-color: #99ccff;\">\n<td style=\"width: 22.6796%; height: 24px;\"><span style=\"font-size: 12pt;\"><strong><span style=\"font-family: arial, helvetica, sans-serif;\">Nachweisen<\/span><\/strong><\/span><\/td>\n<td style=\"width: 77.3204%; height: 24px;\"><span style=\"font-family: arial, helvetica, sans-serif; font-size: 12pt;\">Geruchsbeweise\u00a0<\/span><\/td>\n<\/tr>\n<tr style=\"height: 40px; background-color: #ebebeb;\">\n<td style=\"width: 22.6796%; height: 24px;\"><span style=\"font-size: 12pt;\"><strong><span style=\"font-family: arial, helvetica, sans-serif;\">Seitenwechsel<\/span><\/strong><\/span><\/td>\n<td style=\"width: 77.3204%; height: 24px;\"><span style=\"font-family: arial, helvetica, sans-serif; font-size: 12pt;\">7 \u2013 15 Werktage, Eilzustellung<\/span><\/td>\n<\/tr>\n<tr style=\"height: 40px; background-color: #99ccff;\">\n<td style=\"width: 22.6796%; height: 24px;\"><span style=\"font-size: 12pt;\"><strong><span style=\"font-family: arial, helvetica, sans-serif;\">Versand<\/span><\/strong><\/span><\/td>\n<td style=\"width: 77.3204%; height: 24px;\"><span style=\"font-family: arial, helvetica, sans-serif; font-size: 12pt;\">Luft, See, Express<\/span><\/td>\n<\/tr>\n<\/tbody>\n<\/table>\n<p>&nbsp;<\/p>","protected":false},"featured_media":1456,"comment_status":"open","ping_status":"closed","template":"","meta":[],"product_brand":[],"product_cat":[27,18],"product_tag":[],"class_list":{"0":"post-1455","1":"product","2":"type-product","3":"status-publish","4":"has-post-thumbnail","6":"product_cat-coffee-and-tea-packaging","7":"product_cat-zipper-bags","9":"first","10":"instock","11":"shipping-taxable","12":"product-type-simple"},"_links":{"self":[{"href":"https:\/\/polysmarts.com\/de\/wp-json\/wp\/v2\/product\/1455","targetHints":{"allow":["GET"]}}],"collection":[{"href":"https:\/\/polysmarts.com\/de\/wp-json\/wp\/v2\/product"}],"about":[{"href":"https:\/\/polysmarts.com\/de\/wp-json\/wp\/v2\/types\/product"}],"replies":[{"embeddable":true,"href":"https:\/\/polysmarts.com\/de\/wp-json\/wp\/v2\/comments?post=1455"}],"version-history":[{"count":2,"href":"https:\/\/polysmarts.com\/de\/wp-json\/wp\/v2\/product\/1455\/revisions"}],"predecessor-version":[{"id":1463,"href":"https:\/\/polysmarts.com\/de\/wp-json\/wp\/v2\/product\/1455\/revisions\/1463"}],"wp:featuredmedia":[{"embeddable":true,"href":"https:\/\/polysmarts.com\/de\/wp-json\/wp\/v2\/media\/1456"}],"wp:attachment":[{"href":"https:\/\/polysmarts.com\/de\/wp-json\/wp\/v2\/media?parent=1455"}],"wp:term":[{"taxonomy":"product_brand","embeddable":true,"href":"https:\/\/polysmarts.com\/de\/wp-json\/wp\/v2\/product_brand?post=1455"},{"taxonomy":"product_cat","embeddable":true,"href":"https:\/\/polysmarts.com\/de\/wp-json\/wp\/v2\/product_cat?post=1455"},{"taxonomy":"product_tag","embeddable":true,"href":"https:\/\/polysmarts.com\/de\/wp-json\/wp\/v2\/product_tag?post=1455"}],"curies":[{"name":"wp","href":"https:\/\/api.w.org\/{rel}","templated":true}]}}