{"id":1281,"date":"2023-12-14T07:26:30","date_gmt":"2023-12-14T07:26:30","guid":{"rendered":"https:\/\/polysmarts.com\/?post_type=product&#038;p=1281"},"modified":"2024-03-27T03:03:38","modified_gmt":"2024-03-27T03:03:38","slug":"benutzerdefinierte-3-5g-7g-1oz-1lb-mylar-tasche-mit-reisverschluss","status":"publish","type":"product","link":"https:\/\/polysmarts.com\/de\/product\/custom-3-5g-7g-1oz-1lb-mylar-bag-with-zipper\/","title":{"rendered":"Benutzerdefinierter 3,5 g\/7 g\/1 oz\/1 lb Mylar-Beutel mit Rei\u00dfverschluss"},"content":{"rendered":"<p><strong>Produktname:<\/strong> Wiederverschlie\u00dfbare, geruchsdichte Standbeutelverpackung mit individuellem Druck \u2013 3,5 g\/7 g\/1 oz\/1 lb Mylar-Beutel mit Rei\u00dfverschluss<\/p>\n<p><strong>Anwendung:<\/strong> Ideal zum Verpacken von Kaffee, Chips, Snacks, N\u00fcssen oder anderen Produkten, die Sie sicher und optisch ansprechend aufbewahren und pr\u00e4sentieren m\u00f6chten.<\/p>\n<p><strong>Materialkonstruktion:<\/strong> Hergestellt aus hochwertigen Materialien f\u00fcr optimale Frische und Haltbarkeit. Die Tasche besteht aus einem neuen Material mit einer Schicht aus PET (Polyethylenterephthalat) f\u00fcr Festigkeit, VMPET (vakuummetallisiertes Polyester) f\u00fcr Feuchtigkeitsbest\u00e4ndigkeit und PE (Polyethylen) f\u00fcr Flexibilit\u00e4t und Versiegelbarkeit.<\/p>\n<p><strong>Taschentyp:<\/strong> Standbeutel mit Rei\u00dfverschluss \u2013 sowohl f\u00fcr die Zweckm\u00e4\u00dfigkeit als auch f\u00fcr die Pr\u00e4sentation konzipiert und erm\u00f6glicht einfache Aufbewahrung und Zugriff.<\/p>\n<p><strong>Dicke:<\/strong> Je nach Gewichts- oder Kapazit\u00e4tsanforderungen liegt die St\u00e4rke normalerweise zwischen 100 und 180 Mikrometer. Dies gew\u00e4hrleistet eine robuste und zuverl\u00e4ssige Verpackungsl\u00f6sung f\u00fcr verschiedene Inhalte.<\/p>\n<p><strong>Abmessungen:<\/strong> Ma\u00dfgeschneidert auf die spezifischen Ma\u00dfe des Beutelinhalts. F\u00fcr genaue Ma\u00dfe wenden Sie sich bitte an uns oder fordern Sie ein Muster an, um sicherzustellen, dass die Verpackung perfekt zu Ihrem Produkt passt.<\/p>\n<p><strong>Farben:<\/strong> Wir bieten eine breite Palette an Anpassungsoptionen auf der Grundlage von vom Kunden bereitgestellten Grafiken. Unsere Druckm\u00f6glichkeiten erm\u00f6glichen lebendige und auff\u00e4llige Designs, die Ihre Markenidentit\u00e4t widerspiegeln. Entscheiden Sie sich f\u00fcr die Anpassung des Farbdrucks, damit Ihr Produkt in den Regalen hervorsticht.<\/p>\n<p><strong>Merkmale:<\/strong><\/p>\n<ul>\n<li><strong>Feuchtigkeitsbest\u00e4ndig:<\/strong> Sch\u00fctzt den Inhalt vor Feuchtigkeit, um die Frische zu bewahren.<\/li>\n<li><strong>Sauerstoffisolierung:<\/strong> Konserviert das Produkt, indem es den Kontakt mit Sauerstoff verhindert.<\/li>\n<li><strong>Schattierung:<\/strong> Sch\u00fctzt den Inhalt vor Licht, um die Produktintegrit\u00e4t zu gew\u00e4hrleisten.<\/li>\n<li><strong>Guter Ruf:<\/strong> Das Standdesign verbessert die Pr\u00e4senz im Regal und ist benutzerfreundlicher.<\/li>\n<li><strong>Rei\u00dfverschluss oben:<\/strong> Der wiederverschlie\u00dfbare Rei\u00dfverschluss bietet bequemen Zugriff und sicheren Verschluss, sodass eine wiederholte Verwendung m\u00f6glich ist.<\/li>\n<\/ul>\n<p><strong>Bestimmte Anwendung:<\/strong> Perfekt f\u00fcr verschiedene Gesch\u00e4fte, darunter Snackshops, Caf\u00e9s und Gesch\u00e4fte, die Backwaren anbieten. Ideal zum Verpacken von N\u00fcssen, Waln\u00fcssen, Trockenfr\u00fcchten und mehr. Verbessern Sie Ihre Produktpr\u00e4sentation und bewahren Sie die Qualit\u00e4t Ihrer Waren mit dieser vielseitigen Verpackungsl\u00f6sung.<\/p>\n<p>Sorgen Sie mit unserer individuell bedruckbaren, wiederverschlie\u00dfbaren und geruchsdichten Standbeutelverpackung daf\u00fcr, dass Ihr Produkt den h\u00f6chsten Standards in puncto Frische und \u00c4sthetik entspricht.<\/p>","protected":false},"excerpt":{"rendered":"<table style=\"height: 360px; width: 99.8505%; border-collapse: collapse;\" border=\"2\">\n<tbody>\n<tr style=\"height: 40px;\">\n<td style=\"width: 22.6796%; height: 30px; background-color: #99ccff;\"><span style=\"font-family: arial, helvetica, sans-serif; font-size: 12pt;\"><strong>Dimension &amp; Stil<\/strong><\/span><\/td>\n<td style=\"width: 77.3204%; height: 30px; background-color: #99ccff;\"><span style=\"font-family: arial, helvetica, sans-serif; font-size: 12pt;\">Benutzerdefinierte Formen und Gr\u00f6\u00dfen<\/span><\/td>\n<\/tr>\n<tr style=\"height: 40px;\">\n<td style=\"width: 22.6796%; height: 34px; background-color: #ebebeb;\"><span style=\"font-size: 12pt;\"><strong><span style=\"font-family: arial, helvetica, sans-serif;\">Mindestbestellmenge<\/span><\/strong><\/span><\/td>\n<td style=\"width: 77.3204%; height: 34px; background-color: #ebebeb;\"><span style=\"font-family: arial, helvetica, sans-serif; font-size: 12pt;\">1000 St\u00fcck ohne Anpassung, 10000 St\u00fcck zur Anpassung<\/span><\/td>\n<\/tr>\n<tr style=\"height: 40px; background-color: #99ccff;\">\n<td style=\"width: 22.6796%; height: 24px;\"><span style=\"font-size: 12pt;\"><strong><span style=\"font-family: arial, helvetica, sans-serif;\">Verpackungsart<\/span><\/strong><\/span><\/td>\n<td style=\"width: 77.3204%; height: 24px;\"><span style=\"font-family: arial, helvetica, sans-serif; font-size: 12pt;\">Standbodenbeutel<\/span><\/td>\n<\/tr>\n<tr style=\"height: 40px; background-color: #ebebeb;\">\n<td style=\"width: 22.6796%; height: 24px;\"><span style=\"font-size: 12pt;\"><strong><span style=\"font-family: arial, helvetica, sans-serif;\">Drucken<\/span><\/strong><\/span><\/td>\n<td style=\"width: 77.3204%; height: 24px;\"><span style=\"font-family: arial, helvetica, sans-serif; font-size: 12pt;\">CMYK (1 \u2013 10 Farben), kein Druck (Normal)<\/span><\/td>\n<\/tr>\n<tr style=\"height: 40px; background-color: #99ccff;\">\n<td style=\"width: 22.6796%; height: 24px;\"><span style=\"font-size: 12pt;\"><strong><span style=\"font-family: arial, helvetica, sans-serif;\">Fertigstellung<\/span><\/strong><\/span><\/td>\n<td style=\"width: 77.3204%; height: 24px;\"><span style=\"font-family: arial, helvetica, sans-serif; font-size: 12pt;\">Glanz-\/Matt-Laminierung, Offsetdruck<\/span><\/td>\n<\/tr>\n<tr style=\"height: 40px; background-color: #ebebeb;\">\n<td style=\"width: 22.6796%; height: 24px;\"><span style=\"font-size: 12pt;\"><strong><span style=\"font-family: arial, helvetica, sans-serif;\">Enthaltene Optionen<\/span><\/strong><\/span><\/td>\n<td style=\"width: 77.3204%; height: 24px;\"><span style=\"font-family: arial, helvetica, sans-serif; font-size: 12pt;\">Stanzen, Hei\u00dfsiegeln<\/span><\/td>\n<\/tr>\n<tr style=\"height: 40px; background-color: #99ccff;\">\n<td style=\"width: 22.6796%; height: 24px;\"><span style=\"font-size: 12pt;\"><strong><span style=\"font-family: arial, helvetica, sans-serif;\">Nachweisen<\/span><\/strong><\/span><\/td>\n<td style=\"width: 77.3204%; height: 24px;\"><span style=\"font-family: arial, helvetica, sans-serif; font-size: 12pt;\">Geruchsbeweise\u00a0<\/span><\/td>\n<\/tr>\n<tr style=\"height: 40px; background-color: #ebebeb;\">\n<td style=\"width: 22.6796%; height: 24px;\"><span style=\"font-size: 12pt;\"><strong><span style=\"font-family: arial, helvetica, sans-serif;\">Seitenwechsel<\/span><\/strong><\/span><\/td>\n<td style=\"width: 77.3204%; height: 24px;\"><span style=\"font-family: arial, helvetica, sans-serif; font-size: 12pt;\">7 \u2013 15 Werktage, Eilzustellung<\/span><\/td>\n<\/tr>\n<tr style=\"height: 40px; background-color: #99ccff;\">\n<td style=\"width: 22.6796%; height: 24px;\"><span style=\"font-size: 12pt;\"><strong><span style=\"font-family: arial, helvetica, sans-serif;\">Versand<\/span><\/strong><\/span><\/td>\n<td style=\"width: 77.3204%; height: 24px;\"><span style=\"font-family: arial, helvetica, sans-serif; font-size: 12pt;\">Luft, See, Express<\/span><\/td>\n<\/tr>\n<\/tbody>\n<\/table>\n<p>&nbsp;<\/p>","protected":false},"featured_media":1252,"comment_status":"open","ping_status":"closed","template":"","meta":[],"product_brand":[],"product_cat":[26,27,18],"product_tag":[],"class_list":{"0":"post-1281","1":"product","2":"type-product","3":"status-publish","4":"has-post-thumbnail","6":"product_cat-food-packaging","7":"product_cat-coffee-and-tea-packaging","8":"product_cat-zipper-bags","10":"first","11":"instock","12":"shipping-taxable","13":"product-type-simple"},"_links":{"self":[{"href":"https:\/\/polysmarts.com\/de\/wp-json\/wp\/v2\/product\/1281","targetHints":{"allow":["GET"]}}],"collection":[{"href":"https:\/\/polysmarts.com\/de\/wp-json\/wp\/v2\/product"}],"about":[{"href":"https:\/\/polysmarts.com\/de\/wp-json\/wp\/v2\/types\/product"}],"replies":[{"embeddable":true,"href":"https:\/\/polysmarts.com\/de\/wp-json\/wp\/v2\/comments?post=1281"}],"version-history":[{"count":2,"href":"https:\/\/polysmarts.com\/de\/wp-json\/wp\/v2\/product\/1281\/revisions"}],"predecessor-version":[{"id":1283,"href":"https:\/\/polysmarts.com\/de\/wp-json\/wp\/v2\/product\/1281\/revisions\/1283"}],"wp:featuredmedia":[{"embeddable":true,"href":"https:\/\/polysmarts.com\/de\/wp-json\/wp\/v2\/media\/1252"}],"wp:attachment":[{"href":"https:\/\/polysmarts.com\/de\/wp-json\/wp\/v2\/media?parent=1281"}],"wp:term":[{"taxonomy":"product_brand","embeddable":true,"href":"https:\/\/polysmarts.com\/de\/wp-json\/wp\/v2\/product_brand?post=1281"},{"taxonomy":"product_cat","embeddable":true,"href":"https:\/\/polysmarts.com\/de\/wp-json\/wp\/v2\/product_cat?post=1281"},{"taxonomy":"product_tag","embeddable":true,"href":"https:\/\/polysmarts.com\/de\/wp-json\/wp\/v2\/product_tag?post=1281"}],"curies":[{"name":"wp","href":"https:\/\/api.w.org\/{rel}","templated":true}]}}