{"id":1276,"date":"2023-12-14T06:51:30","date_gmt":"2023-12-14T06:51:30","guid":{"rendered":"https:\/\/polysmarts.com\/?post_type=product&#038;p=1276"},"modified":"2023-12-14T07:04:22","modified_gmt":"2023-12-14T07:04:22","slug":"schwarzer-ziplock-standbeutel-aus-kraftpapier","status":"publish","type":"product","link":"https:\/\/polysmarts.com\/de\/product\/black-ziplock-stand-up-kraft-paper-bag\/","title":{"rendered":"Schwarze Ziplock-Standbeutel aus Kraftpapier"},"content":{"rendered":"<p><strong>Innovatives Milchglasfenster-Design mit leicht zu \u00f6ffnender Kerbe:<\/strong> Unsere wiederverschlie\u00dfbaren Papierbeutel mit Rei\u00dfverschluss verf\u00fcgen \u00fcber ein modernes und stilvolles Design mit mattiertem Fenster, das die Sichtbarkeit verbessert und gleichzeitig ein elegantes Erscheinungsbild beibeh\u00e4lt. Die praktische, leicht zu \u00f6ffnende Kerbe gew\u00e4hrleistet m\u00fchelosen Zugriff auf Ihre gelagerten Produkte und macht sie perfekt f\u00fcr eine Vielzahl von Artikeln wie Gew\u00fcrzn\u00fcsse, Hundeleckerlis, Tee, Trockenfutter, M\u00fcsli, Trockenfleisch und Kekse.<\/p>\n<p><strong>Vielseitige Lagerung f\u00fcr trockene Produkte:<\/strong> Obwohl diese Beutel sich hervorragend f\u00fcr die Aufbewahrung von Trockenprodukten eignen, raten wir davon ab, sie f\u00fcr Fl\u00fcssigkeiten zu verwenden. Die sorgf\u00e4ltig ausgew\u00e4hlten Materialien und das Design konzentrieren sich darauf, die Frische und Unversehrtheit von Trockenwaren zu bewahren und bieten eine optimale Aufbewahrungsl\u00f6sung f\u00fcr eine Vielzahl von Artikeln.<\/p>\n<p><strong>Wachsfreies \u00c4u\u00dferes f\u00fcr verbesserte Anpassung:<\/strong> Unsere wiederverschlie\u00dfbaren Papierbeutel haben eine nicht gewachste Au\u00dfenseite, sodass Stempel, Tinte, Aufkleber und Etiketten problemlos haften. Diese Elemente haften zwar sicher und trocknen gut, es ist jedoch wichtig zu beachten, dass wiederholtes \u00d6ffnen von Etiketten Spuren auf der Oberfl\u00e4che hinterlassen kann.<\/p>\n<p><strong>Sichere Wiederverschlie\u00dfbarkeit f\u00fcr Frischeschutz:<\/strong> Der Rei\u00dfverschluss mit Druckverschluss sorgt f\u00fcr einen sicheren Verschluss und bewahrt die Frische der darin aufbewahrten Lebensmittel effektiv auf. F\u00fcr zus\u00e4tzlichen Komfort kann die obere \u00d6ffnung des Beutels thermisch versiegelt werden, was f\u00fcr zus\u00e4tzliche Sicherheit sorgt. Die Hei\u00dfsiegeloption erm\u00f6glicht eine manipulationssichere Verpackung, wobei die Aufrei\u00dfkerbe einen einfachen Zugriff erm\u00f6glicht, ohne die Versiegelung zu beeintr\u00e4chtigen.<\/p>\n<p><strong>Optimale Gr\u00f6\u00dfe und Kapazit\u00e4t f\u00fcr verschiedene Produkte:<\/strong> Mit den Ma\u00dfen 12\u00d720 cm (4,7\u00d77,8 Zoll) bieten unsere Beutel eine vielseitige Gr\u00f6\u00dfe, die f\u00fcr eine Vielzahl von Produkten geeignet ist. Mit einem Fassungsverm\u00f6gen von 210 g (7,4 oz) f\u00fcr pulverf\u00f6rmige Produkte oder 95 g (3,3 oz) f\u00fcr ganze Kaffeebohnen bieten diese Beutel die perfekte Balance zwischen Funktionalit\u00e4t und Platzeffizienz. Die Materialzusammensetzung umfasst Kraftpapier\/Mattopp\/CPP und gew\u00e4hrleistet Haltbarkeit und Schutz f\u00fcr Ihre Waren.<\/p>\n<p><strong>Anpassungsoptionen mit Polysmarts:<\/strong> Bei Polysmarts wissen wir, wie wichtig ma\u00dfgeschneiderte L\u00f6sungen sind. Deshalb passen wir Material und Gr\u00f6\u00dfe gerne Ihren spezifischen Anforderungen an. Arbeiten Sie mit uns zusammen, um Verpackungen zu entwickeln, die nicht nur Ihre Produkte sch\u00fctzen, sondern auch die einzigartige Identit\u00e4t und Werte Ihrer Marke widerspiegeln.<\/p>","protected":false},"excerpt":{"rendered":"<table style=\"height: 360px; width: 99.8505%; border-collapse: collapse;\" border=\"2\">\n<tbody>\n<tr style=\"height: 40px;\">\n<td style=\"width: 22.6796%; height: 30px; background-color: #99ccff;\"><span style=\"font-family: arial, helvetica, sans-serif; font-size: 12pt;\"><strong>Dimension &amp; Stil<\/strong><\/span><\/td>\n<td style=\"width: 77.3204%; height: 30px; background-color: #99ccff;\"><span style=\"font-family: arial, helvetica, sans-serif; font-size: 12pt;\">Benutzerdefinierte Formen und Gr\u00f6\u00dfen<\/span><\/td>\n<\/tr>\n<tr style=\"height: 40px;\">\n<td style=\"width: 22.6796%; height: 34px; background-color: #ebebeb;\"><span style=\"font-size: 12pt;\"><strong><span style=\"font-family: arial, helvetica, sans-serif;\">Mindestbestellmenge<\/span><\/strong><\/span><\/td>\n<td style=\"width: 77.3204%; height: 34px; background-color: #ebebeb;\"><span style=\"font-family: arial, helvetica, sans-serif; font-size: 12pt;\">1000 St\u00fcck ohne Anpassung, 10000 St\u00fcck zur Anpassung<\/span><\/td>\n<\/tr>\n<tr style=\"height: 40px; background-color: #99ccff;\">\n<td style=\"width: 22.6796%; height: 24px;\"><span style=\"font-size: 12pt;\"><strong><span style=\"font-family: arial, helvetica, sans-serif;\">Verpackungsart<\/span><\/strong><\/span><\/td>\n<td style=\"width: 77.3204%; height: 24px;\"><span style=\"font-family: arial, helvetica, sans-serif; font-size: 12pt;\">Standbeutel aus Kraftpapier<\/span><\/td>\n<\/tr>\n<tr style=\"height: 40px; background-color: #ebebeb;\">\n<td style=\"width: 22.6796%; height: 24px;\"><span style=\"font-size: 12pt;\"><strong><span style=\"font-family: arial, helvetica, sans-serif;\">Drucken<\/span><\/strong><\/span><\/td>\n<td style=\"width: 77.3204%; height: 24px;\"><span style=\"font-family: arial, helvetica, sans-serif; font-size: 12pt;\">CMYK (1 \u2013 8 Farben), kein Druck (Normal)<\/span><\/td>\n<\/tr>\n<tr style=\"height: 40px; background-color: #99ccff;\">\n<td style=\"width: 22.6796%; height: 24px;\"><span style=\"font-size: 12pt;\"><strong><span style=\"font-family: arial, helvetica, sans-serif;\">Fertigstellung<\/span><\/strong><\/span><\/td>\n<td style=\"width: 77.3204%; height: 24px;\"><span style=\"font-family: arial, helvetica, sans-serif; font-size: 12pt;\">Glanz-\/Matt-Laminierung<\/span><\/td>\n<\/tr>\n<tr style=\"height: 40px; background-color: #ebebeb;\">\n<td style=\"width: 22.6796%; height: 24px;\"><span style=\"font-size: 12pt;\"><strong><span style=\"font-family: arial, helvetica, sans-serif;\">Enthaltene Optionen<\/span><\/strong><\/span><\/td>\n<td style=\"width: 77.3204%; height: 24px;\"><span style=\"font-family: arial, helvetica, sans-serif; font-size: 12pt;\">Stanzen<\/span><\/td>\n<\/tr>\n<tr style=\"height: 40px; background-color: #99ccff;\">\n<td style=\"width: 22.6796%; height: 24px;\"><span style=\"font-size: 12pt;\"><strong><span style=\"font-family: arial, helvetica, sans-serif;\">Nachweisen<\/span><\/strong><\/span><\/td>\n<td style=\"width: 77.3204%; height: 24px;\"><span style=\"font-family: arial, helvetica, sans-serif; font-size: 12pt;\">Geruchsbeweise<\/span><\/td>\n<\/tr>\n<tr style=\"height: 40px; background-color: #ebebeb;\">\n<td style=\"width: 22.6796%; height: 24px;\"><span style=\"font-size: 12pt;\"><strong><span style=\"font-family: arial, helvetica, sans-serif;\">Seitenwechsel<\/span><\/strong><\/span><\/td>\n<td style=\"width: 77.3204%; height: 24px;\"><span style=\"font-family: arial, helvetica, sans-serif; font-size: 12pt;\">7 \u2013 15 Werktage, Eilzustellung<\/span><\/td>\n<\/tr>\n<tr style=\"height: 40px; background-color: #99ccff;\">\n<td style=\"width: 22.6796%; height: 24px;\"><span style=\"font-size: 12pt;\"><strong><span style=\"font-family: arial, helvetica, sans-serif;\">Versand<\/span><\/strong><\/span><\/td>\n<td style=\"width: 77.3204%; height: 24px;\"><span style=\"font-family: arial, helvetica, sans-serif; font-size: 12pt;\">Luft, See, Express<\/span><\/td>\n<\/tr>\n<\/tbody>\n<\/table>\n<p>&nbsp;<\/p>","protected":false},"featured_media":1254,"comment_status":"open","ping_status":"closed","template":"","meta":[],"product_brand":[],"product_cat":[26,20],"product_tag":[],"class_list":{"0":"post-1276","1":"product","2":"type-product","3":"status-publish","4":"has-post-thumbnail","6":"product_cat-food-packaging","7":"product_cat-kraft-paper-bag","9":"first","10":"instock","11":"shipping-taxable","12":"product-type-simple"},"_links":{"self":[{"href":"https:\/\/polysmarts.com\/de\/wp-json\/wp\/v2\/product\/1276","targetHints":{"allow":["GET"]}}],"collection":[{"href":"https:\/\/polysmarts.com\/de\/wp-json\/wp\/v2\/product"}],"about":[{"href":"https:\/\/polysmarts.com\/de\/wp-json\/wp\/v2\/types\/product"}],"replies":[{"embeddable":true,"href":"https:\/\/polysmarts.com\/de\/wp-json\/wp\/v2\/comments?post=1276"}],"version-history":[{"count":2,"href":"https:\/\/polysmarts.com\/de\/wp-json\/wp\/v2\/product\/1276\/revisions"}],"predecessor-version":[{"id":1278,"href":"https:\/\/polysmarts.com\/de\/wp-json\/wp\/v2\/product\/1276\/revisions\/1278"}],"wp:featuredmedia":[{"embeddable":true,"href":"https:\/\/polysmarts.com\/de\/wp-json\/wp\/v2\/media\/1254"}],"wp:attachment":[{"href":"https:\/\/polysmarts.com\/de\/wp-json\/wp\/v2\/media?parent=1276"}],"wp:term":[{"taxonomy":"product_brand","embeddable":true,"href":"https:\/\/polysmarts.com\/de\/wp-json\/wp\/v2\/product_brand?post=1276"},{"taxonomy":"product_cat","embeddable":true,"href":"https:\/\/polysmarts.com\/de\/wp-json\/wp\/v2\/product_cat?post=1276"},{"taxonomy":"product_tag","embeddable":true,"href":"https:\/\/polysmarts.com\/de\/wp-json\/wp\/v2\/product_tag?post=1276"}],"curies":[{"name":"wp","href":"https:\/\/api.w.org\/{rel}","templated":true}]}}