{"id":1273,"date":"2023-12-14T06:30:05","date_gmt":"2023-12-14T06:30:05","guid":{"rendered":"https:\/\/polysmarts.com\/?post_type=product&#038;p=1273"},"modified":"2023-12-14T07:03:26","modified_gmt":"2023-12-14T07:03:26","slug":"wiederverschliesbarer-standbeutel-aus-weisem-kraftpapier-mit-reisverschluss","status":"publish","type":"product","link":"https:\/\/polysmarts.com\/de\/product\/resealable-white-kraft-paper-stand-up-zipper-pouch\/","title":{"rendered":"Wiederverschlie\u00dfbarer Standbeutel aus wei\u00dfem Kraftpapier mit Rei\u00dfverschluss"},"content":{"rendered":"<p>Verbessern Sie die Beschreibung Ihrer Kraftpapiert\u00fcte, indem Sie sich auf ihre Eigenschaften, Vorteile und Anpassungsm\u00f6glichkeiten konzentrieren:<\/p>\n<p><strong>Hochwertige Materialien f\u00fcr nachhaltige Verpackungen:<\/strong> Unsere Kraftpapiert\u00fcten werden sorgf\u00e4ltig aus hochwertigem Kraftmaterial hergestellt, was Haltbarkeit und Festigkeit gew\u00e4hrleistet. Die Integration eines Kunststofffensters verbessert nicht nur die Sichtbarkeit, sondern erf\u00fcllt auch die Lebensmittelsicherheitsstandards. Wir legen Wert auf Umweltfreundlichkeit und bieten eine Verpackungsl\u00f6sung, die Ihrem Engagement f\u00fcr Nachhaltigkeit entspricht.<\/p>\n<p><strong>Innovatives wiederverschlie\u00dfbares Design f\u00fcr l\u00e4ngere Frische:<\/strong> Unsere Beutel sind mit einem benutzerfreundlichen, wiederverschlie\u00dfbaren Rei\u00dfverschluss und Aufrei\u00dfkerben ausgestattet. Dieses vielseitige Design erm\u00f6glicht das manuelle Verschlie\u00dfen des Rei\u00dfverschlusses oder das Hei\u00dfsiegeln dar\u00fcber und bietet Ihnen die Flexibilit\u00e4t, die am besten geeignete Methode zum Frischhalten Ihrer gelagerten Artikel zu w\u00e4hlen.<\/p>\n<p><strong>Praktische Standbeutel f\u00fcr einfache Lagerung und Sichtbarkeit:<\/strong> Das Design des Standbeutels erm\u00f6glicht eine bequeme Aufbewahrung und erm\u00f6glicht es, den Beutel sicher auf Regalen oder Arbeitsplatten stehen zu lassen. Das rechteckige Fenster verleiht ihm einen praktischen Touch und erm\u00f6glicht eine m\u00fchelose Identifizierung des Inhalts. Diese Funktion verbessert die Zug\u00e4nglichkeit und Effizienz Ihrer Aufbewahrungs- und Organisationsprozesse.<\/p>\n<p><strong>Verschiedene Gr\u00f6\u00dfen f\u00fcr Ihre spezifischen Anforderungen:<\/strong> W\u00e4hlen Sie aus einer Reihe von Gr\u00f6\u00dfen, darunter 9 x 14 cm, 10 x 15 cm, 12 x 20 cm, 14 x 20 cm, 15 x 22 cm, 17 x 24 cm, 18 x 26 cm, 20 x 30 cm, 23 x 33 cm, 25 x 35 cm, 30 x 40 cm, oder entscheiden Sie sich f\u00fcr individuelle Abmessungen, die perfekt zu Ihren Anforderungen passen. Diese Flexibilit\u00e4t stellt sicher, dass Sie die ideale Verpackungsl\u00f6sung f\u00fcr verschiedene Produkte finden k\u00f6nnen, von kleinen Artikeln bis hin zu sperrigeren G\u00fctern.<\/p>\n<p><strong>Ma\u00dfgeschneiderte L\u00f6sungen von Polysmarts Packaging:<\/strong> Bei Polysmarts Packaging sind wir stolz darauf, Ihnen anpassbare Details anzubieten, die Ihren individuellen Anforderungen entsprechen. Ob es um bestimmte Abmessungen, Marken oder zus\u00e4tzliche Funktionen geht, wir arbeiten eng mit Ihnen zusammen, um Verpackungen zu erstellen, die sich nahtlos an Ihre Markenidentit\u00e4t und Produktanforderungen anpassen.<\/p>\n<p>Entscheiden Sie sich f\u00fcr Polysmarts Packaging f\u00fcr eine umfassende und nachhaltige Verpackungsl\u00f6sung, die Funktionalit\u00e4t, Umweltfreundlichkeit und Anpassungsf\u00e4higkeit vereint, um die Pr\u00e4sentations- und Lagerungsm\u00f6glichkeiten Ihrer Marke zu verbessern.<\/p>","protected":false},"excerpt":{"rendered":"<table style=\"height: 360px; width: 99.8505%; border-collapse: collapse;\" border=\"2\">\n<tbody>\n<tr style=\"height: 40px;\">\n<td style=\"width: 22.6796%; height: 30px; background-color: #99ccff;\"><span style=\"font-family: arial, helvetica, sans-serif; font-size: 12pt;\"><strong>Dimension &amp; Stil<\/strong><\/span><\/td>\n<td style=\"width: 77.3204%; height: 30px; background-color: #99ccff;\"><span style=\"font-family: arial, helvetica, sans-serif; font-size: 12pt;\">Benutzerdefinierte Formen und Gr\u00f6\u00dfen<\/span><\/td>\n<\/tr>\n<tr style=\"height: 40px;\">\n<td style=\"width: 22.6796%; height: 34px; background-color: #ebebeb;\"><span style=\"font-size: 12pt;\"><strong><span style=\"font-family: arial, helvetica, sans-serif;\">Mindestbestellmenge<\/span><\/strong><\/span><\/td>\n<td style=\"width: 77.3204%; height: 34px; background-color: #ebebeb;\"><span style=\"font-family: arial, helvetica, sans-serif; font-size: 12pt;\">1000 St\u00fcck ohne Anpassung, 10000 St\u00fcck zur Anpassung<\/span><\/td>\n<\/tr>\n<tr style=\"height: 40px; background-color: #99ccff;\">\n<td style=\"width: 22.6796%; height: 24px;\"><span style=\"font-size: 12pt;\"><strong><span style=\"font-family: arial, helvetica, sans-serif;\">Verpackungsart<\/span><\/strong><\/span><\/td>\n<td style=\"width: 77.3204%; height: 24px;\"><span style=\"font-family: arial, helvetica, sans-serif; font-size: 12pt;\">Standbeutel aus Kraftpapier<\/span><\/td>\n<\/tr>\n<tr style=\"height: 40px; background-color: #ebebeb;\">\n<td style=\"width: 22.6796%; height: 24px;\"><span style=\"font-size: 12pt;\"><strong><span style=\"font-family: arial, helvetica, sans-serif;\">Drucken<\/span><\/strong><\/span><\/td>\n<td style=\"width: 77.3204%; height: 24px;\"><span style=\"font-family: arial, helvetica, sans-serif; font-size: 12pt;\">CMYK (1 \u2013 8 Farben), kein Druck (Normal)<\/span><\/td>\n<\/tr>\n<tr style=\"height: 40px; background-color: #99ccff;\">\n<td style=\"width: 22.6796%; height: 24px;\"><span style=\"font-size: 12pt;\"><strong><span style=\"font-family: arial, helvetica, sans-serif;\">Fertigstellung<\/span><\/strong><\/span><\/td>\n<td style=\"width: 77.3204%; height: 24px;\"><span style=\"font-family: arial, helvetica, sans-serif; font-size: 12pt;\">Glanz-\/Matt-Laminierung<\/span><\/td>\n<\/tr>\n<tr style=\"height: 40px; background-color: #ebebeb;\">\n<td style=\"width: 22.6796%; height: 24px;\"><span style=\"font-size: 12pt;\"><strong><span style=\"font-family: arial, helvetica, sans-serif;\">Enthaltene Optionen<\/span><\/strong><\/span><\/td>\n<td style=\"width: 77.3204%; height: 24px;\"><span style=\"font-family: arial, helvetica, sans-serif; font-size: 12pt;\">Stanzen<\/span><\/td>\n<\/tr>\n<tr style=\"height: 40px; background-color: #99ccff;\">\n<td style=\"width: 22.6796%; height: 24px;\"><span style=\"font-size: 12pt;\"><strong><span style=\"font-family: arial, helvetica, sans-serif;\">Nachweisen<\/span><\/strong><\/span><\/td>\n<td style=\"width: 77.3204%; height: 24px;\"><span style=\"font-family: arial, helvetica, sans-serif; font-size: 12pt;\">Geruchsbeweise<\/span><\/td>\n<\/tr>\n<tr style=\"height: 40px; background-color: #ebebeb;\">\n<td style=\"width: 22.6796%; height: 24px;\"><span style=\"font-size: 12pt;\"><strong><span style=\"font-family: arial, helvetica, sans-serif;\">Seitenwechsel<\/span><\/strong><\/span><\/td>\n<td style=\"width: 77.3204%; height: 24px;\"><span style=\"font-family: arial, helvetica, sans-serif; font-size: 12pt;\">7 \u2013 15 Werktage, Eilzustellung<\/span><\/td>\n<\/tr>\n<tr style=\"height: 40px; background-color: #99ccff;\">\n<td style=\"width: 22.6796%; height: 24px;\"><span style=\"font-size: 12pt;\"><strong><span style=\"font-family: arial, helvetica, sans-serif;\">Versand<\/span><\/strong><\/span><\/td>\n<td style=\"width: 77.3204%; height: 24px;\"><span style=\"font-family: arial, helvetica, sans-serif; font-size: 12pt;\">Luft, See, Express<\/span><\/td>\n<\/tr>\n<\/tbody>\n<\/table>\n<p>&nbsp;<\/p>","protected":false},"featured_media":1243,"comment_status":"open","ping_status":"closed","template":"","meta":[],"product_brand":[],"product_cat":[26,20],"product_tag":[],"class_list":{"0":"post-1273","1":"product","2":"type-product","3":"status-publish","4":"has-post-thumbnail","6":"product_cat-food-packaging","7":"product_cat-kraft-paper-bag","9":"first","10":"instock","11":"shipping-taxable","12":"product-type-simple"},"_links":{"self":[{"href":"https:\/\/polysmarts.com\/de\/wp-json\/wp\/v2\/product\/1273","targetHints":{"allow":["GET"]}}],"collection":[{"href":"https:\/\/polysmarts.com\/de\/wp-json\/wp\/v2\/product"}],"about":[{"href":"https:\/\/polysmarts.com\/de\/wp-json\/wp\/v2\/types\/product"}],"replies":[{"embeddable":true,"href":"https:\/\/polysmarts.com\/de\/wp-json\/wp\/v2\/comments?post=1273"}],"version-history":[{"count":2,"href":"https:\/\/polysmarts.com\/de\/wp-json\/wp\/v2\/product\/1273\/revisions"}],"predecessor-version":[{"id":1275,"href":"https:\/\/polysmarts.com\/de\/wp-json\/wp\/v2\/product\/1273\/revisions\/1275"}],"wp:featuredmedia":[{"embeddable":true,"href":"https:\/\/polysmarts.com\/de\/wp-json\/wp\/v2\/media\/1243"}],"wp:attachment":[{"href":"https:\/\/polysmarts.com\/de\/wp-json\/wp\/v2\/media?parent=1273"}],"wp:term":[{"taxonomy":"product_brand","embeddable":true,"href":"https:\/\/polysmarts.com\/de\/wp-json\/wp\/v2\/product_brand?post=1273"},{"taxonomy":"product_cat","embeddable":true,"href":"https:\/\/polysmarts.com\/de\/wp-json\/wp\/v2\/product_cat?post=1273"},{"taxonomy":"product_tag","embeddable":true,"href":"https:\/\/polysmarts.com\/de\/wp-json\/wp\/v2\/product_tag?post=1273"}],"curies":[{"name":"wp","href":"https:\/\/api.w.org\/{rel}","templated":true}]}}