{"id":1086,"date":"2023-11-29T10:09:18","date_gmt":"2023-11-29T10:09:18","guid":{"rendered":"https:\/\/polysmarts.com\/?post_type=product&#038;p=1086"},"modified":"2024-04-03T07:53:21","modified_gmt":"2024-04-03T07:53:21","slug":"aluminiumfolie-ziplock-verpackungsbeutel-liefert","status":"publish","type":"product","link":"https:\/\/polysmarts.com\/de\/product\/aluminum-foil-ziplock-packaging-bags-supplies\/","title":{"rendered":"Zubeh\u00f6r f\u00fcr Ziplock-Verpackungsbeutel aus Aluminiumfolie"},"content":{"rendered":"<p><strong>Gr\u00f6\u00dfe:<\/strong> 15,5 x 24 cm + 8 cm (8 cm ist die untere Breite) \u2013 Anpassungen an Gr\u00f6\u00dfenw\u00fcnsche sind willkommen.<\/p>\n<p><strong>Material:<\/strong> Aluminiumfolie + PET + CPP<\/p>\n<p><strong>Volumen:<\/strong> 400g<\/p>\n<p><strong>Farboptionen:<\/strong> Lila, Schwarz, Rot, Gr\u00fcn, Gold, Farbanpassung akzeptieren<\/p>\n<ol>\n<li><strong>Organ-Selbstversorgungsdesign:<\/strong> Gro\u00dfes Produktfassungsverm\u00f6gen mit standfestem Erscheinungsbild.<\/li>\n<li><strong>Goldenes rotes Sandelholz-Design:<\/strong> Vereint \u00c4sthetik mit Stabilit\u00e4t.<\/li>\n<li><strong>Selbstdichtender Rei\u00dfverschluss:<\/strong> Gew\u00e4hrleistet eine einfache Handhabung und hervorragende Abdichtung w\u00e4hrend des Transports.<\/li>\n<li><strong>Recycelbar und nachhaltig:<\/strong> Unterst\u00fctzt das Umweltbewusstsein.<\/li>\n<li><strong>Faltbar und platzsparend:<\/strong> Bequeme Aufbewahrung, ohne zu viel Platz einzunehmen.<\/li>\n<\/ol>\n<p><strong>Produktleistung:<\/strong><\/p>\n<ul>\n<li>Ziplock-Verpackungsbeutel aus Aluminiumfolie, zusammengesetzt aus CPP-Folie, hergestellt aus neuem, lebensmittelechtem Material.<\/li>\n<li>Verl\u00e4ngert die Lagerdauer von Lebensmitteln und gew\u00e4hrleistet optimale Qualit\u00e4t.<\/li>\n<li>Geringe Luftdurchl\u00e4ssigkeit, au\u00dfergew\u00f6hnlicher Feuchtigkeitsschutz, starke Versiegelung und Alterungsbest\u00e4ndigkeit.<\/li>\n<li>Vielseitig einsetzbar zum Verpacken von Tee, Trockenfr\u00fcchten, S\u00fc\u00dfigkeiten, Lebensmitteln, Elektronikprodukten und mehr.<\/li>\n<li>Verf\u00fcgt \u00fcber eine ausgezeichnete Niedertemperaturbest\u00e4ndigkeit und ist daher f\u00fcr gek\u00fchlte Lebensmittel\/Kosmetika geeignet.<\/li>\n<\/ul>\n<p>Bewahren Sie die Frische auf und verbessern Sie Ihr Verpackungserlebnis mit unseren farbenfrohen Ziplock-Beuteln aus laminierter Aluminiumfolie \u2013 hier trifft Stil auf Funktionalit\u00e4t.<\/p>","protected":false},"excerpt":{"rendered":"<table style=\"height: 360px; width: 99.8505%; border-collapse: collapse;\" border=\"2\">\n<tbody>\n<tr style=\"height: 40px;\">\n<td style=\"width: 22.6796%; height: 30px; background-color: #99ccff;\"><span style=\"font-family: arial, helvetica, sans-serif; font-size: 12pt;\"><strong>Dimension &amp; Stil<\/strong><\/span><\/td>\n<td style=\"width: 77.3204%; height: 30px; background-color: #99ccff;\"><span style=\"font-family: arial, helvetica, sans-serif; font-size: 12pt;\">Benutzerdefinierte Formen und Gr\u00f6\u00dfen<\/span><\/td>\n<\/tr>\n<tr style=\"height: 40px;\">\n<td style=\"width: 22.6796%; height: 34px; background-color: #ebebeb;\"><span style=\"font-size: 12pt;\"><strong><span style=\"font-family: arial, helvetica, sans-serif;\">Mindestbestellmenge<\/span><\/strong><\/span><\/td>\n<td style=\"width: 77.3204%; height: 34px; background-color: #ebebeb;\"><span style=\"font-family: arial, helvetica, sans-serif; font-size: 12pt;\">1000 St\u00fcck ohne Anpassung, 10000 St\u00fcck zur Anpassung<\/span><\/td>\n<\/tr>\n<tr style=\"height: 40px; background-color: #99ccff;\">\n<td style=\"width: 22.6796%; height: 24px;\"><span style=\"font-size: 12pt;\"><strong><span style=\"font-family: arial, helvetica, sans-serif;\">Verpackungsart<\/span><\/strong><\/span><\/td>\n<td style=\"width: 77.3204%; height: 24px;\"><span style=\"font-family: arial, helvetica, sans-serif; font-size: 12pt;\">Stand Up Flat Bottlem Bags\/Kaffeeverpackungsbeutel mit Ventil<\/span><\/td>\n<\/tr>\n<tr style=\"height: 40px; background-color: #ebebeb;\">\n<td style=\"width: 22.6796%; height: 24px;\"><span style=\"font-size: 12pt;\"><strong><span style=\"font-family: arial, helvetica, sans-serif;\">Drucken<\/span><\/strong><\/span><\/td>\n<td style=\"width: 77.3204%; height: 24px;\"><span style=\"font-family: arial, helvetica, sans-serif; font-size: 12pt;\">CMYK (1 \u2013 10 Farben nach Ihren W\u00fcnschen), kein Druck (Normal)<\/span><\/td>\n<\/tr>\n<tr style=\"height: 40px; background-color: #99ccff;\">\n<td style=\"width: 22.6796%; height: 24px;\"><span style=\"font-size: 12pt;\"><strong><span style=\"font-family: arial, helvetica, sans-serif;\">Fertigstellung<\/span><\/strong><\/span><\/td>\n<td style=\"width: 77.3204%; height: 24px;\"><span style=\"font-family: arial, helvetica, sans-serif; font-size: 12pt;\">Glanzkaschierung, Offsetdruck<\/span><\/td>\n<\/tr>\n<tr style=\"height: 40px; background-color: #ebebeb;\">\n<td style=\"width: 22.6796%; height: 24px;\"><span style=\"font-size: 12pt;\"><strong><span style=\"font-family: arial, helvetica, sans-serif;\">Material<\/span><\/strong><\/span><\/td>\n<td style=\"width: 77.3204%; height: 24px;\"><span style=\"font-family: arial, helvetica, sans-serif; font-size: 12pt;\">OPP+VMPET+Aluminiumfolie+PE<\/span><\/td>\n<\/tr>\n<tr style=\"height: 40px; background-color: #99ccff;\">\n<td style=\"width: 22.6796%; height: 24px;\"><span style=\"font-size: 12pt;\"><strong><span style=\"font-family: arial, helvetica, sans-serif;\">Besonderheit<\/span><\/strong><\/span><\/td>\n<td style=\"width: 77.3204%; height: 24px;\"><span style=\"font-family: arial, helvetica, sans-serif; font-size: 12pt;\">Wasserdicht und wiederverschlie\u00dfbar<\/span><\/td>\n<\/tr>\n<tr style=\"height: 40px; background-color: #ebebeb;\">\n<td style=\"width: 22.6796%; height: 24px;\"><span style=\"font-size: 12pt;\"><strong><span style=\"font-family: arial, helvetica, sans-serif;\">Seitenwechsel<\/span><\/strong><\/span><\/td>\n<td style=\"width: 77.3204%; height: 24px;\"><span style=\"font-family: arial, helvetica, sans-serif; font-size: 12pt;\">7 \u2013 15 Werktage, Eilzustellung<\/span><\/td>\n<\/tr>\n<tr style=\"height: 40px; background-color: #99ccff;\">\n<td style=\"width: 22.6796%; height: 24px;\"><span style=\"font-size: 12pt;\"><strong><span style=\"font-family: arial, helvetica, sans-serif;\">Versand<\/span><\/strong><\/span><\/td>\n<td style=\"width: 77.3204%; height: 24px;\"><span style=\"font-family: arial, helvetica, sans-serif; font-size: 12pt;\">Luft, See, Express<\/span><\/td>\n<\/tr>\n<\/tbody>\n<\/table>\n<p>&nbsp;<\/p>","protected":false},"featured_media":1058,"comment_status":"open","ping_status":"closed","template":"","meta":[],"product_brand":[],"product_cat":[27,18],"product_tag":[],"class_list":{"0":"post-1086","1":"product","2":"type-product","3":"status-publish","4":"has-post-thumbnail","6":"product_cat-coffee-and-tea-packaging","7":"product_cat-zipper-bags","9":"first","10":"instock","11":"shipping-taxable","12":"product-type-simple"},"_links":{"self":[{"href":"https:\/\/polysmarts.com\/de\/wp-json\/wp\/v2\/product\/1086","targetHints":{"allow":["GET"]}}],"collection":[{"href":"https:\/\/polysmarts.com\/de\/wp-json\/wp\/v2\/product"}],"about":[{"href":"https:\/\/polysmarts.com\/de\/wp-json\/wp\/v2\/types\/product"}],"replies":[{"embeddable":true,"href":"https:\/\/polysmarts.com\/de\/wp-json\/wp\/v2\/comments?post=1086"}],"version-history":[{"count":2,"href":"https:\/\/polysmarts.com\/de\/wp-json\/wp\/v2\/product\/1086\/revisions"}],"predecessor-version":[{"id":2538,"href":"https:\/\/polysmarts.com\/de\/wp-json\/wp\/v2\/product\/1086\/revisions\/2538"}],"wp:featuredmedia":[{"embeddable":true,"href":"https:\/\/polysmarts.com\/de\/wp-json\/wp\/v2\/media\/1058"}],"wp:attachment":[{"href":"https:\/\/polysmarts.com\/de\/wp-json\/wp\/v2\/media?parent=1086"}],"wp:term":[{"taxonomy":"product_brand","embeddable":true,"href":"https:\/\/polysmarts.com\/de\/wp-json\/wp\/v2\/product_brand?post=1086"},{"taxonomy":"product_cat","embeddable":true,"href":"https:\/\/polysmarts.com\/de\/wp-json\/wp\/v2\/product_cat?post=1086"},{"taxonomy":"product_tag","embeddable":true,"href":"https:\/\/polysmarts.com\/de\/wp-json\/wp\/v2\/product_tag?post=1086"}],"curies":[{"name":"wp","href":"https:\/\/api.w.org\/{rel}","templated":true}]}}