{"id":1084,"date":"2023-11-29T09:59:22","date_gmt":"2023-11-29T09:59:22","guid":{"rendered":"https:\/\/polysmarts.com\/?post_type=product&#038;p=1084"},"modified":"2024-10-04T02:39:49","modified_gmt":"2024-10-03T18:39:49","slug":"biologisch-abbaubare-wiederverschliesbare-plastikbeutel-mit-reisverschluss-fur-t-shirt-kleidung","status":"publish","type":"product","link":"https:\/\/polysmarts.com\/de\/product\/biodegradable-reclosable-plastic-zipper-bags-for-t-shirt-clothes\/","title":{"rendered":"Biologisch abbaubare, wiederverschlie\u00dfbare Plastikbeutel mit Rei\u00dfverschluss f\u00fcr T-Shirt-Kleidung"},"content":{"rendered":"<ol>\n<li><strong>Umweltfreundliches Material:<\/strong> Diese aus PBAT+PLA gefertigte Tasche ist biologisch abbaubar und tr\u00e4gt so zu einer geringeren Umweltbelastung bei.<\/li>\n<li><strong>Vielseitig einsetzbar:<\/strong> Es ist auf die Bekleidungsindustrie zugeschnitten und eignet sich ideal zum sicheren Verpacken von Schuhen und Kleidung.<\/li>\n<li><strong>Selbstklebende Dichtung:<\/strong> Der selbstklebende Verschluss sorgt f\u00fcr eine sichere Versiegelung, erm\u00f6glicht eine einfache Handhabung und bewahrt gleichzeitig die Unversehrtheit der verpackten Artikel.<\/li>\n<li><strong>Tiefdruck:<\/strong> Die Oberfl\u00e4che ist mit einem hochwertigen Tiefdruck versehen, der eine individuelle Markenbildung und die Anzeige von Informationen erm\u00f6glicht.<\/li>\n<li><strong>Anpassbar:<\/strong> Wir nehmen Sonderanfertigungen an und die Tasche ist in verschiedenen Gr\u00f6\u00dfen erh\u00e4ltlich, um Ihren speziellen Verpackungsanforderungen f\u00fcr Kleidungsst\u00fccke gerecht zu werden.<\/li>\n<\/ol>\n<p>Unterstreichen Sie Ihr Engagement f\u00fcr Nachhaltigkeit mit unserer matten, transparenten, abbaubaren PBAT+PLA-Kunststoffverpackung. Diese selbstverschlie\u00dfende, biologisch abbaubare Tasche wurde speziell f\u00fcr Kleidungsst\u00fccke entwickelt und verbindet Funktionalit\u00e4t mit Umweltbewusstsein.<\/p>\n<p>Diese aus PBAT+PLA gefertigte Tasche ist biologisch abbaubar und sorgt f\u00fcr eine geringere Umweltbelastung. Sie ist auf die Bekleidungsindustrie zugeschnitten und eignet sich ideal zum sicheren Verpacken von Schuhen und Kleidung. Der selbstklebende Verschluss garantiert eine sichere Abdichtung, ist einfach zu verwenden und bewahrt gleichzeitig die Integrit\u00e4t der verpackten Artikel.<\/p>\n<p>Die Oberfl\u00e4che der Tasche ist mit einem hochwertigen Tiefdruck versehen, der eine individuelle Markenanbringung und eine effektive Informationsanzeige erm\u00f6glicht. Die Tasche ist in verschiedenen Gr\u00f6\u00dfen erh\u00e4ltlich und kann auf Sonderbestellungen bestellt werden. So k\u00f6nnen Sie flexibel auf Ihre speziellen Verpackungsanforderungen f\u00fcr Kleidung reagieren.<\/p>\n<p>Treffen Sie mit unserer matten, transparenten, abbaubaren Plastikt\u00fcte aus PBAT+PLA eine nachhaltige Wahl f\u00fcr Ihre Verpackungsl\u00f6sungen \u2013 hier trifft Funktionalit\u00e4t auf Umweltbewusstsein.<\/p>","protected":false},"excerpt":{"rendered":"<table style=\"height: 360px; width: 99.8505%; border-collapse: collapse;\" border=\"2\">\n<tbody>\n<tr style=\"height: 40px;\">\n<td style=\"width: 22.6796%; height: 30px; background-color: #99ccff;\"><span style=\"font-family: arial, helvetica, sans-serif; font-size: 12pt;\"><strong>Dimension &amp; Stil<\/strong><\/span><\/td>\n<td style=\"width: 77.3204%; height: 30px; background-color: #99ccff;\"><span style=\"font-family: arial, helvetica, sans-serif; font-size: 12pt;\">Benutzerdefinierte Formen und Gr\u00f6\u00dfen<\/span><\/td>\n<\/tr>\n<tr style=\"height: 40px;\">\n<td style=\"width: 22.6796%; height: 34px; background-color: #ebebeb;\"><span style=\"font-size: 12pt;\"><strong><span style=\"font-family: arial, helvetica, sans-serif;\">Mindestbestellmenge<\/span><\/strong><\/span><\/td>\n<td style=\"width: 77.3204%; height: 34px; background-color: #ebebeb;\"><span style=\"font-family: arial, helvetica, sans-serif; font-size: 12pt;\">1000 St\u00fcck ohne Anpassung, 10000 St\u00fcck zur Anpassung<\/span><\/td>\n<\/tr>\n<tr style=\"height: 40px; background-color: #99ccff;\">\n<td style=\"width: 22.6796%; height: 24px;\"><span style=\"font-size: 12pt;\"><strong><span style=\"font-family: arial, helvetica, sans-serif;\">Verpackungsart<\/span><\/strong><\/span><\/td>\n<td style=\"width: 77.3204%; height: 24px;\"><span style=\"font-family: arial, helvetica, sans-serif; font-size: 12pt;\">Selbstklebende, biologisch abbaubare T\u00fcte versiegeln<\/span><\/td>\n<\/tr>\n<tr style=\"height: 40px; background-color: #ebebeb;\">\n<td style=\"width: 22.6796%; height: 24px;\"><span style=\"font-size: 12pt;\"><strong><span style=\"font-family: arial, helvetica, sans-serif;\">Drucken<\/span><\/strong><\/span><\/td>\n<td style=\"width: 77.3204%; height: 24px;\"><span style=\"font-family: arial, helvetica, sans-serif; font-size: 12pt;\">CMYK (1 \u2013 10 Farben), kein Druck (Normal)<\/span><\/td>\n<\/tr>\n<tr style=\"height: 40px; background-color: #99ccff;\">\n<td style=\"width: 22.6796%; height: 24px;\"><span style=\"font-size: 12pt;\"><strong><span style=\"font-family: arial, helvetica, sans-serif;\">Fertigstellung<\/span><\/strong><\/span><\/td>\n<td style=\"width: 77.3204%; height: 24px;\"><span style=\"font-family: arial, helvetica, sans-serif; font-size: 12pt;\">Matte Laminierung, Offsetdruck<\/span><\/td>\n<\/tr>\n<tr style=\"height: 40px; background-color: #ebebeb;\">\n<td style=\"width: 22.6796%; height: 24px;\"><span style=\"font-size: 12pt;\"><strong><span style=\"font-family: arial, helvetica, sans-serif;\">Enthaltene Optionen<\/span><\/strong><\/span><\/td>\n<td style=\"width: 77.3204%; height: 24px;\"><span style=\"font-family: arial, helvetica, sans-serif; font-size: 12pt;\">Stanzen, Hei\u00dfsiegeln<\/span><\/td>\n<\/tr>\n<tr style=\"height: 40px; background-color: #99ccff;\">\n<td style=\"width: 22.6796%; height: 24px;\"><span style=\"font-size: 12pt;\"><strong><span style=\"font-family: arial, helvetica, sans-serif;\">Material<\/span><\/strong><\/span><\/td>\n<td style=\"width: 77.3204%; height: 24px;\"><span style=\"font-family: arial, helvetica, sans-serif; font-size: 12pt;\">PBAT+PLA\u00a0<\/span><\/td>\n<\/tr>\n<tr style=\"height: 40px; background-color: #ebebeb;\">\n<td style=\"width: 22.6796%; height: 24px;\"><span style=\"font-size: 12pt;\"><strong><span style=\"font-family: arial, helvetica, sans-serif;\">Seitenwechsel<\/span><\/strong><\/span><\/td>\n<td style=\"width: 77.3204%; height: 24px;\"><span style=\"font-family: arial, helvetica, sans-serif; font-size: 12pt;\">7 \u2013 15 Werktage, Eilzustellung<\/span><\/td>\n<\/tr>\n<tr style=\"height: 40px; background-color: #99ccff;\">\n<td style=\"width: 22.6796%; height: 24px;\"><span style=\"font-size: 12pt;\"><strong><span style=\"font-family: arial, helvetica, sans-serif;\">Versand<\/span><\/strong><\/span><\/td>\n<td style=\"width: 77.3204%; height: 24px;\"><span style=\"font-family: arial, helvetica, sans-serif; font-size: 12pt;\">Luft, See, Express<\/span><\/td>\n<\/tr>\n<\/tbody>\n<\/table>\n<p>&nbsp;<\/p>","protected":false},"featured_media":1051,"comment_status":"open","ping_status":"closed","template":"","meta":[],"product_brand":[],"product_cat":[22,31],"product_tag":[],"class_list":{"0":"post-1084","1":"product","2":"type-product","3":"status-publish","4":"has-post-thumbnail","6":"product_cat-biodegradable-bag","7":"product_cat-clothing-packaging","9":"first","10":"instock","11":"shipping-taxable","12":"product-type-simple"},"_links":{"self":[{"href":"https:\/\/polysmarts.com\/de\/wp-json\/wp\/v2\/product\/1084","targetHints":{"allow":["GET"]}}],"collection":[{"href":"https:\/\/polysmarts.com\/de\/wp-json\/wp\/v2\/product"}],"about":[{"href":"https:\/\/polysmarts.com\/de\/wp-json\/wp\/v2\/types\/product"}],"replies":[{"embeddable":true,"href":"https:\/\/polysmarts.com\/de\/wp-json\/wp\/v2\/comments?post=1084"}],"version-history":[{"count":1,"href":"https:\/\/polysmarts.com\/de\/wp-json\/wp\/v2\/product\/1084\/revisions"}],"predecessor-version":[{"id":1085,"href":"https:\/\/polysmarts.com\/de\/wp-json\/wp\/v2\/product\/1084\/revisions\/1085"}],"wp:featuredmedia":[{"embeddable":true,"href":"https:\/\/polysmarts.com\/de\/wp-json\/wp\/v2\/media\/1051"}],"wp:attachment":[{"href":"https:\/\/polysmarts.com\/de\/wp-json\/wp\/v2\/media?parent=1084"}],"wp:term":[{"taxonomy":"product_brand","embeddable":true,"href":"https:\/\/polysmarts.com\/de\/wp-json\/wp\/v2\/product_brand?post=1084"},{"taxonomy":"product_cat","embeddable":true,"href":"https:\/\/polysmarts.com\/de\/wp-json\/wp\/v2\/product_cat?post=1084"},{"taxonomy":"product_tag","embeddable":true,"href":"https:\/\/polysmarts.com\/de\/wp-json\/wp\/v2\/product_tag?post=1084"}],"curies":[{"name":"wp","href":"https:\/\/api.w.org\/{rel}","templated":true}]}}