{"id":1082,"date":"2023-11-29T09:44:06","date_gmt":"2023-11-29T09:44:06","guid":{"rendered":"https:\/\/polysmarts.com\/?post_type=product&#038;p=1082"},"modified":"2023-12-12T17:24:49","modified_gmt":"2023-12-12T17:24:49","slug":"kraftpapiertute-mit-seitenfalten-und-flachem-boden-und-reisverschluss","status":"publish","type":"product","link":"https:\/\/polysmarts.com\/de\/product\/side-gusset-flat-bottom-zipper-kraft-paper-bag\/","title":{"rendered":"Kraftpapiert\u00fcte mit Seitenfalten und flachem Boden und Rei\u00dfverschluss"},"content":{"rendered":"<p>Entdecken Sie die perfekte Verpackungsl\u00f6sung mit unseren Zip-Lock-Beuteln aus Kraftpapier mit Sichtfenster. Diese Beutel werden aus hochwertigem Kraftpapierverbundmaterial hergestellt und sind in Standardgr\u00f6\u00dfen wie 10\u00d720+6, 12\u00d722+6, 14\u00d724+6, 16\u00d726+8, 18\u00d728+8 und 20\u00d730+8 erh\u00e4ltlich oder k\u00f6nnen an Ihre spezifischen Anforderungen angepasst werden. W\u00e4hlen Sie aus einer Reihe von Farben, darunter Gelb und Wei\u00df, und personalisieren Sie sie mit einem farbenfrohen Logodruck.<\/p>\n<p><strong>Produkteigenschaften:<\/strong><\/p>\n<ol>\n<li><strong>Verbreiterter Dichtstreifen:<\/strong> Genie\u00dfen Sie den Komfort eines erweiterten Versiegelungsstreifens, der ein einfaches \u00d6ffnen erm\u00f6glicht und Staub- und Feuchtigkeitsschutz bietet. Die robuste Versiegelungsleistung sorgt daf\u00fcr, dass diese Beutel wiederverschlie\u00dfbar sind, was sie praktisch und wiederverwendbar macht.<\/li>\n<li><strong>Mehrzweckdesign:<\/strong> Diese Beutel sind vielseitig und f\u00fcr verschiedene Anwendungen geeignet. Sie eignen sich perfekt zum Verpacken von Getreide, getrockneten N\u00fcssen, Snacks usw. Der breite Boden verst\u00e4rkt den stereoskopischen Effekt und sorgt f\u00fcr eine attraktive Pr\u00e4sentation.<\/li>\n<li><strong>Gr\u00f6\u00dferer Kapazit\u00e4tsraum:<\/strong> Diese Beutel lassen sich seitlich \u00f6ffnen, um einen benutzerfreundlichen Zugriff zu erm\u00f6glichen, und bieten mehr Platz. Das durchdachte Design gew\u00e4hrleistet gute Versiegelungseigenschaften und erm\u00f6glicht eine wiederholte Verwendung.<\/li>\n<li><strong>Transparentes Fensterdesign:<\/strong> Die Taschen verf\u00fcgen \u00fcber ein transparentes Fensterdesign mit BOPP-Folie, das Sichtbarkeit bietet und die Gesamt\u00e4sthetik verbessert. Das Fenster ist wasserdicht und feuchtigkeitsbest\u00e4ndig und verbindet Funktionalit\u00e4t mit Sch\u00f6nheit.<\/li>\n<\/ol>\n<p>Erweitern Sie Ihre Verpackungsleistung mit diesen hochwertigen Zip-Lock-Beuteln aus Kraftpapier, die f\u00fcr \u00fcberragende Funktionalit\u00e4t, Zweckm\u00e4\u00dfigkeit und ein auff\u00e4lliges Aussehen konzipiert sind. Diese Beutel sind ideal f\u00fcr eine Vielzahl von Inhalten und bieten eine perfekte Mischung aus Stil und Komfort.<\/p>","protected":false},"excerpt":{"rendered":"<table style=\"height: 360px; width: 99.8505%; border-collapse: collapse;\" border=\"2\">\n<tbody>\n<tr style=\"height: 40px;\">\n<td style=\"width: 22.6796%; height: 30px; background-color: #99ccff;\"><span style=\"font-family: arial, helvetica, sans-serif; font-size: 12pt;\"><strong>Dimension &amp; Stil<\/strong><\/span><\/td>\n<td style=\"width: 77.3204%; height: 30px; background-color: #99ccff;\"><span style=\"font-family: arial, helvetica, sans-serif; font-size: 12pt;\">Benutzerdefinierte Formen und Gr\u00f6\u00dfen<\/span><\/td>\n<\/tr>\n<tr style=\"height: 40px;\">\n<td style=\"width: 22.6796%; height: 34px; background-color: #ebebeb;\"><span style=\"font-size: 12pt;\"><strong><span style=\"font-family: arial, helvetica, sans-serif;\">Mindestbestellmenge<\/span><\/strong><\/span><\/td>\n<td style=\"width: 77.3204%; height: 34px; background-color: #ebebeb;\"><span style=\"font-family: arial, helvetica, sans-serif; font-size: 12pt;\">1000 St\u00fcck ohne Anpassung, 10000 St\u00fcck zur Anpassung<\/span><\/td>\n<\/tr>\n<tr style=\"height: 40px; background-color: #99ccff;\">\n<td style=\"width: 22.6796%; height: 24px;\"><span style=\"font-size: 12pt;\"><strong><span style=\"font-family: arial, helvetica, sans-serif;\">Verpackungsart<\/span><\/strong><\/span><\/td>\n<td style=\"width: 77.3204%; height: 24px;\"><span style=\"font-family: arial, helvetica, sans-serif; font-size: 12pt;\">Stand Up Flat Bottlem Beutel<\/span><\/td>\n<\/tr>\n<tr style=\"height: 40px; background-color: #ebebeb;\">\n<td style=\"width: 22.6796%; height: 24px;\"><span style=\"font-size: 12pt;\"><strong><span style=\"font-family: arial, helvetica, sans-serif;\">Drucken<\/span><\/strong><\/span><\/td>\n<td style=\"width: 77.3204%; height: 24px;\"><span style=\"font-family: arial, helvetica, sans-serif; font-size: 12pt;\">CMYK (1 \u2013 10 Farben nach Ihren W\u00fcnschen), kein Druck (Normal)<\/span><\/td>\n<\/tr>\n<tr style=\"height: 40px; background-color: #99ccff;\">\n<td style=\"width: 22.6796%; height: 24px;\"><span style=\"font-size: 12pt;\"><strong><span style=\"font-family: arial, helvetica, sans-serif;\">Fertigstellung<\/span><\/strong><\/span><\/td>\n<td style=\"width: 77.3204%; height: 24px;\"><span style=\"font-family: arial, helvetica, sans-serif; font-size: 12pt;\">Glanzkaschierung, Offsetdruck<\/span><\/td>\n<\/tr>\n<tr style=\"height: 40px; background-color: #ebebeb;\">\n<td style=\"width: 22.6796%; height: 24px;\"><span style=\"font-size: 12pt;\"><strong><span style=\"font-family: arial, helvetica, sans-serif;\">Material<\/span><\/strong><\/span><\/td>\n<td style=\"width: 77.3204%; height: 24px;\"><span style=\"font-family: arial, helvetica, sans-serif; font-size: 12pt;\">Mopp+Papier+PE<\/span><\/td>\n<\/tr>\n<tr style=\"height: 40px; background-color: #99ccff;\">\n<td style=\"width: 22.6796%; height: 24px;\"><span style=\"font-size: 12pt;\"><strong><span style=\"font-family: arial, helvetica, sans-serif;\">Besonderheit<\/span><\/strong><\/span><\/td>\n<td style=\"width: 77.3204%; height: 24px;\"><span style=\"font-family: arial, helvetica, sans-serif; font-size: 12pt;\">Wasserdicht und wiederverschlie\u00dfbar<\/span><\/td>\n<\/tr>\n<tr style=\"height: 40px; background-color: #ebebeb;\">\n<td style=\"width: 22.6796%; height: 24px;\"><span style=\"font-size: 12pt;\"><strong><span style=\"font-family: arial, helvetica, sans-serif;\">Seitenwechsel<\/span><\/strong><\/span><\/td>\n<td style=\"width: 77.3204%; height: 24px;\"><span style=\"font-family: arial, helvetica, sans-serif; font-size: 12pt;\">7 \u2013 15 Werktage, Eilzustellung<\/span><\/td>\n<\/tr>\n<tr style=\"height: 40px; background-color: #99ccff;\">\n<td style=\"width: 22.6796%; height: 24px;\"><span style=\"font-size: 12pt;\"><strong><span style=\"font-family: arial, helvetica, sans-serif;\">Versand<\/span><\/strong><\/span><\/td>\n<td style=\"width: 77.3204%; height: 24px;\"><span style=\"font-family: arial, helvetica, sans-serif; font-size: 12pt;\">Luft, See, Express<\/span><\/td>\n<\/tr>\n<\/tbody>\n<\/table>\n<p>&nbsp;<\/p>","protected":false},"featured_media":1049,"comment_status":"open","ping_status":"closed","template":"","meta":[],"product_brand":[],"product_cat":[27,26,20,34,18],"product_tag":[],"class_list":{"0":"post-1082","1":"product","2":"type-product","3":"status-publish","4":"has-post-thumbnail","6":"product_cat-coffee-and-tea-packaging","7":"product_cat-food-packaging","8":"product_cat-kraft-paper-bag","9":"product_cat-paper-packing","10":"product_cat-zipper-bags","12":"first","13":"instock","14":"shipping-taxable","15":"product-type-simple"},"_links":{"self":[{"href":"https:\/\/polysmarts.com\/de\/wp-json\/wp\/v2\/product\/1082","targetHints":{"allow":["GET"]}}],"collection":[{"href":"https:\/\/polysmarts.com\/de\/wp-json\/wp\/v2\/product"}],"about":[{"href":"https:\/\/polysmarts.com\/de\/wp-json\/wp\/v2\/types\/product"}],"replies":[{"embeddable":true,"href":"https:\/\/polysmarts.com\/de\/wp-json\/wp\/v2\/comments?post=1082"}],"version-history":[{"count":1,"href":"https:\/\/polysmarts.com\/de\/wp-json\/wp\/v2\/product\/1082\/revisions"}],"predecessor-version":[{"id":1083,"href":"https:\/\/polysmarts.com\/de\/wp-json\/wp\/v2\/product\/1082\/revisions\/1083"}],"wp:featuredmedia":[{"embeddable":true,"href":"https:\/\/polysmarts.com\/de\/wp-json\/wp\/v2\/media\/1049"}],"wp:attachment":[{"href":"https:\/\/polysmarts.com\/de\/wp-json\/wp\/v2\/media?parent=1082"}],"wp:term":[{"taxonomy":"product_brand","embeddable":true,"href":"https:\/\/polysmarts.com\/de\/wp-json\/wp\/v2\/product_brand?post=1082"},{"taxonomy":"product_cat","embeddable":true,"href":"https:\/\/polysmarts.com\/de\/wp-json\/wp\/v2\/product_cat?post=1082"},{"taxonomy":"product_tag","embeddable":true,"href":"https:\/\/polysmarts.com\/de\/wp-json\/wp\/v2\/product_tag?post=1082"}],"curies":[{"name":"wp","href":"https:\/\/api.w.org\/{rel}","templated":true}]}}