{"id":1074,"date":"2023-11-29T09:09:12","date_gmt":"2023-11-29T09:09:12","guid":{"rendered":"https:\/\/polysmarts.com\/?post_type=product&#038;p=1074"},"modified":"2025-06-27T14:34:43","modified_gmt":"2025-06-27T06:34:43","slug":"vakuumbeutel-aus-nylon-zur-aufbewahrung-von-lebensmitteln","status":"publish","type":"product","link":"https:\/\/polysmarts.com\/de\/product\/nylon-vacuum-storage-food-packaging-bags\/","title":{"rendered":"Vakuumbeutel aus Nylon zur Aufbewahrung von Lebensmittelverpackungen"},"content":{"rendered":"<p>Entdecken Sie den Inbegriff der Lebensmittelaufbewahrung mit unseren lebensmittelechten, transparenten, hei\u00dfversiegelten Nylon-Vakuum-Kunststoffbeuteln. Diese Beutel werden mit einer hochmodernen 7- bis 9-lagigen coextrudierten Blasfolienstruktur hergestellt und gew\u00e4hrleisten die optimale Konservierung Ihrer Lebensmittel.<\/p>\n<p>Hauptmerkmale:<\/p>\n<p>1. Modernes Material: W\u00e4hlen Sie aus PA\/PE, PA\/EVOH\/PE oder individuellen Materialien, um Ihren spezifischen Anforderungen an die Lebensmittellagerung gerecht zu werden.<\/p>\n<p>2. Vielseitige Dicke: Mit einer Dicke von 20 bis 300 Mikrometern bieten diese Beutel Haltbarkeit und eignen sich gleichzeitig f\u00fcr eine Vielzahl von Lebensmitteln.<\/p>\n<p>3. Temperaturbest\u00e4ndig: Geeignet zum Tiefk\u00fchlen bis -40\u00b0C und perfekt zum Kochen bei hohen Temperaturen bis 100\u00b0C, einschlie\u00dflich Verwendung in der Mikrowelle.<\/p>\n<p>4. Flexible Beutelformate: Entscheiden Sie sich f\u00fcr eine gerade Versiegelung, eine Randtasche, eine 2-seitige Versiegelung oder eine 3-seitige Versiegelung, um unterschiedlichen Verpackungsvorlieben gerecht zu werden.<\/p>\n<p>5. Umfangreiche Anwendungen:<br \/>\n\u2013 Ideal f\u00fcr die automatische Verpackung von Lebensmitteln, einschlie\u00dflich getrocknetem Bohnenquark, Wurst, S\u00fc\u00dfigkeiten, Gew\u00fcrzen, Kaffee, Tee und N\u00fcssen.<br \/>\n\u2013 Perfekt f\u00fcr Tiefk\u00fchlkost wie Fleisch, Milchprodukte, Gefl\u00fcgel und Meeresfr\u00fcchte.<br \/>\n\u2013 Effiziente Vakuumverpackung f\u00fcr Wurst, Fisch, Knochen und mehr.<br \/>\n\u2013 Bietet gepr\u00e4gte Vakuumverpackung f\u00fcr zus\u00e4tzliche optische Attraktivit\u00e4t.<\/p>\n<p>Weitere Informationen:<\/p>\n<p>\u2013 Temperaturbereich: -40 \u00b0C bis 121 \u00b0C, gew\u00e4hrleistet Vielseitigkeit bei verschiedenen Lager- und Kochbedingungen.<br \/>\n\u2013 Musterverf\u00fcgbarkeit: Muster sind kostenlos erh\u00e4ltlich, sodass Sie die Qualit\u00e4t aus erster Hand erleben k\u00f6nnen.<br \/>\n\u2013 Farboptionen: W\u00e4hlen Sie zwischen hoher Transparenz oder passen Sie die Farbe an Ihre Marke oder Vorlieben an.<br \/>\n\u2013 Logodruck: Personalisieren Sie die Taschen mit Ihrem Logo und verleihen Sie ihnen so eine Markennote.<\/p>\n<p>Revolutionieren Sie Ihre Lebensmittelaufbewahrung mit diesen hochwertigen transparenten, hei\u00dfversiegelten Vakuum-Verpackungsbeuteln aus Nylon. Sorgen Sie f\u00fcr Frische, Langlebigkeit und optimale Konservierung einer gro\u00dfen Auswahl an Lebensmitteln.<\/p>","protected":false},"excerpt":{"rendered":"<table style=\"height: 360px; width: 99.8505%; border-collapse: collapse;\" border=\"2\">\n<tbody>\n<tr style=\"height: 40px;\">\n<td style=\"width: 22.6796%; height: 30px; background-color: #99ccff;\"><span style=\"font-family: arial, helvetica, sans-serif; font-size: 12pt;\"><strong>Dimension &amp; Stil<\/strong><\/span><\/td>\n<td style=\"width: 77.3204%; height: 30px; background-color: #99ccff;\"><span style=\"font-family: arial, helvetica, sans-serif; font-size: 12pt;\">Benutzerdefinierte Formen und Gr\u00f6\u00dfen<\/span><\/td>\n<\/tr>\n<tr style=\"height: 40px;\">\n<td style=\"width: 22.6796%; height: 34px; background-color: #ebebeb;\"><span style=\"font-size: 12pt;\"><strong><span style=\"font-family: arial, helvetica, sans-serif;\">Mindestbestellmenge<\/span><\/strong><\/span><\/td>\n<td style=\"width: 77.3204%; height: 34px; background-color: #ebebeb;\"><span style=\"font-family: arial, helvetica, sans-serif; font-size: 12pt;\">1000 St\u00fcck ohne Anpassung, 5000 St\u00fcck zur Anpassung<\/span><\/td>\n<\/tr>\n<tr style=\"height: 40px; background-color: #99ccff;\">\n<td style=\"width: 22.6796%; height: 24px;\"><span style=\"font-size: 12pt;\"><strong><span style=\"font-family: arial, helvetica, sans-serif;\">Verpackungsart<\/span><\/strong><\/span><\/td>\n<td style=\"width: 77.3204%; height: 24px;\"><span style=\"font-family: arial, helvetica, sans-serif; font-size: 12pt;\">Vakuumbeutel aus Nylon zur Aufbewahrung von Lebensmittelverpackungen<\/span><\/td>\n<\/tr>\n<tr style=\"height: 40px; background-color: #ebebeb;\">\n<td style=\"width: 22.6796%; height: 24px;\"><span style=\"font-size: 12pt;\"><strong><span style=\"font-family: arial, helvetica, sans-serif;\">Material<\/span><\/strong><\/span><\/td>\n<td style=\"width: 77.3204%; height: 24px;\"><span style=\"font-family: arial, helvetica, sans-serif; font-size: 12pt;\">Nylon<\/span><\/td>\n<\/tr>\n<tr style=\"height: 40px; background-color: #99ccff;\">\n<td style=\"width: 22.6796%; height: 24px;\"><span style=\"font-size: 12pt;\"><strong><span style=\"font-family: arial, helvetica, sans-serif;\">Fertigstellung<\/span><\/strong><\/span><\/td>\n<td style=\"width: 77.3204%; height: 24px;\"><span style=\"font-family: arial, helvetica, sans-serif; font-size: 12pt;\">Gepr\u00e4gt<\/span><\/td>\n<\/tr>\n<tr style=\"height: 40px; background-color: #ebebeb;\">\n<td style=\"width: 22.6796%; height: 24px;\"><span style=\"font-size: 12pt;\"><strong><span style=\"font-family: arial, helvetica, sans-serif;\">Temperaturbereich<\/span><\/strong><\/span><\/td>\n<td style=\"width: 77.3204%; height: 24px;\"><span style=\"font-family: arial, helvetica, sans-serif; font-size: 12pt;\">-40\u00baC bis 121\u00baC <span style=\"font-size: 12pt;\"><strong><span style=\"font-family: arial, helvetica, sans-serif;\">\u00a0<\/span><\/strong><\/span><\/span><\/td>\n<\/tr>\n<tr style=\"height: 40px; background-color: #99ccff;\">\n<td style=\"width: 22.6796%; height: 24px;\"><span style=\"font-size: 12pt;\"><strong><span style=\"font-family: arial, helvetica, sans-serif;\">Dicke<\/span><\/strong><\/span><\/td>\n<td style=\"width: 77.3204%; height: 24px;\"><span style=\"font-family: arial, helvetica, sans-serif; font-size: 12pt;\">20-300 Mikrometer<\/span><\/td>\n<\/tr>\n<tr style=\"height: 40px; background-color: #ebebeb;\">\n<td style=\"width: 22.6796%; height: 24px;\"><span style=\"font-size: 12pt;\"><strong><span style=\"font-family: arial, helvetica, sans-serif;\">Seitenwechsel<\/span><\/strong><\/span><\/td>\n<td style=\"width: 77.3204%; height: 24px;\"><span style=\"font-family: arial, helvetica, sans-serif; font-size: 12pt;\">7 \u2013 15 Werktage, Eilzustellung<\/span><\/td>\n<\/tr>\n<tr style=\"height: 40px; background-color: #99ccff;\">\n<td style=\"width: 22.6796%; height: 24px;\"><span style=\"font-size: 12pt;\"><strong><span style=\"font-family: arial, helvetica, sans-serif;\">Versand<\/span><\/strong><\/span><\/td>\n<td style=\"width: 77.3204%; height: 24px;\"><span style=\"font-family: arial, helvetica, sans-serif; font-size: 12pt;\">Luft, See, Express<\/span><\/td>\n<\/tr>\n<\/tbody>\n<\/table>\n<p>&nbsp;<\/p>","protected":false},"featured_media":937,"comment_status":"open","ping_status":"closed","template":"","meta":[],"product_brand":[],"product_cat":[26,19],"product_tag":[],"class_list":{"0":"post-1074","1":"product","2":"type-product","3":"status-publish","4":"has-post-thumbnail","6":"product_cat-food-packaging","7":"product_cat-heat-sealing-bag","9":"first","10":"instock","11":"shipping-taxable","12":"product-type-simple"},"_links":{"self":[{"href":"https:\/\/polysmarts.com\/de\/wp-json\/wp\/v2\/product\/1074","targetHints":{"allow":["GET"]}}],"collection":[{"href":"https:\/\/polysmarts.com\/de\/wp-json\/wp\/v2\/product"}],"about":[{"href":"https:\/\/polysmarts.com\/de\/wp-json\/wp\/v2\/types\/product"}],"replies":[{"embeddable":true,"href":"https:\/\/polysmarts.com\/de\/wp-json\/wp\/v2\/comments?post=1074"}],"version-history":[{"count":3,"href":"https:\/\/polysmarts.com\/de\/wp-json\/wp\/v2\/product\/1074\/revisions"}],"predecessor-version":[{"id":4729,"href":"https:\/\/polysmarts.com\/de\/wp-json\/wp\/v2\/product\/1074\/revisions\/4729"}],"wp:featuredmedia":[{"embeddable":true,"href":"https:\/\/polysmarts.com\/de\/wp-json\/wp\/v2\/media\/937"}],"wp:attachment":[{"href":"https:\/\/polysmarts.com\/de\/wp-json\/wp\/v2\/media?parent=1074"}],"wp:term":[{"taxonomy":"product_brand","embeddable":true,"href":"https:\/\/polysmarts.com\/de\/wp-json\/wp\/v2\/product_brand?post=1074"},{"taxonomy":"product_cat","embeddable":true,"href":"https:\/\/polysmarts.com\/de\/wp-json\/wp\/v2\/product_cat?post=1074"},{"taxonomy":"product_tag","embeddable":true,"href":"https:\/\/polysmarts.com\/de\/wp-json\/wp\/v2\/product_tag?post=1074"}],"curies":[{"name":"wp","href":"https:\/\/api.w.org\/{rel}","templated":true}]}}