{"id":1013,"date":"2023-11-28T10:43:26","date_gmt":"2023-11-28T10:43:26","guid":{"rendered":"https:\/\/polysmarts.com\/?post_type=product&#038;p=1013"},"modified":"2023-11-28T10:43:27","modified_gmt":"2023-11-28T10:43:27","slug":"luxus-geschenkverpackungspapier-einkaufstasche-mit-griff","status":"publish","type":"product","link":"https:\/\/polysmarts.com\/de\/product\/luxury-gift-packaging-paper-shopping-bag-with-handle\/","title":{"rendered":"Luxuri\u00f6se Einkaufstasche aus Geschenkverpackungspapier mit Griff"},"content":{"rendered":"<p>Machen Sie Ihre Geschenke mit unseren luxuri\u00f6sen Geschenkverpackungs-Einkaufst\u00fcten aus Papier zu etwas ganz Besonderem. Dieses Set enth\u00e4lt 12 exquisite T\u00fcten, die auf der Oberfl\u00e4che mit einer goldgepr\u00e4gten \u201eDanke\u201c-Nachricht verziert sind und Ihren Geschenken einen Hauch von Raffinesse verleihen.<\/p>\n<p><strong>Hauptmerkmale:<\/strong><\/p>\n<ol>\n<li><strong>Dankbarkeit ausdr\u00fccken:<\/strong> Ideal zum Verpacken von Waren, Dankesgeschenken f\u00fcr Mitarbeiter oder zum Ausdruck der Dankbarkeit gegen\u00fcber Familie und Freunden.<\/li>\n<li><strong>Gro\u00dfz\u00fcgige Gr\u00f6\u00dfe:<\/strong> Mit Abmessungen von 13\u2033x9,8\u2033x4,7\u2033 (33 x 25 x 12 cm) bieten diese Taschen reichlich Platz, sodass Sie Waren oder Geschenke verpacken k\u00f6nnen, ohne sich Gedanken \u00fcber die Kapazit\u00e4t machen zu m\u00fcssen.<\/li>\n<li><strong>Hochwertiges Material:<\/strong> Diese T\u00fcten sind aus 250 g\/m\u00b2 starkem Premiumpapier gefertigt und am Boden mit stabiler Pappe verst\u00e4rkt. Sie k\u00f6nnen das Gewicht Ihrer Geschenke problemlos tragen, ohne dass die Gefahr besteht, dass sie rei\u00dfen.<\/li>\n<li><strong>Vielseitig einsetzbar:<\/strong> Perfekt f\u00fcr eine Vielzahl von Geschenken, von B\u00fcchern und Kleidung bis hin zu Stofftieren, Puzzles oder einer Sammlung kleinerer Gegenst\u00e4nde. Vielseitigkeit trifft auf Eleganz.<\/li>\n<li><strong>Wiederverwendbar und einfach zu lagern:<\/strong> Diese Taschen sind nicht nur wiederverwendbar, sondern k\u00f6nnen bei Nichtgebrauch auch vollst\u00e4ndig flach zusammengefaltet werden, was die Lagerung zum Kinderspiel macht und den Platzbedarf minimiert.<\/li>\n<\/ol>\n<p>Machen Sie das Schenken zu einem Erlebnis mit diesen eleganten und praktischen Luxus-Geschenkverpackungst\u00fcten aus Papier. Werten Sie Ihre Geschenke mit Stil und Substanz auf.<\/p>","protected":false},"excerpt":{"rendered":"<table style=\"height: 360px; width: 99.8505%; border-collapse: collapse;\" border=\"2\">\n<tbody>\n<tr style=\"height: 40px;\">\n<td style=\"width: 22.6796%; height: 30px; background-color: #99ccff;\"><span style=\"font-family: arial, helvetica, sans-serif; font-size: 12pt;\"><strong>Dimension &amp; Stil<\/strong><\/span><\/td>\n<td style=\"width: 77.3204%; height: 30px; background-color: #99ccff;\"><span style=\"font-family: arial, helvetica, sans-serif; font-size: 12pt;\">Benutzerdefinierte Formen und Gr\u00f6\u00dfen<\/span><\/td>\n<\/tr>\n<tr style=\"height: 40px;\">\n<td style=\"width: 22.6796%; height: 34px; background-color: #ebebeb;\"><span style=\"font-size: 12pt;\"><strong><span style=\"font-family: arial, helvetica, sans-serif;\">Mindestbestellmenge<\/span><\/strong><\/span><\/td>\n<td style=\"width: 77.3204%; height: 34px; background-color: #ebebeb;\"><span style=\"font-family: arial, helvetica, sans-serif; font-size: 12pt;\">1000 St\u00fcck ohne Anpassung, 5000 St\u00fcck zur Anpassung<\/span><\/td>\n<\/tr>\n<tr style=\"height: 40px; background-color: #99ccff;\">\n<td style=\"width: 22.6796%; height: 24px;\"><span style=\"font-size: 12pt;\"><strong><span style=\"font-family: arial, helvetica, sans-serif;\">Verpackungsart<\/span><\/strong><\/span><\/td>\n<td style=\"width: 77.3204%; height: 24px;\"><span style=\"font-family: arial, helvetica, sans-serif; font-size: 12pt;\">Einkaufst\u00fcten aus Papier<\/span><\/td>\n<\/tr>\n<tr style=\"height: 40px; background-color: #ebebeb;\">\n<td style=\"width: 22.6796%; height: 24px;\"><span style=\"font-size: 12pt;\"><strong><span style=\"font-family: arial, helvetica, sans-serif;\">Material<\/span><\/strong><\/span><\/td>\n<td style=\"width: 77.3204%; height: 24px;\"><span style=\"font-family: arial, helvetica, sans-serif; font-size: 12pt;\">Wellpappe, E-Welle, F-Welle<\/span><\/td>\n<\/tr>\n<tr style=\"height: 40px; background-color: #99ccff;\">\n<td style=\"width: 22.6796%; height: 24px;\"><span style=\"font-size: 12pt;\"><strong><span style=\"font-family: arial, helvetica, sans-serif;\">Fertigstellung<\/span><\/strong><\/span><\/td>\n<td style=\"width: 77.3204%; height: 24px;\"><span style=\"font-family: arial, helvetica, sans-serif; font-size: 12pt;\">Spot-UV, gepr\u00e4gte, matte oder gl\u00e4nzende Laminierung und so<\/span><\/td>\n<\/tr>\n<tr style=\"height: 40px; background-color: #ebebeb;\">\n<td style=\"width: 22.6796%; height: 24px;\"><span style=\"font-size: 12pt;\"><strong><span style=\"font-family: arial, helvetica, sans-serif;\">Gewichtsbeschr\u00e4nkung<\/span><\/strong><\/span><\/td>\n<td style=\"width: 77.3204%; height: 24px;\"><span style=\"font-family: arial, helvetica, sans-serif; font-size: 12pt;\">&gt;10 kg<\/span><\/td>\n<\/tr>\n<tr style=\"height: 40px; background-color: #99ccff;\">\n<td style=\"width: 22.6796%; height: 24px;\"><span style=\"font-size: 12pt;\"><strong><span style=\"font-family: arial, helvetica, sans-serif;\">Papiert\u00fctentyp<\/span><\/strong><\/span><\/td>\n<td style=\"width: 77.3204%; height: 24px;\"><span style=\"font-family: arial, helvetica, sans-serif; font-size: 12pt;\">Papiert\u00fcte, Geschenkt\u00fcte Papier<\/span><\/td>\n<\/tr>\n<tr style=\"height: 40px; background-color: #ebebeb;\">\n<td style=\"width: 22.6796%; height: 24px;\"><span style=\"font-size: 12pt;\"><strong><span style=\"font-family: arial, helvetica, sans-serif;\">Seitenwechsel<\/span><\/strong><\/span><\/td>\n<td style=\"width: 77.3204%; height: 24px;\"><span style=\"font-family: arial, helvetica, sans-serif; font-size: 12pt;\">7 \u2013 15 Werktage, Eilzustellung<\/span><\/td>\n<\/tr>\n<tr style=\"height: 40px; background-color: #99ccff;\">\n<td style=\"width: 22.6796%; height: 24px;\"><span style=\"font-size: 12pt;\"><strong><span style=\"font-family: arial, helvetica, sans-serif;\">Versand<\/span><\/strong><\/span><\/td>\n<td style=\"width: 77.3204%; height: 24px;\"><span style=\"font-family: arial, helvetica, sans-serif; font-size: 12pt;\">Luft, See, Express<\/span><\/td>\n<\/tr>\n<\/tbody>\n<\/table>\n<p>&nbsp;<\/p>","protected":false},"featured_media":986,"comment_status":"open","ping_status":"closed","template":"","meta":[],"product_brand":[],"product_cat":[15,34],"product_tag":[],"class_list":{"0":"post-1013","1":"product","2":"type-product","3":"status-publish","4":"has-post-thumbnail","6":"product_cat-paper-box","7":"product_cat-paper-packing","9":"first","10":"instock","11":"shipping-taxable","12":"product-type-simple"},"_links":{"self":[{"href":"https:\/\/polysmarts.com\/de\/wp-json\/wp\/v2\/product\/1013","targetHints":{"allow":["GET"]}}],"collection":[{"href":"https:\/\/polysmarts.com\/de\/wp-json\/wp\/v2\/product"}],"about":[{"href":"https:\/\/polysmarts.com\/de\/wp-json\/wp\/v2\/types\/product"}],"replies":[{"embeddable":true,"href":"https:\/\/polysmarts.com\/de\/wp-json\/wp\/v2\/comments?post=1013"}],"version-history":[{"count":1,"href":"https:\/\/polysmarts.com\/de\/wp-json\/wp\/v2\/product\/1013\/revisions"}],"predecessor-version":[{"id":1015,"href":"https:\/\/polysmarts.com\/de\/wp-json\/wp\/v2\/product\/1013\/revisions\/1015"}],"wp:featuredmedia":[{"embeddable":true,"href":"https:\/\/polysmarts.com\/de\/wp-json\/wp\/v2\/media\/986"}],"wp:attachment":[{"href":"https:\/\/polysmarts.com\/de\/wp-json\/wp\/v2\/media?parent=1013"}],"wp:term":[{"taxonomy":"product_brand","embeddable":true,"href":"https:\/\/polysmarts.com\/de\/wp-json\/wp\/v2\/product_brand?post=1013"},{"taxonomy":"product_cat","embeddable":true,"href":"https:\/\/polysmarts.com\/de\/wp-json\/wp\/v2\/product_cat?post=1013"},{"taxonomy":"product_tag","embeddable":true,"href":"https:\/\/polysmarts.com\/de\/wp-json\/wp\/v2\/product_tag?post=1013"}],"curies":[{"name":"wp","href":"https:\/\/api.w.org\/{rel}","templated":true}]}}