{"id":622,"date":"2023-11-10T11:24:35","date_gmt":"2023-11-10T11:24:35","guid":{"rendered":"https:\/\/polysmarts.com\/?page_id=622"},"modified":"2023-12-12T17:04:01","modified_gmt":"2023-12-12T17:04:01","slug":"faq","status":"publish","type":"page","link":"https:\/\/polysmarts.com\/de\/faq\/","title":{"rendered":"FAQ"},"content":{"rendered":"<div data-elementor-type=\"wp-page\" data-elementor-id=\"622\" class=\"elementor elementor-622\" data-elementor-post-type=\"page\">\n\t\t\t\t<div class=\"elementor-element elementor-element-1ed55cf e-con-full e-flex e-con e-parent\" data-id=\"1ed55cf\" data-element_type=\"container\" data-e-type=\"container\" data-settings=\"{&quot;background_background&quot;:&quot;classic&quot;}\">\n\t\t\t\t<div class=\"elementor-element elementor-element-a8f0b51 elementor-widget elementor-widget-breadcrumbs\" data-id=\"a8f0b51\" data-element_type=\"widget\" data-e-type=\"widget\" data-widget_type=\"breadcrumbs.default\">\n\t\t\t\t<div class=\"elementor-widget-container\">\n\t\t\t\t\t<nav aria-label=\"Semmelbr\u00f6sel\" class=\"rank-math-breadcrumb\"><p><span class=\"last\">Heim<\/span><\/p><\/nav>\t\t\t\t<\/div>\n\t\t\t\t<\/div>\n\t\t\t\t<div class=\"elementor-element elementor-element-f0f44fb elementor-widget__width-initial elementor-widget elementor-widget-text-editor\" data-id=\"f0f44fb\" data-element_type=\"widget\" data-e-type=\"widget\" data-widget_type=\"text-editor.default\">\n\t\t\t\t<div class=\"elementor-widget-container\">\n\t\t\t\t\t\t\t\t\t<h1 style=\"text-align: center;\">Frequently Asked Questions<\/h1>\n<p class=\"whitespace-pre-wrap\">Wir hoffen, dass diese FAQs alle Ihre Fragen beantworten. Wenn Sie die gew\u00fcnschten Informationen nicht finden, wenden Sie sich bitte an unser Kundensupportteam:<\/p>\n<p class=\"whitespace-pre-wrap\">Telefon: +(86) 13544759950<br \/>Email: <a href=\"mailto:sales@polysmarts.com\">sales@polysmarts.com<\/a><\/p>\n<p class=\"whitespace-pre-wrap\">Wir helfen Ihnen gerne weiter! Unser Kundenservice ist rund um die Uhr f\u00fcr Sie da.<\/p>\t\t\t\t\t\t\t\t<\/div>\n\t\t\t\t<\/div>\n\t\t\t\t<div class=\"elementor-element elementor-element-4e4962a elementor-widget__width-initial elementor-widget elementor-widget-button\" data-id=\"4e4962a\" data-element_type=\"widget\" data-e-type=\"widget\" data-widget_type=\"button.default\">\n\t\t\t\t<div class=\"elementor-widget-container\">\n\t\t\t\t\t\t\t\t\t<div class=\"elementor-button-wrapper\">\n\t\t\t\t\t<a class=\"elementor-button elementor-button-link elementor-size-sm\" href=\"https:\/\/polysmarts.com\/de\/individuelles-angebot-fur-verpackungen\/\">\n\t\t\t\t\t\t<span class=\"elementor-button-content-wrapper\">\n\t\t\t\t\t\t\t\t\t<span class=\"elementor-button-text\">Fordern Sie ein individuelles Angebot an<\/span>\n\t\t\t\t\t<\/span>\n\t\t\t\t\t<\/a>\n\t\t\t\t<\/div>\n\t\t\t\t\t\t\t\t<\/div>\n\t\t\t\t<\/div>\n\t\t\t\t<\/div>\n\t\t<div class=\"elementor-element elementor-element-7b7dbe56 e-flex e-con-boxed e-con e-parent\" data-id=\"7b7dbe56\" data-element_type=\"container\" data-e-type=\"container\">\n\t\t\t\t\t<div class=\"e-con-inner\">\n\t\t\t\t<div class=\"elementor-element elementor-element-7e5a6d45 elementor-widget elementor-widget-text-editor\" data-id=\"7e5a6d45\" data-element_type=\"widget\" data-e-type=\"widget\" data-widget_type=\"text-editor.default\">\n\t\t\t\t<div class=\"elementor-widget-container\">\n\t\t\t\t\t\t\t\t\t\n<p class=\"\"><strong>Wie lange dauert Ihre Bearbeitung?<\/strong><\/p>\n\n\n\n<p class=\"\">Unsere Standardproduktionszeit betr\u00e4gt 12-15 Werktage. Kleinere Bestellungen k\u00f6nnen schneller versandt werden. Bei gro\u00dfen Bestellungen kontaktieren Sie uns bitte, um die Zeitpl\u00e4ne zu besprechen.<\/p>\n\n\n\n<p class=\"\"><strong>Welche Versandarten bieten Sie an?<\/strong><\/p>\n\n\n\n<p class=\"\">Wir bieten weltweiten Versand per Luft- und Seefracht sowie Expresslieferung von T\u00fcr zu T\u00fcr an.<\/p>\n\n\n\n<p class=\"\"><strong>Bieten Sie Eilproduktionen an?<\/strong><\/p>\n\n\n\n<p class=\"\">Ja, wir k\u00f6nnen Eilbestellungen innerhalb von 10 Werktagen nach Freigabe des Bildmaterials produzieren und versenden. Es k\u00f6nnen Zuschl\u00e4ge anfallen.<\/p>\n\n\n\n<p class=\"\"><strong>Wie hoch ist Ihre Mindestbestellmenge?<\/strong><\/p>\n\n\n\n<p class=\"\">Unsere Standard-Mindestbestellmenge betr\u00e4gt 5.000 St\u00fcck. Bei gr\u00f6\u00dferen Bestellungen gelten ggf. Mengenrabatte.<\/p>\n\n\n\n<p class=\"\"><strong>Welche Verpackungsoptionen gibt es?<\/strong><\/p>\n\n\n\n<p class=\"\">Wir bieten eine Vielzahl von Kraft- und Zip-Lock-Verpackungsbeuteln in verschiedenen Gr\u00f6\u00dfen an. Kontaktieren Sie uns f\u00fcr Einzelheiten zu allen verf\u00fcgbaren Optionen.<\/p>\n\n\n\n<p class=\"\"><strong>Kann ich individuelle Grafiken bereitstellen?<\/strong><\/p>\n\n\n\n<p class=\"\">Ja, wir k\u00f6nnen Ihre eigenen Grafiken und Marken auf die Verpackung drucken.<\/p>\n\n\n\n<p class=\"\"><strong>Welche Dateiformate akzeptieren Sie f\u00fcr Grafiken?<\/strong><\/p>\n\n\n\n<p class=\"\">Wir akzeptieren PDF-, PNG-, JPEG-, EPS-, TIFF-, AI- und PSD-Dateien f\u00fcr druckfertige Grafiken.<\/p>\n\n\n\n<p class=\"\"><strong>Sind meine Daten sicher?<\/strong><\/p>\n\n\n\n<p class=\"\">Auf jeden Fall. Wir geben Kundendaten oder Kunstwerke niemals an Dritte weiter. Ihre Informationen sind absolut vertraulich.<\/p>\n\n\n\n<p class=\"\"><strong>Kann ich eine Bestellung stornieren?<\/strong><\/p>\n\n\n\n<p class=\"\">Bestellungen k\u00f6nnen jederzeit vor Produktionsbeginn gegen eine geringe Geb\u00fchr storniert werden. Sobald eine Bestellung in Produktion geht oder versandt wird, ist eine Stornierung nicht mehr m\u00f6glich.<\/p>\n\n\n\n<p class=\"\"><strong>Was passiert, wenn ich eine fehlerhafte Bestellung erhalte?<\/strong><\/p>\n\n\n\n<p class=\"\">Wenn die gelieferte Bestellung fehlerhaft ist und nicht genau Ihren Anweisungen entspricht, k\u00f6nnen Sie uns jederzeit kontaktieren und wir bieten Ihnen die besten L\u00f6sungen<\/p>\n\t\t\t\t\t\t\t\t<\/div>\n\t\t\t\t<\/div>\n\t\t\t\t\t<\/div>\n\t\t\t\t<\/div>\n\t\t\t\t<\/div>","protected":false},"excerpt":{"rendered":"<p>Frequently Asked Questions We hope these FAQs help answer any questions you may have. If you don&#8217;t see the information you need, please contact our customer support team: Phone: +(86) 13544759950Email: sales@polysmarts.com We are happy to assist you! Our customer service team is available 24\/7. Request A Custom Quote What is your turnaround time? Our [&hellip;]<\/p>\n","protected":false},"author":1,"featured_media":0,"parent":0,"menu_order":0,"comment_status":"closed","ping_status":"closed","template":"","meta":{"footnotes":""},"class_list":["post-622","page","type-page","status-publish","hentry"],"_links":{"self":[{"href":"https:\/\/polysmarts.com\/de\/wp-json\/wp\/v2\/pages\/622","targetHints":{"allow":["GET"]}}],"collection":[{"href":"https:\/\/polysmarts.com\/de\/wp-json\/wp\/v2\/pages"}],"about":[{"href":"https:\/\/polysmarts.com\/de\/wp-json\/wp\/v2\/types\/page"}],"author":[{"embeddable":true,"href":"https:\/\/polysmarts.com\/de\/wp-json\/wp\/v2\/users\/1"}],"replies":[{"embeddable":true,"href":"https:\/\/polysmarts.com\/de\/wp-json\/wp\/v2\/comments?post=622"}],"version-history":[{"count":5,"href":"https:\/\/polysmarts.com\/de\/wp-json\/wp\/v2\/pages\/622\/revisions"}],"predecessor-version":[{"id":1110,"href":"https:\/\/polysmarts.com\/de\/wp-json\/wp\/v2\/pages\/622\/revisions\/1110"}],"wp:attachment":[{"href":"https:\/\/polysmarts.com\/de\/wp-json\/wp\/v2\/media?parent=622"}],"curies":[{"name":"wp","href":"https:\/\/api.w.org\/{rel}","templated":true}]}}