{"id":618,"date":"2023-11-10T10:59:03","date_gmt":"2023-11-10T10:59:03","guid":{"rendered":"https:\/\/polysmarts.com\/?page_id=618"},"modified":"2024-06-07T09:43:47","modified_gmt":"2024-06-07T09:43:47","slug":"terms-amp-bedingungen","status":"publish","type":"page","link":"https:\/\/polysmarts.com\/de\/terms-conditions\/","title":{"rendered":"Terms &amp; Conditions"},"content":{"rendered":"<div data-elementor-type=\"wp-page\" data-elementor-id=\"618\" class=\"elementor elementor-618\" data-elementor-post-type=\"page\">\n\t\t\t\t<div class=\"elementor-element elementor-element-80fde6d e-flex e-con-boxed e-con e-parent\" data-id=\"80fde6d\" data-element_type=\"container\" data-e-type=\"container\" data-settings=\"{&quot;background_background&quot;:&quot;classic&quot;}\">\n\t\t\t\t\t<div class=\"e-con-inner\">\n\t\t\t\t<div class=\"elementor-element elementor-element-bda0303 elementor-widget__width-initial elementor-widget elementor-widget-text-editor\" data-id=\"bda0303\" data-element_type=\"widget\" data-e-type=\"widget\" data-widget_type=\"text-editor.default\">\n\t\t\t\t<div class=\"elementor-widget-container\">\n\t\t\t\t\t\t\t\t\t<h1 style=\"text-align: center;\"><span style=\"font-size: 24pt;\"><strong>Terms &amp; Conditions<\/strong><\/span><\/h1>\t\t\t\t\t\t\t\t<\/div>\n\t\t\t\t<\/div>\n\t\t\t\t\t<\/div>\n\t\t\t\t<\/div>\n\t\t<div class=\"elementor-element elementor-element-2166d0ae e-flex e-con-boxed e-con e-parent\" data-id=\"2166d0ae\" data-element_type=\"container\" data-e-type=\"container\">\n\t\t\t\t\t<div class=\"e-con-inner\">\n\t\t\t\t<div class=\"elementor-element elementor-element-56958e89 elementor-widget elementor-widget-text-editor\" data-id=\"56958e89\" data-element_type=\"widget\" data-e-type=\"widget\" data-widget_type=\"text-editor.default\">\n\t\t\t\t<div class=\"elementor-widget-container\">\n\t\t\t\t\t\t\t\t\t<p style=\"text-align: center;\"><span style=\"font-size: 18pt;\"><strong>Polysmarts Nutzungsbedingungen<\/strong><\/span><\/p>\n<p><strong>1. Vereinbarungs\u00fcbersicht<\/strong><\/p>\n<p>Willkommen bei Polysmarts! Durch den Zugriff auf oder die Nutzung der Website unter <a href=\"https:\/\/polysmarts.com\/de\/\" target=\"_new\">www.polysmarts.com<\/a> (die \u201eSite\u201c) oder \u00fcber die Site bereitgestellte Dienste (der \u201eDienst\u201c) nutzen, erkl\u00e4ren Sie sich mit diesen Nutzungsbedingungen einverstanden. Diese Bedingungen stellen eine rechtlich bindende Vereinbarung zwischen Ihnen und Polysmarts LLC (\u201eUnternehmen\u201c) dar. Bitte \u00fcberpr\u00fcfen Sie diese Bedingungen regelm\u00e4\u00dfig, da sie vom Unternehmen aktualisiert werden k\u00f6nnen. Ihre fortgesetzte Nutzung des Dienstes nach etwaigen \u00c4nderungen gilt als Zustimmung zu den aktualisierten Bedingungen. Wenn Sie mit irgendeinem Teil dieser Bedingungen nicht einverstanden sind, sehen Sie bitte von der Nutzung der Site und des Dienstes ab. Durch die Nutzung des Dienstes best\u00e4tigen Sie, dass Sie mindestens 18 Jahre alt sind und die Rechtsf\u00e4higkeit besitzen, diese Vereinbarung einzugehen.<\/p>\n<p><strong>2. Datenschutz<\/strong><\/p>\n<p>Der Schutz Ihrer Privatsph\u00e4re ist uns wichtig. Sie haben die Kontrolle dar\u00fcber, wie mit Ihren pers\u00f6nlichen Daten umgegangen wird. Unsere aktuelle Datenschutzrichtlinie finden Sie hier. Durch die Nutzung des Dienstes stimmen Sie der Erfassung und Verwendung Ihrer Daten gem\u00e4\u00df unserer Datenschutzrichtlinie zu.<\/p>\n<p><strong>3. Kontoregistrierung<\/strong><\/p>\n<p>Wenn Sie sich f\u00fcr ein Konto auf der Site registrieren, geben Sie bitte die angeforderten genauen und vollst\u00e4ndigen Informationen an. Sie erstellen einen Benutzernamen und ein Passwort, f\u00fcr deren vertrauliche Aufbewahrung Sie verantwortlich sind. Benachrichtigen Sie uns umgehend, wenn Sie den Verdacht haben, dass Ihr Konto unbefugt genutzt wird. Sie k\u00f6nnen f\u00fcr Verluste haftbar gemacht werden, die durch unbefugten Zugriff entstehen.<\/p>\n<p><strong>4. Softwarenutzung<\/strong><\/p>\n<p>Bestimmte Software steht m\u00f6glicherweise zum Download auf der Site zur Verf\u00fcgung. Die Lizenz f\u00fcr heruntergeladene Software ist ausschlie\u00dflich f\u00fcr den pers\u00f6nlichen, nicht kommerziellen Gebrauch bestimmt. Sie d\u00fcrfen die Software nicht verkaufen, weitergeben oder \u00e4ndern. Alle Rechte am geistigen Eigentum verbleiben beim Unternehmen.<\/p>\n<p><strong>5. Benutzerinhalte<\/strong><\/p>\n<p>Indem Sie Materialien auf der Site oder \u00fcber den Service ver\u00f6ffentlichen, erteilen Sie dem Unternehmen eine Lizenz zur Nutzung dieser Inhalte f\u00fcr gesch\u00e4ftliche Zwecke. Sie behalten das Eigentum an Ihren Inhalten, gestatten uns jedoch, diese nach Bedarf zu verwenden. Sie garantieren, dass Sie die Rechte zum Ver\u00f6ffentlichen der Inhalte haben.<\/p>\n<p><strong>6. Einhaltung des geistigen Eigentums<\/strong><\/p>\n<p>Respektieren Sie geistige Eigentumsrechte. Laden Sie keine Inhalte hoch, laden Sie sie nicht herunter und verteilen Sie sie nicht, die Urheberrechte, Marken oder andere Rechte am geistigen Eigentum verletzen. Sie sind allein f\u00fcr etwaige Verst\u00f6\u00dfe verantwortlich.<\/p>\n<p><strong>7. Unangemessene Inhalte<\/strong><\/p>\n<p>Gepostete Inhalte d\u00fcrfen nicht beleidigend, missbr\u00e4uchlich oder illegal sein. Bitten Sie nicht um Geld und machen Sie keine Werbung f\u00fcr Waren\/Dienstleistungen. Wir behalten uns das Recht vor, unangemessene Inhalte zu entfernen und bei Verst\u00f6\u00dfen mit den Strafverfolgungsbeh\u00f6rden zusammenzuarbeiten.<\/p>\n<p><strong>8. Angebliche Verst\u00f6\u00dfe<\/strong><\/p>\n<p>Polysmarts beh\u00e4lt sich das Recht vor, Ihre Nutzung des Dienstes und\/oder der Website zu beenden, wenn Polysmarts der Ansicht ist, dass Sie gegen eine der Nutzungsbedingungen versto\u00dfen, falsche Angaben gemacht oder die Nutzung der Website oder des Dienstes durch andere beeintr\u00e4chtigt haben. Um Beschwerden oder Vorw\u00fcrfe von Missbrauch, Verletzung von Rechten Dritter oder anderen unbefugten Nutzungen zu untersuchen, k\u00f6nnen Polysmarts oder seine Vertreter von Fall zu Fall auf Ihr Konto und Ihre Aufzeichnungen zugreifen. Die Existenz oder der Verlauf einer solchen Untersuchung werden nicht bekannt gegeben, es sei denn, dies ist gesetzlich vorgeschrieben.<\/p>\n<p><strong>9. Keine Garantien<\/strong><\/p>\n<p>Polysmarts lehnt alle Gew\u00e4hrleistungen in Bezug auf die Site ab und stellt sie \u201ewie besehen\u201c ohne jegliche Gew\u00e4hrleistung zur Verf\u00fcgung. Sie \u00fcbernehmen das Risiko jeglicher Sch\u00e4den oder Verluste, die durch die Nutzung oder die Unm\u00f6glichkeit der Nutzung der Site oder des Dienstes entstehen. Polysmarts \u00fcbernimmt keine Gew\u00e4hrleistung daf\u00fcr, dass die Site oder der Dienst Ihren Anforderungen entsprechen oder ununterbrochen oder fehlerfrei funktionieren.<\/p>\n<p><strong>10. Beschr\u00e4nkte Haftung<\/strong><\/p>\n<p>Die Haftung von Polysmarts Ihnen gegen\u00fcber ist beschr\u00e4nkt. In keinem Fall haftet Polysmarts f\u00fcr Sch\u00e4den jeglicher Art, die aus oder im Zusammenhang mit Ihrer Nutzung der Site oder anderer bereitgestellter Materialien oder Dienste entstehen, einschlie\u00dflich entgangener Gewinne oder Daten, unabh\u00e4ngig von der Vorhersehbarkeit dieser Sch\u00e4den.<\/p>\n<p><strong>11. Verbundene Websites<\/strong><\/p>\n<p>Polysmarts hat keine Kontrolle \u00fcber Websites oder Materialien Dritter, die mit der Site verkn\u00fcpft sind. Polysmarts \u00fcbernimmt keine Garantie f\u00fcr die Richtigkeit, den Inhalt oder die Leistung dieser Websites und keine Verantwortung f\u00fcr unbeabsichtigte oder anst\u00f6\u00dfige Inhalte. Ebenso \u00fcbernimmt Polysmarts keine Garantie f\u00fcr die Richtigkeit oder Qualit\u00e4t von Inhalten Dritter, auf die \u00fcber die Site zugegriffen wird.<\/p>\n<p><strong>12. Verbotene Nutzungen<\/strong><\/p>\n<p>Es ist Ihnen untersagt, Sicherheitsfunktionen der Site oder des Dienstes zu verletzen, einschlie\u00dflich des unbefugten Zugriffs auf Inhalte oder Daten, des Ausnutzens von Schwachstellen oder der St\u00f6rung des Dienstes f\u00fcr Benutzer oder Netzwerke. Jeder Versto\u00df kann zivil- und\/oder strafrechtliche Folgen f\u00fcr Sie haben.<\/p>\n<p><strong>13. Schadloshaltung<\/strong><\/p>\n<p>Sie erkl\u00e4ren sich damit einverstanden, Polysmarts von allen Anspr\u00fcchen, Verlusten oder Kosten Dritter freizustellen, die aus Ihrem Zugriff auf die Site oder Ihrer Nutzung der Site, Ihrem Versto\u00df gegen diese Nutzungsbedingungen oder Ihrer Verletzung von geistigem Eigentum oder anderen Rechten entstehen.<\/p>\n<p><strong>14. Urheberrecht<\/strong><\/p>\n<p>Alle Inhalte der Site oder des Dienstes unterliegen dem Copyright \u00a9 2024 Polysmarts LLC. Alle Rechte vorbehalten.<\/p>\n<p><strong>15. Geltendes Recht<\/strong><\/p>\n<p>Diese Nutzungsbedingungen unterliegen den Gesetzen der Vereinigten Staaten und des Staates Kalifornien. Sie stimmen der ausschlie\u00dflichen Zust\u00e4ndigkeit der Staats- oder Bundesgerichte in Los Angeles, USA, f\u00fcr alle Streitigkeiten im Zusammenhang mit der Nutzung der Site oder des Dienstes zu.<\/p>\n<p><strong>16. Salvatorische Klausel; Verzicht<\/strong><\/p>\n<p>Sollte eine Bestimmung oder Bedingung dieser Nutzungsbedingungen nicht durchsetzbar sein, bleiben alle anderen Bestimmungen davon unber\u00fchrt. Kein Verzicht auf die Geltendmachung einer Verletzung stellt einen Verzicht auf die Geltendmachung anderer Bestimmungen dar.<\/p>\n<p><strong>17. Keine Lizenz<\/strong><\/p>\n<p>Durch die Inhalte der Site wird Ihnen keine Lizenz zur Nutzung von Marken, Dienstleistungsmarken oder Logos im Eigentum von Polysmarts oder Dritten gew\u00e4hrt.<\/p>\n<p><strong>18. Nur f\u00fcr den Einsatz in Kalifornien<\/strong><\/p>\n<p>Die Site wird von Dongguan CN aus kontrolliert und betrieben. Polysmarts \u00fcbernimmt keine Gew\u00e4hr daf\u00fcr, dass Materialien oder Dienste an anderen Standorten verf\u00fcgbar oder f\u00fcr die Verwendung geeignet sind.<\/p>\n<p><strong>19. \u00c4nderungen<\/strong><\/p>\n<p>Polysmarts kann diese Nutzungsbedingungen jederzeit und ohne Vorank\u00fcndigung \u00fcberarbeiten, die Website oder den Dienst \u00e4ndern oder einstellen. Ihre fortgesetzte Nutzung gilt als Zustimmung zu allen \u00c4nderungen.<\/p>\n<p><strong>20. Anerkennung<\/strong><\/p>\n<p>Indem Sie den Dienst verwenden oder auf die Site zugreifen, best\u00e4tigen Sie, dass Sie die Nutzungsbedingungen gelesen haben und mit ihnen einverstanden sind.<\/p>\n<p><strong>Anwendbarkeit und Eignung<\/strong><\/p>\n<p>Es liegt in der Verantwortung des Kunden, die Eignung der Produkte von Polysmarts f\u00fcr seine spezifische Anwendung zu beurteilen. Alle von Polysmarts-Mitarbeitern bereitgestellten Informationen oder Meinungen zur Eignung basieren auf begrenzten Informationen und sollten nicht ausschlie\u00dflich als verl\u00e4sslich angesehen werden. Es wird empfohlen, einen mit der Branche vertrauten externen Experten zu konsultieren, um die Anwendbarkeit zu \u00fcberpr\u00fcfen. Materialspezifikationen werden von unseren Folienlieferanten bereitgestellt und von Polysmarts nicht unabh\u00e4ngig \u00fcberpr\u00fcft.<\/p>\n<p><strong>Bestellmengenabweichung<\/strong><\/p>\n<p>Bei Bestellungen k\u00f6nnen die hier beschriebenen \u00dcber- oder Unterlieferungen vorkommen. Lieferungen innerhalb dieser Bereiche gelten als vollst\u00e4ndige Auftragserf\u00fcllung.<\/p>\n<p><strong>Produktionsvorlaufzeiten<\/strong><\/p>\n<p>Lieferzeiten f\u00fcr die Produktion sind nicht garantiert und k\u00f6nnen stark variieren. Bei nicht gedruckten Projekten beginnen die Lieferzeiten mit dem Datum des Zahlungseingangs. Bei gedruckten Projekten beginnen die gesch\u00e4tzten Lieferzeiten mit dem Datum des Eingangs des endg\u00fcltigen, unterzeichneten und vollst\u00e4ndig genehmigten Masterproofs oder der Zahlung, je nachdem, was zuletzt eintritt.<\/p>\n<p><strong>Herstellungsspezifikation<\/strong><\/p>\n<p>Die Spezifikationen f\u00fcr ma\u00dfgefertigte Taschen werden durch die folgenden Dokumente geregelt:<\/p>\n<ul>\n<li>Nicht gedruckte Produkte: Die Auftragsbest\u00e4tigung gibt die Herstellungsspezifikationen an.<\/li>\n<li>Gedruckte Produkte: Der endg\u00fcltige, genehmigte und akzeptierte Master Art Proof enth\u00e4lt die detaillierten Spezifikationen. Kunden sollten diesen vor der Unterzeichnung gr\u00fcndlich pr\u00fcfen.<\/li>\n<\/ul>\n<p><strong>Preisgestaltung<\/strong><\/p>\n<p>Die von Polysmarts angegebenen Preise verstehen sich zuz\u00fcglich der geltenden Steuern. \u00c4nderungen der Spezifikationen nach der Angebotsabgabe k\u00f6nnen zu Preisanpassungen f\u00fchren. Angebote mit mehreren SKUs gelten f\u00fcr alle SKUs, die auf einmal in derselben Einkaufsmenge bestellt werden. Die Nachbestellkosten k\u00f6nnen h\u00f6her sein.<\/p>\n<p><strong>Lieferung<\/strong><\/p>\n<p>Sendungen werden gem\u00e4\u00df den vereinbarten Bedingungen verschickt, einschlie\u00dflich per See-, Luft-, Express- und multimodalem Transport. Die Versandkosten werden festgelegt, sobald die Bestellung best\u00e4tigt wurde oder die Waren versandbereit sind.<\/p>\n<p><strong>Stornierung<\/strong><\/p>\n<p>Stornierungen oder \u00c4nderungen von Bestellungen f\u00fcr bereits hergestellte oder sich in der Herstellung befindliche Produkte werden von Polysmarts nicht akzeptiert. K\u00e4ufer sind daf\u00fcr verantwortlich, Polysmarts alle Kosten zu erstatten, die im Rahmen der Vorbereitung der Herstellung anfallen.<\/p>\n<p><strong>Einschr\u00e4nkung bei R\u00fcckgaben, R\u00fcckerstattungen oder Umtausch<\/strong><\/p>\n<ul>\n<li><a href=\"https:\/\/polysmarts.com\/de\/ruckerstattungs-und-ruckgaberecht\/\" target=\"_blank\">Klicken Sie hier, um weitere Informationen zu erhalten<\/a><\/li><\/ul><div><br><\/div>\n<p><strong>Beschr\u00e4nkte Haftung und Anspr\u00fcche bei Nicht\u00fcbereinstimmung<\/strong><\/p>\n<p>Polysmarts lehnt die Haftung f\u00fcr Verluste, Sch\u00e4den oder Kosten ab, die durch unsachgem\u00e4\u00dfe Verwendung oder Unm\u00f6glichkeit der Verwendung seiner qualifizierten Produkte entstehen. Die Haftung f\u00fcr nicht konforme Waren ist auf den Ersatz des gelieferten Produkts beschr\u00e4nkt, sofern Anspr\u00fcche schriftlich und mit Nachweis innerhalb von 30 Tagen nach Erhalt der Waren geltend gemacht werden.<\/p>\n<p><strong>Garantieinformationen<\/strong><\/p>\n<p>Es wird garantiert, dass die Produkte gem\u00e4\u00df den Industriestandardspezifikationen und -toleranzen hergestellt wurden. Polysmarts \u00fcbernimmt keine weiteren ausdr\u00fccklichen oder stillschweigenden Garantien hinsichtlich der Eignung f\u00fcr bestimmte Anwendungen.<\/p>\n<p><strong>Aussetzung der Leistung<\/strong><\/p>\n<p>Polysmarts beh\u00e4lt sich das Recht vor, Kredite auszusetzen oder die Kreditbedingungen je nach finanzieller Lage des K\u00e4ufers zu \u00e4ndern. Bei Nichtzahlung f\u00e4lliger Rechnungen k\u00f6nnen alle nachfolgenden Lieferungen zur\u00fcckgehalten werden.<\/p>\n<p><strong>Plattensch\u00e4tzungen<\/strong><\/p>\n<p>Angebote k\u00f6nnen sich aufgrund verschiedener Faktoren \u00e4ndern, einschlie\u00dflich Verpackungsfunktionalit\u00e4t und Druckanforderungen. Plattengeb\u00fchren sind einmalige Geb\u00fchren pro Farbe und SKU und k\u00f6nnen sich bei nachfolgenden Nachbestellungen \u00e4ndern.<\/p>\n<p><strong>Kontrollierende Bestimmung<\/strong><\/p>\n<p>Diese Gesch\u00e4ftsbedingungen regeln den Verkauf und Kauf von Produkten und ersetzen alle anderen Vereinbarungen. F\u00fcr gedruckte Produkte gelten die Herstellungsspezifikationen im Master Art Proof, der in dieses Dokument aufgenommen ist.<\/p>\t\t\t\t\t\t\t\t<\/div>\n\t\t\t\t<\/div>\n\t\t\t\t\t<\/div>\n\t\t\t\t<\/div>\n\t\t\t\t<\/div>","protected":false},"excerpt":{"rendered":"<p>Terms &amp; Conditions Polysmarts Terms of Use 1. Agreement Overview Welcome to Polysmarts! By accessing or using the website located at www.polysmarts.com (the \u201cSite\u201d) or any services provided through the Site (the \u201cService\u201d), you are agreeing to be bound by these Terms of Use. These terms constitute a legally binding agreement between you and Polysmarts [&hellip;]<\/p>\n","protected":false},"author":1,"featured_media":0,"parent":0,"menu_order":0,"comment_status":"closed","ping_status":"closed","template":"","meta":{"footnotes":""},"class_list":["post-618","page","type-page","status-publish","hentry"],"_links":{"self":[{"href":"https:\/\/polysmarts.com\/de\/wp-json\/wp\/v2\/pages\/618","targetHints":{"allow":["GET"]}}],"collection":[{"href":"https:\/\/polysmarts.com\/de\/wp-json\/wp\/v2\/pages"}],"about":[{"href":"https:\/\/polysmarts.com\/de\/wp-json\/wp\/v2\/types\/page"}],"author":[{"embeddable":true,"href":"https:\/\/polysmarts.com\/de\/wp-json\/wp\/v2\/users\/1"}],"replies":[{"embeddable":true,"href":"https:\/\/polysmarts.com\/de\/wp-json\/wp\/v2\/comments?post=618"}],"version-history":[{"count":5,"href":"https:\/\/polysmarts.com\/de\/wp-json\/wp\/v2\/pages\/618\/revisions"}],"predecessor-version":[{"id":3363,"href":"https:\/\/polysmarts.com\/de\/wp-json\/wp\/v2\/pages\/618\/revisions\/3363"}],"wp:attachment":[{"href":"https:\/\/polysmarts.com\/de\/wp-json\/wp\/v2\/media?parent=618"}],"curies":[{"name":"wp","href":"https:\/\/api.w.org\/{rel}","templated":true}]}}