{"id":3,"date":"2023-09-13T06:37:15","date_gmt":"2023-09-13T06:37:15","guid":{"rendered":"http:\/\/box5468\/cgi\/addon_GT.cgi?s=GT::WP::Install::Cpanel+%28cyfwyzmy%29+-+127.0.0.1+%5Bnocaller%5D\/?page_id=3"},"modified":"2024-05-17T13:46:59","modified_gmt":"2024-05-17T13:46:59","slug":"datenschutzrichtlinie","status":"publish","type":"page","link":"https:\/\/polysmarts.com\/de\/privacy-policy\/","title":{"rendered":"Privacy Policy"},"content":{"rendered":"<div data-elementor-type=\"wp-page\" data-elementor-id=\"3\" class=\"elementor elementor-3\" data-elementor-post-type=\"page\">\n\t\t\t\t<div class=\"elementor-element elementor-element-d16c835 e-flex e-con-boxed e-con e-parent\" data-id=\"d16c835\" data-element_type=\"container\" data-e-type=\"container\" data-settings=\"{&quot;background_background&quot;:&quot;classic&quot;}\">\n\t\t\t\t\t<div class=\"e-con-inner\">\n\t\t\t\t<div class=\"elementor-element elementor-element-e7cc811 elementor-widget elementor-widget-heading\" data-id=\"e7cc811\" data-element_type=\"widget\" data-e-type=\"widget\" data-widget_type=\"heading.default\">\n\t\t\t\t<div class=\"elementor-widget-container\">\n\t\t\t\t\t<h1 class=\"elementor-heading-title elementor-size-default\">Privacy Policy<\/h1>\t\t\t\t<\/div>\n\t\t\t\t<\/div>\n\t\t\t\t\t<\/div>\n\t\t\t\t<\/div>\n\t\t<div class=\"elementor-element elementor-element-8252614 e-flex e-con-boxed e-con e-parent\" data-id=\"8252614\" data-element_type=\"container\" data-e-type=\"container\">\n\t\t\t\t\t<div class=\"e-con-inner\">\n\t\t<div class=\"elementor-element elementor-element-2427dcc e-con-full e-flex e-con e-child\" data-id=\"2427dcc\" data-element_type=\"container\" data-e-type=\"container\">\n\t\t\t\t<div class=\"elementor-element elementor-element-b198068 elementor-widget elementor-widget-text-editor\" data-id=\"b198068\" data-element_type=\"widget\" data-e-type=\"widget\" data-widget_type=\"text-editor.default\">\n\t\t\t\t<div class=\"elementor-widget-container\">\n\t\t\t\t\t\t\t\t\t<p>Willkommen bei Polysmarts. Bei Polysmarts legen wir gr\u00f6\u00dften Wert auf die Privatsph\u00e4re unserer Benutzer und sind davon \u00fcberzeugt, dass wir mit pers\u00f6nlichen Daten mit gr\u00f6\u00dfter Sorgfalt und Respekt umgehen. Diese Datenschutzrichtlinie gilt f\u00fcr Wicklow, Inc., das unter dem Namen Polysmarts (im Folgenden \u201ePolysmarts\u201c, \u201ewir\u201c, \u201euns\u201c oder \u201eunser\u201c genannt) firmiert.<\/p>\n<p>Wir haben diese Datenschutzrichtlinie erstellt, um darzulegen, wie wir Informationen und Daten sammeln, verwenden, sch\u00fctzen und offenlegen, wenn Sie die Websites, Dienste und mobilen Anwendungen von Polysmarts nutzen. Diese Datenschutzrichtlinie erl\u00e4utert auch Ihre Optionen zur Verwaltung von Informationseinstellungen, einschlie\u00dflich der Ablehnung bestimmter Verwendungen Ihrer pers\u00f6nlichen Daten. Indem Sie auf die Websites, mobilen Anwendungen oder Dienste von Polysmarts zugreifen oder diese nutzen, stimmen Sie dieser Datenschutzrichtlinie zu.<\/p>\t\t\t\t\t\t\t\t<\/div>\n\t\t\t\t<\/div>\n\t\t\t\t<\/div>\n\t\t<div class=\"elementor-element elementor-element-89748c5 e-con-full e-flex e-con e-child\" data-id=\"89748c5\" data-element_type=\"container\" data-e-type=\"container\">\n\t\t\t\t<div class=\"elementor-element elementor-element-73c568b elementor-widget elementor-widget-text-editor\" data-id=\"73c568b\" data-element_type=\"widget\" data-e-type=\"widget\" data-widget_type=\"text-editor.default\">\n\t\t\t\t<div class=\"elementor-widget-container\">\n\t\t\t\t\t\t\t\t\t<p>F\u00fcr Anfragen, Beschwerden bez\u00fcglich unserer Datenschutzrichtlinie oder -praktiken oder Hilfe bei der Aus\u00fcbung Ihrer Wahlm\u00f6glichkeiten im Rahmen dieser Datenschutzrichtlinie kontaktieren Sie uns bitte unter <a target=\"_new\">notification@polysmarts.com<\/a>.<\/p>\n<p>Diese Richtlinie gilt f\u00fcr alle aktuellen und ehemaligen Polysmarts-Kunden. Bitte beachten Sie, dass Sie mindestens 18 Jahre alt sein m\u00fcssen, um unsere Dienste nutzen zu k\u00f6nnen.<\/p>\n<p>Mit Wirkung vom 1. Januar 2020 bietet der California Consumer Privacy Act (\u201eCCPA\u201c) Einwohnern Kaliforniens m\u00f6glicherweise bestimmte Rechte und Schutz. Wenn Sie in Kalifornien ans\u00e4ssig sind, finden Sie weitere Einzelheiten im Abschnitt \u201eHinweis f\u00fcr Einwohner Kaliforniens\u201c weiter unten.<\/p>\t\t\t\t\t\t\t\t<\/div>\n\t\t\t\t<\/div>\n\t\t\t\t<\/div>\n\t\t\t\t\t<\/div>\n\t\t\t\t<\/div>\n\t\t<div class=\"elementor-element elementor-element-3017e68 e-flex e-con-boxed e-con e-parent\" data-id=\"3017e68\" data-element_type=\"container\" data-e-type=\"container\">\n\t\t\t\t\t<div class=\"e-con-inner\">\n\t\t\t\t<div class=\"elementor-element elementor-element-3d9d0e0 elementor-widget elementor-widget-text-editor\" data-id=\"3d9d0e0\" data-element_type=\"widget\" data-e-type=\"widget\" data-widget_type=\"text-editor.default\">\n\t\t\t\t<div class=\"elementor-widget-container\">\n\t\t\t\t\t\t\t\t\t<p style=\"text-align: center;\"><span style=\"font-size: 18pt;\"><strong>Von Polysmarts \u00fcber Sie erfasste Informationen<\/strong><\/span><\/p>\n<p><strong><span style=\"font-size: 14pt;\">Von Ihnen bereitgestellte Informationen:\u00a0<\/span><\/strong><\/p>\n<p>Wir erfassen personenbezogene Daten, die Sie bei der Nutzung angeben <a href=\"https:\/\/polysmarts.com\/de\/\" target=\"_new\">https:\/\/polysmarts.com<\/a> oder zugeh\u00f6rige Websites, Desktop- oder Mobilanwendungen oder Dokumentensignaturplattformen (gemeinsam als \u201ePolysmarts-Plattform\u201c oder \u201ePolysmarts-Websites\u201c bezeichnet). Die meisten dieser Informationen werden w\u00e4hrend des Kaufvorgangs erfasst. Zus\u00e4tzliche Informationen k\u00f6nnen bei der sp\u00e4teren Nutzung von Polysmarts-Websites oder bei unserer Kommunikation mit Ihnen per Telefon, E-Mail oder auf andere Weise erfasst werden.<\/p>\n<p>Um Ihnen Waren und Dienstleistungen bereitstellen zu k\u00f6nnen, m\u00fcssen w\u00e4hrend des Kaufvorgangs bestimmte pers\u00f6nliche Informationen angegeben werden. Die folgenden Kategorien von Informationen k\u00f6nnen erfasst werden:<\/p>\n<ul>\n<li>Grundlegende Identifizierungsinformationen: Name, Rechnungs- und Lieferadresse, E-Mail, Telefonnummern und alle anderen pers\u00f6nlichen Informationen, die Sie angeben.<\/li>\n<li>Dar\u00fcber hinaus erfassen wir Namen, E-Mail-Adressen und Telefonnummern von Personen, die uns mit Anfragen kontaktieren, ausschlie\u00dflich zum Zweck der Beantwortung dieser Anfragen.<\/li>\n<\/ul>\n<p><strong><span style=\"font-size: 14pt;\">Basierend auf Ihrer Aktivit\u00e4t auf der Polysmarts-Plattform gesammelte Informationen:\u00a0<\/span><\/strong><\/p>\n<p>Um Dienste bereitzustellen, unser Gesch\u00e4ft zu verbessern und gesetzlich vorgeschriebene Aufzeichnungen zu f\u00fchren, sammelt Polysmarts Informationen \u00fcber Ihre Transaktionen und Aktivit\u00e4ten. Dazu geh\u00f6ren Ihr Computer und Ihre Besuche auf Polysmarts.com und anderen Polysmarts-Websites, wie z. B. Ihre IP-Adresse, Ihr geografischer Standort, Ihr Betriebssystem, Ihr Browsertyp, Ihre Verweisquelle, Zeit und Dauer des Besuchs, Schaltfl\u00e4chenklicks und\/oder Seitenaufrufe.<\/p>\n<p><span style=\"font-size: 14pt;\"><strong>Tracking-Technologien:<\/strong><\/span><\/p>\n<p>Polysmarts und unsere Partner verwenden Technologien wie Cookies, Beacons, Tags und Skripte, um Trends zu analysieren, die Polysmarts-Websites zu verwalten, Benutzerbewegungen zu verfolgen und Informationen \u00fcber unsere Benutzerbasis zu sammeln. Sie k\u00f6nnen die Verwendung von Cookies in Ihrem Webbrowser steuern.<\/p>\n<p><span style=\"font-size: 14pt;\"><strong>Nutzungsdaten und Site-Aktivit\u00e4t:<\/strong><\/span><\/p>\n<p>Polysmarts nutzt auch lokalen Speicher wie HTML5, um Inhaltsinformationen und Einstellungen zu speichern.<\/p>\n<p><span style=\"font-size: 14pt;\"><strong>Technologien von Drittanbietern:<\/strong><\/span><\/p>\n<p>Wir arbeiten mit Drittanbietern zusammen, um unsere Werbedienste auf anderen Websites zu verwalten, die Gesamtleistung der Polysmarts-Website zu bewerten und bestimmte Informationen zu sammeln, wenn Sie mit Websites und Diensten von Polysmarts interagieren.<\/p>\n<p>Wie Polysmarts Ihre Informationen nutzt<\/p>\n<p><span style=\"font-size: 14pt;\"><strong>Ihre Transaktion wird bearbeitet:<\/strong> <\/span><\/p>\n<p>Wir verwenden Ihre Informationen, um Transaktionen abzuwickeln. Dazu geh\u00f6ren die Auftragserf\u00fcllung, der Versand, die Durchf\u00fchrung von Inkassot\u00e4tigkeiten, die Kommunikation mit Ihnen bez\u00fcglich Bestellungen, Konten und Transaktionen sowie die Beilegung von Streitigkeiten.<\/p>\n<p><span style=\"font-size: 14pt;\"><strong>Analyse &amp; Datenoptimierung:<\/strong> <\/span><\/p>\n<p>Ihre Daten helfen uns dabei, Analysen im Zusammenhang mit unseren Diensten durchzuf\u00fchren, die Benutzerfreundlichkeit unserer Dienste zu verbessern und den Erfolg von Marketingkampagnen zu bewerten.<\/p>\n<p><span style=\"font-size: 14pt;\"><strong>Marketing &amp; Umfragen:<\/strong> <\/span><\/p>\n<p>Wir k\u00f6nnen Ihre pers\u00f6nlichen Daten verwenden, um Sie f\u00fcr Marketingkommunikation, Newsletter, Umfragen und Feedbackanfragen auszuw\u00e4hlen.<\/p>\n<p><span style=\"font-size: 14pt;\"><strong>Optionale Marketingkommunikation:<\/strong> <\/span><\/p>\n<p>Der Erhalt von Marketing-Mitteilungen per E-Mail ist freiwillig. Sie k\u00f6nnen sich abmelden, indem Sie uns unter folgender Adresse kontaktieren: <a target=\"_new\">notification@polysmarts.com<\/a>.<\/p>\n<p style=\"text-align: center;\"><span style=\"font-size: 18pt;\"><strong>Wie Polysmarts Ihre Informationen weitergibt<\/strong><\/span><\/p>\n<p><strong><span style=\"font-size: 14pt;\">Wir geben Ihre personenbezogenen Daten an nicht verbundene Unternehmen und innerhalb verbundener Unternehmen weiter, soweit dies gesetzlich zul\u00e4ssig ist. Dazu geh\u00f6ren:<\/span><\/strong><\/p>\n<ul>\n<li>Drittanbieter von Dienstleistungen: Wir geben Informationen an Drittanbieter von Dienstleistungen weiter, um Gesch\u00e4fts- und Marketingaktivit\u00e4ten durchzuf\u00fchren.<\/li>\n<li>Empfehlungspartner: Informationen k\u00f6nnen bei Bedarf an Empfehlungspartner weitergegeben werden, um Vereinbarungen einzuhalten und Transaktionen abzuwickeln.<\/li>\n<li>Partner: Partner von Polysmarts k\u00f6nnen Informationen f\u00fcr Gesch\u00e4ftsanalysen oder gezieltes Marketing austauschen.<\/li>\n<li>Ihr Einverst\u00e4ndnis: Mit Ihrem Einverst\u00e4ndnis k\u00f6nnen wir Ihre personenbezogenen Daten an Dritte weitergeben.<\/li>\n<li>Rechtliche Anfragen und beh\u00f6rdliche Vorschriften: Informationen k\u00f6nnen weitergegeben werden, um geltende Gesetze, Vorschriften, Rechtsverfahren oder beh\u00f6rdliche Anfragen zu erf\u00fcllen oder um Betrug einzuschr\u00e4nken.<\/li>\n<\/ul>\n<p><span style=\"font-size: 14pt;\"><strong>Weitergabe anonymisierter Daten:<\/strong> <\/span><\/p>\n<p>Wir k\u00f6nnen aggregierte und anonymisierte Datens\u00e4tze an Dritte weitergeben.<\/p>\n<p><strong><span style=\"font-size: 18pt;\">Wichtige Datenschutzeinstellungen<\/span><\/strong><\/p>\n<p><span style=\"font-size: 14pt;\"><strong>Zustimmung zur Weitergabe von Informationen an Drittunternehmen (Empfehlungspartner):<\/strong><\/span><\/p>\n<p>Indem Sie diese Datenschutzrichtlinie akzeptieren, stimmen Sie zu, dass Polysmarts Ihre Informationen an Drittunternehmen weitergeben kann, die Sie an Polysmarts verwiesen haben. Sie k\u00f6nnen diese Zustimmung jederzeit widerrufen, indem Sie uns unter folgender Adresse kontaktieren: <a target=\"_new\">notification@polysmarts.com<\/a>.<\/p>\n<p style=\"text-align: center;\"><strong><span style=\"font-size: 18pt;\">Weitere Informationen:<\/span><\/strong><\/p>\n<p><strong><span style=\"font-size: 14pt;\"> F\u00fcr Einwohner Kaliforniens:<\/span><\/strong><\/p>\n<p>Informationen zu spezifischen Rechten und Offenlegungen gem\u00e4\u00df CCPA finden Sie weiter unten im Abschnitt \u201eHinweis f\u00fcr Einwohner Kaliforniens\u201c.<\/p>\n<p>So k\u00f6nnen Sie Ihre Rechte gem\u00e4\u00df CCPA aus\u00fcben<\/p>\n<p>Einwohner Kaliforniens haben das Recht, Informationen anzufordern, die wir in den letzten 12 Monaten gesammelt, verwendet, offengelegt oder verkauft haben. Um diese Rechte auszu\u00fcben, kontaktieren Sie uns bitte unter <a target=\"_new\">notification@polysmarts.com<\/a> mit einer kurzen Beschreibung Ihres Anliegens. Bitte beachten Sie, dass Sie innerhalb eines Zeitraums von 12 Monaten nur zweimal einen \u00fcberpr\u00fcfbaren Verbraucherantrag stellen k\u00f6nnen.<\/p>\n<p>Weitere Einzelheiten zu Ihren Rechten gem\u00e4\u00df CCPA, einschlie\u00dflich des Rechts, die L\u00f6schung personenbezogener Daten zu verlangen und dem Verkauf personenbezogener Daten zu widersprechen, finden Sie weiter unten im Abschnitt CCPA.<\/p>\n<p><strong><span style=\"font-size: 14pt;\">\u00c4nderungen dieser Richtlinie<\/span><\/strong><\/p>\n<p>Aktualisierungen der Datenschutzrichtlinie werden wirksam, wenn sie auf den Websites von Polysmarts ver\u00f6ffentlicht werden. Wesentliche \u00c4nderungen werden per E-Mail mitgeteilt oder in Ihrem Konto bereitgestellt. Ihre fortgesetzte Nutzung unserer Dienste nach Aktualisierungen gilt als Zustimmung zur aktualisierten Datenschutzrichtlinie von Polysmarts.<\/p>\n<p>F\u00fcr weitere Informationen oder Anfragen zu dieser Richtlinie oder den Datenschutzpraktiken bei Polysmarts kontaktieren Sie uns bitte unter <a target=\"_new\">notification@polysmarts.com<\/a> oder besuchen Sie unsere Kontaktseite.<\/p>\n<p><strong><span style=\"font-size: 14pt;\">Hinweis f\u00fcr Einwohner Kaliforniens (CCPA)<\/span><\/strong><\/p>\n<p>In diesem Abschnitt werden die besonderen Rechte und Offenlegungen gem\u00e4\u00df CCPA f\u00fcr Einwohner Kaliforniens beschrieben:<\/p>\n<ul>\n<li>Von Polysmarts erfasste personenbezogene Daten: Informationen \u00fcber Ihre Interaktionen mit unserer Website, Umfragen, Frageb\u00f6gen und von Dritten zu Marketingzwecken erhaltene Informationen.<\/li>\n<li>So gibt Polysmarts personenbezogene Daten weiter: Weitergabe an externe Dienstleister zu Gesch\u00e4ftszwecken.<\/li>\n<li>Ihre Rechte gem\u00e4\u00df CCPA: Recht auf Information\/Zugriff, L\u00f6schungsantrag, Widerspruch gegen den Verkauf personenbezogener Daten und Recht auf Nichtdiskriminierung.<\/li>\n<li>So \u00fcben Sie Ihre Rechte aus: Kontaktieren Sie uns unter <a target=\"_new\">notification@polysmarts.com<\/a> um \u00fcberpr\u00fcfbare Verbraucheranfragen zu stellen. Die Benennung eines Bevollm\u00e4chtigten ist nach spezifischen Anweisungen m\u00f6glich.<\/li>\n<\/ul>\n<h3 class=\"\" data-css=\"tve-u-5ffed9490ee3f0\"><span style=\"font-size: 14pt;\"><strong>Bundesdatenschutzhinweis<\/strong><\/span><\/h3>\n<table style=\"border-collapse: collapse; width: 100%;\">\n<tbody>\n<tr>\n<td style=\"width: 33.3333%;\"><strong>Gr\u00fcnde, aus denen wir Ihre personenbezogenen Daten weitergeben k\u00f6nnen.<\/strong><\/td>\n<td style=\"width: 33.3333%;\"><strong>Teilen wir?<\/strong><\/td>\n<td style=\"width: 33.3333%;\"><strong>K\u00f6nnen Sie diese Freigabe einschr\u00e4nken?<\/strong><\/td>\n<\/tr>\n<tr>\n<td style=\"width: 33.3333%;\"><span data-css=\"tve-u-176fbdf5e5a\">F\u00fcr unsere allt\u00e4glichen Gesch\u00e4ftszwecke<\/span>\u00a0\u2013 etwa um Ihre Transaktionen abzuwickeln, Ihr(e) Konto(s) zu verwalten, auf Gerichtsbeschl\u00fcsse und rechtliche Ermittlungen zu reagieren oder um Kreditauskunfteien Meldung zu erstatten<\/td>\n<td style=\"width: 33.3333%;\">Ja<\/td>\n<td style=\"width: 33.3333%;\">NEIN<\/td>\n<\/tr>\n<tr>\n<td style=\"width: 33.3333%;\"><span data-css=\"tve-u-176fbe0360a\">F\u00fcr unsere Marketingzwecke<\/span>\u00a0\u2013 um Ihnen unsere Produkte und Dienstleistungen anzubieten<\/td>\n<td style=\"width: 33.3333%;\">Ja<\/td>\n<td style=\"width: 33.3333%;\">NEIN<\/td>\n<\/tr>\n<tr>\n<td style=\"width: 33.3333%;\"><strong>F\u00fcr die gemeinsame Vermarktung mit anderen Unternehmen<\/strong><\/td>\n<td style=\"width: 33.3333%;\">NEIN<\/td>\n<td style=\"width: 33.3333%;\">Wir geben nicht weiter<\/td>\n<\/tr>\n<tr>\n<td style=\"width: 33.3333%;\"><strong>Um die Weitergabe unserer Daten einzuschr\u00e4nken<\/strong><strong><br \/><\/strong><\/td>\n<td style=\"width: 33.3333%;\" colspan=\"2\">Sie k\u00f6nnen die Weitergabe Ihrer Daten durch uns einschr\u00e4nken, indem Sie uns eine E-Mail an <a href=\"mailto:notification@polysmarts.com\" target=\"_new\">notification@polysmarts.com<\/a>. und wir unterst\u00fctzen Sie dabei, die Weitergabe dieser Informationen zu deaktivieren.<\/td>\n<\/tr>\n<tr>\n<td style=\"width: 33.3333%;\">Fragen?<strong><br \/><\/strong><\/td>\n<td style=\"width: 33.3333%;\" colspan=\"2\">Senden Sie uns eine E-Mail an <a href=\"mailto:notification@polysmarts.com\">notification@polysmarts.com.<\/a><\/td>\n<\/tr>\n<\/tbody>\n<\/table>\t\t\t\t\t\t\t\t<\/div>\n\t\t\t\t<\/div>\n\t\t\t\t\t<\/div>\n\t\t\t\t<\/div>\n\t\t\t\t<\/div>","protected":false},"excerpt":{"rendered":"<p>Welcome to Polysmarts. At Polysmarts, we prioritize the privacy of our users and believe in handling personal information with the utmost care and respect. This Privacy Policy applies to Wicklow, Inc, operating as Polysmarts (referred to as &#8220;Polysmarts&#8221;, &#8220;we&#8221;, &#8220;us&#8221;, or &#8220;our&#8221;). We have crafted this Privacy Policy to outline how we collect, use, protect, [&hellip;]<\/p>\n","protected":false},"author":1,"featured_media":0,"parent":0,"menu_order":0,"comment_status":"closed","ping_status":"open","template":"","meta":{"footnotes":""},"class_list":["post-3","page","type-page","status-publish","hentry"],"_links":{"self":[{"href":"https:\/\/polysmarts.com\/de\/wp-json\/wp\/v2\/pages\/3","targetHints":{"allow":["GET"]}}],"collection":[{"href":"https:\/\/polysmarts.com\/de\/wp-json\/wp\/v2\/pages"}],"about":[{"href":"https:\/\/polysmarts.com\/de\/wp-json\/wp\/v2\/types\/page"}],"author":[{"embeddable":true,"href":"https:\/\/polysmarts.com\/de\/wp-json\/wp\/v2\/users\/1"}],"replies":[{"embeddable":true,"href":"https:\/\/polysmarts.com\/de\/wp-json\/wp\/v2\/comments?post=3"}],"version-history":[{"count":6,"href":"https:\/\/polysmarts.com\/de\/wp-json\/wp\/v2\/pages\/3\/revisions"}],"predecessor-version":[{"id":3194,"href":"https:\/\/polysmarts.com\/de\/wp-json\/wp\/v2\/pages\/3\/revisions\/3194"}],"wp:attachment":[{"href":"https:\/\/polysmarts.com\/de\/wp-json\/wp\/v2\/media?parent=3"}],"curies":[{"name":"wp","href":"https:\/\/api.w.org\/{rel}","templated":true}]}}